{"id":949,"date":"2021-01-22T23:36:08","date_gmt":"2021-01-22T21:36:08","guid":{"rendered":"http:\/\/www.pewne.eu\/?post_type=product&#038;p=949"},"modified":"2025-12-15T21:33:59","modified_gmt":"2025-12-15T19:33:59","slug":"michal-krawczyk-nice-cosie-i-duchy-eseje-o-sztuce","status":"publish","type":"product","link":"https:\/\/www.pewne.eu\/index.php\/produkt\/michal-krawczyk-nice-cosie-i-duchy-eseje-o-sztuce\/","title":{"rendered":"Micha\u0142 Krawczyk, Nice, cosie i duchy. Eseje o sztuce"},"content":{"rendered":"<p>Okr\u0119\u017cnym spacerem przez dworce autobusowe, operowe gmachy, przestrzenie wystawiennicze i terytoria wewn\u0119trzne skromna ta ksi\u0105\u017ceczka nie\u015bmia\u0142o snuje refleksje nad wyobra\u017ani\u0105 oraz ochoczo zach\u0119ca do jej gimnastykowania. Eksploruje wi\u0119c wspania\u0142e nice, rozpatruje zastanawiaj\u0105ce cosie i wy\u0142apuje niesfornie ulotne duchy. Zapiski na marginesie s\u0105 tu przeniesione na \u015brodek \u0142amu, nieopierzone rozwa\u017cania wystawione na afisz, z niecodziennych wspomnie\u0144 ulepiono defilad\u0119.<\/p>\n<p>Micha\u0142 Krawczyk \u2013 poeta, eseista. Absolwent Mi\u0119dzywydzia\u0142owych Indywidualnych Studi\u00f3w Humanistycznych na Uniwersytecie Wroc\u0142awskim. Publikowa\u0142 m.in. w \u201eAkcencie\u201d, \u201eTw\u00f3rczo\u015bci\u201d, \u201eOdrze\u201d i \u201eTlenie Literackim\u201d. Finalista 14. Po\u0142owu organizowanego przez Biuro Literackie. Nagradzany w konkursach poetyckich. Mieszka w Jeleniej G\u00f3rze.<\/p>\n<p>Format 135 x 205 mm<br \/>\nObj\u0119to\u015b\u0107: 210 stron<br \/>\nOprawa mi\u0119kka, folia mat<br \/>\nISBN 978-83-63518-41-7<br \/>\n<strong>Cena 28 z\u0142 (bez dodatkowych koszt\u00f3w wysy\u0142ki przy li\u015bcie zwyk\u0142ym!)<\/strong><\/p>\n<p>&nbsp;<\/p>\n<p>Spis tre\u015bci<\/p>\n<p>Od autora 7<\/p>\n<p>PRZE\u015aWITY 9<br \/>\nCzu\u0142e nic 11<br \/>\nCo to s\u0105 opera? 16<br \/>\nRuah, czyli \u015bwiat poznawany nosem 20<br \/>\nCzy sztuka abstrakcyjna mo\u017ce by\u0107 chrze\u015bcija\u0144ska?<br \/>\nCzy sztuka chrze\u015bcija\u0144ska mo\u017ce by\u0107 abstrakcyjna? 28<br \/>\nOpera jako \u0107wiczenie duchowe 36<br \/>\nNie samym s\u0142owem \u017cyje cz\u0142owiek. Walor fizyczno\u015bci w sztuce 47<br \/>\n\u015awiat\u0142o i barwa w operze 51<\/p>\n<p>WYWO\u0141YWANIE DUCH\u00d3W 57<br \/>\nGdyby Dziady by\u0142y oper\u0105 59<br \/>\nKino mimo wszystko. Rzecz o Andrieju Tarkowskim 63<br \/>\nUczy\u0144my sobie Webernalia 74<br \/>\nZa co kocham nie rozumie\u0107 Debussy\u2019ego 85<br \/>\nCo widzia\u0142 Hieronim w Antonim 90<br \/>\nMedytacje orfejskie 99<br \/>\nDworce autobusowe. Zanikaj\u0105cy artefakt 111<br \/>\nNadodrzanka 117<br \/>\nWarlikowski w operze 121<\/p>\n<p>Z NOTATNIKA DYLETANTA 131<br \/>\nNowalijki. Zapiski z podr\u00f3\u017cy w pogoni za muzyk\u0105 now\u0105 133<br \/>\nWidz jako bohater dramatu 147<br \/>\nCzarowanie a\u017c po rozczarowanie 151<br \/>\nWunderkamera, czyli jak zrobi\u0107 wystaw\u0119 o muzyce 156<br \/>\nEin Stein 160<br \/>\nNatura \u015bwiat\u0142a sztucznego 166<br \/>\nDwie\u015bcie procent normy 170<br \/>\nPrzestrze\u0144 od \u015brodka 175<br \/>\nO niczym? Poetyka choreografii Anny Teresy De Keersmaeker 180<br \/>\nPlastyka na miar\u0119 186<br \/>\nZidentyfikowane obiekty ta\u0144cz\u0105ce 190<br \/>\n\u015alad \u015bladu nieobecno\u015bci twojej 194<\/p>\n<p>APPENDIX 201<br \/>\n\u0106wiczenia wyobra\u017ani granicznej (fragment) 203<br \/>\nAevum glaciale 203<br \/>\nDubitatio sterilis 204<br \/>\nInfinitum 204<br \/>\nRes abstracta 205<br \/>\nKenosis 206<br \/>\nAetates 206<br \/>\nEcholocatio 207<br \/>\nFinis 208<\/p>\n<p>Nota bibliograficzna 209<\/p>\n","protected":false},"excerpt":{"rendered":"<p>Zbi\u00f3r esej\u00f3w flaneuryzuj\u0105cych po rozmaitych obszarach kultury<\/p>\n","protected":false},"featured_media":950,"comment_status":"open","ping_status":"closed","template":"","meta":[],"product_cat":[96,192,133,60],"product_tag":[198,196,197,199,44],"_links":{"self":[{"href":"https:\/\/www.pewne.eu\/index.php\/wp-json\/wp\/v2\/product\/949"}],"collection":[{"href":"https:\/\/www.pewne.eu\/index.php\/wp-json\/wp\/v2\/product"}],"about":[{"href":"https:\/\/www.pewne.eu\/index.php\/wp-json\/wp\/v2\/types\/product"}],"replies":[{"embeddable":true,"href":"https:\/\/www.pewne.eu\/index.php\/wp-json\/wp\/v2\/comments?post=949"}],"wp:featuredmedia":[{"embeddable":true,"href":"https:\/\/www.pewne.eu\/index.php\/wp-json\/wp\/v2\/media\/950"}],"wp:attachment":[{"href":"https:\/\/www.pewne.eu\/index.php\/wp-json\/wp\/v2\/media?parent=949"}],"wp:term":[{"taxonomy":"product_cat","embeddable":true,"href":"https:\/\/www.pewne.eu\/index.php\/wp-json\/wp\/v2\/product_cat?post=949"},{"taxonomy":"product_tag","embeddable":true,"href":"https:\/\/www.pewne.eu\/index.php\/wp-json\/wp\/v2\/product_tag?post=949"}],"curies":[{"name":"wp","href":"https:\/\/api.w.org\/{rel}","templated":true}]}}