{"id":753,"date":"2020-11-05T20:06:12","date_gmt":"2020-11-05T18:06:12","guid":{"rendered":"http:\/\/www.pewne.eu\/?post_type=product&#038;p=753"},"modified":"2026-04-10T18:30:35","modified_gmt":"2026-04-10T16:30:35","slug":"jozef-f-fert-zycie-cypriana-norwida-pamiatka-dwusetnej-rocznicy-urodzin-poety","status":"publish","type":"product","link":"https:\/\/www.pewne.eu\/index.php\/produkt\/jozef-f-fert-zycie-cypriana-norwida-pamiatka-dwusetnej-rocznicy-urodzin-poety\/","title":{"rendered":"J\u00f3zef F. Fert, \u017bycie Cypriana Norwida. Pami\u0105tka dwusetnej rocznicy urodzin Poety"},"content":{"rendered":"<p><img decoding=\"async\" loading=\"lazy\" class=\"size-medium wp-image-754 alignleft\" src=\"http:\/\/www.pewne.eu\/wp-content\/uploads\/2020\/11\/Fert_prawa-okladka_Lawenda-197x300.jpg\" alt=\"\" width=\"197\" height=\"300\" \/>W roku 2021 przypada dwusetna rocznica urodzin Cypriana\u00a0Norwida (24 wrze\u015bnia 1821 \u2013 22\/23 maja 1883), jednego\u00a0z\u00a0najpowszechniej w kraju i za granic\u0105 znanych i uznanych pisarzy polskich. Niezwykle wa\u017cna i interesuj\u0105ca jest nie tylko jego wielostronna tw\u00f3rczo\u015b\u0107 (rysunek, grafika, rze\u017aba, poezja, dramat, publicystyka), w kt\u00f3rej raz po raz odkrywamy autentyczne arcydzie\u0142a, ale r\u00f3wnie bogate \u017cycie poety, kt\u00f3remu w pierwszym rz\u0119dzie po\u015bwi\u0119cona jest ta ksi\u0105\u017cka, stanowi\u0105ca szkic biograficzny jego los\u00f3w i zwarty opis wszechstronnego dorobku literackiego i artystycznego.<\/p>\n<p>Opr\u00f3cz zarysu biografii ksi\u0105\u017cka prezentuje g\u0142\u00f3wne motywy tw\u00f3rczo\u015bci, daje rys edytorskich dziej\u00f3w dzie\u0142 poety, informuje o g\u0142\u00f3wnych inicjatywach i dokonaniach norwidologii, podaje podstawow\u0105 bibliografi\u0119 i przynosi antologi\u0119 najwa\u017cniejszych wierszy Norwida.<\/p>\n<p>Autorem opracowania jest J\u00f3zef Franciszek Fert, rodem z Kielecczyzny, studiami i prac\u0105 nauczycielsk\u0105 oraz akademick\u0105 zwi\u0105zany z Lubelszczyzn\u0105 (W\u0142odawa, Lublin), poeta i badacz literatury, specjalizuj\u0105cy si\u0119 w studiach nad wiekiem XIX i XX. Jako wydawca i komentator zagadnie\u0144 literackich zajmuje si\u0119 g\u0142\u00f3wnie \u017cyciem i tw\u00f3rczo\u015bci\u0105 Norwida i\u00a0Czechowicza. Cz\u0142onek redakcji <em>Dzie\u0142 wszystkich<\/em> Cypriana\u00a0Norwida, dla kt\u00f3rych przygotowa\u0142 edycj\u0119 <em>Vade-mecum\u00a0<\/em>i p\u00f3\u017anych wierszy poety.<\/p>\n<p>Ksi\u0105\u017cka <em>\u017bycie Cypriana Norwida<\/em> inauguruje seri\u0119 wydawnicz\u0105 \u201ePewne Norwidiana\u201d pomy\u015blan\u0105 na rok jubileuszowy. W przygotowaniu kolejne atrakcyjne tomy o r\u00f3\u017cnobarwnych ok\u0142adkach.<\/p>\n<p>Zwarte i kompetentne wprowadzenie w biografi\u0119 i problematyk\u0119 tw\u00f3rczo\u015bci Norwida. Trwa\u0142a (szyta) oprawa. Polecana do bibliotek i biblioteczek.<\/p>\n<p>J\u00f3zef F. Fert, <em>\u017bycie Cypriana Norwida. Pami\u0105tka dwusetnej rocznicy urodzin Poety. 1821\u20132021<\/em><\/p>\n<p>Format 125 x 190 mm<br \/>\nObj\u0119to\u015b\u0107: 152 strony<br \/>\nKsi\u0105\u017cka szyta, oprawa mi\u0119kka<br \/>\nISBN 978-83-63518-35-6<\/p>\n<p>&nbsp;<\/p>\n<p>Spis tre\u015bci<\/p>\n<p>Korzenie rodzinne 9<br \/>\n\u201eM\u0142odo\u015bci stolica&#8230;\u201d Warszawa w latach<br \/>\nponapoleo\u0144skich i mi\u0119dzypowstaniowych 18<br \/>\nDolce far niente i \u201eczasy popielcowe\u201d<br \/>\n(podr\u00f3\u017ce artystyczne po Europie 1842-1848) 34<br \/>\nPary\u017c for ever 54<br \/>\n\u017bycie po \u017cyciu, czyli Zmartwychwstanie w s\u0142owie 89<\/p>\n<p>G\u0142\u00f3wne motywy tw\u00f3rczo\u015bci 101<br \/>\nPomoce bibliograficzne 107<br \/>\nSpis ilustracji 110<br \/>\nIndeks nazwisk 112<\/p>\n<p>Wyb\u00f3r wierszy 117<br \/>\nI. Wiersze z lat 1840-1864 119<br \/>\n[Maryjo, Pani Anio\u0142\u00f3w!&#8230;] 119<br \/>\nItaliam! Italiam! 120<br \/>\nModlitwa 121<br \/>\nFraszka (!) 122<br \/>\nPascha 123<br \/>\nBema pami\u0119ci \u017ca\u0142obny-rapsod 123<br \/>\nTrzy strofki 125<br \/>\nMoja piosnka 126<br \/>\n[Co\u015b ty Atenom zrobi\u0142, Sokratesie&#8230;] 127<br \/>\nDuch Adama i skandal 129<br \/>\n[Nim zn\u00f3w uciekn\u0119&#8230;] 130<br \/>\nSpartakus 130<br \/>\nBajka 131<br \/>\nWczora-i-ja 132<\/p>\n<p>II. Wiersze z lat 1865-1883 119<br \/>\nKrzy\u017c i dziecko 133<br \/>\nPrzesz\u0142o\u015b\u0107 134<br \/>\nW Weronie 134<br \/>\nPielgrzym 135<br \/>\nFatum 136<br \/>\nJ\u0119zyk-ojczysty 136<br \/>\nKolebka-pie\u015bni (do sp\u00f3\u0142czesnych ludowych<br \/>\npie\u015bniarzy) 137<br \/>\nNerwy 138<br \/>\nFortepian Szopena 139<br \/>\nDo Bronis\u0142awa Z. 144<\/p>\n","protected":false},"excerpt":{"rendered":"<p>Zarys biografii Cypriana Norwida napisany przez edytora\u00a0<em>Vade-mecum\u00a0<\/em>i cz\u0142onka redakcji krytycznego wydania\u00a0<em>Dzie\u0142 wszystkich<\/em>. Zwarte i kompetentne wprowadzenie w biografi\u0119 i problematyk\u0119 tw\u00f3rczo\u015bci Norwida.\u00a0\u00a0Opr\u00f3cz zarysu biografii ksi\u0105\u017cka prezentuje g\u0142\u00f3wne motywy tw\u00f3rczo\u015bci, daje rys edytorskich dziej\u00f3w dzie\u0142 poety, informuje o g\u0142\u00f3wnych inicjatywach i dokonaniach norwidologii, podaje podstawow\u0105 bibliografi\u0119 i przynosi antologi\u0119 najwa\u017cniejszych wierszy Norwida. Ksi\u0105\u017cka por\u0119czna, trwa\u0142a (szyta), z kolorowymi ilustracjami o wyj\u0105tkowej jako\u015bci, w cz\u0119\u015bci nieznanymi szerzej. Polecana do bibliotek i biblioteczek. Pierwszy tom jubileuszowej serii \u201ePewne Norwidiana\u201d.<\/p>\n","protected":false},"featured_media":755,"comment_status":"open","ping_status":"closed","template":"","meta":[],"product_cat":[96,18,60],"product_tag":[186,72,184,136,182,187,183,185],"_links":{"self":[{"href":"https:\/\/www.pewne.eu\/index.php\/wp-json\/wp\/v2\/product\/753"}],"collection":[{"href":"https:\/\/www.pewne.eu\/index.php\/wp-json\/wp\/v2\/product"}],"about":[{"href":"https:\/\/www.pewne.eu\/index.php\/wp-json\/wp\/v2\/types\/product"}],"replies":[{"embeddable":true,"href":"https:\/\/www.pewne.eu\/index.php\/wp-json\/wp\/v2\/comments?post=753"}],"wp:featuredmedia":[{"embeddable":true,"href":"https:\/\/www.pewne.eu\/index.php\/wp-json\/wp\/v2\/media\/755"}],"wp:attachment":[{"href":"https:\/\/www.pewne.eu\/index.php\/wp-json\/wp\/v2\/media?parent=753"}],"wp:term":[{"taxonomy":"product_cat","embeddable":true,"href":"https:\/\/www.pewne.eu\/index.php\/wp-json\/wp\/v2\/product_cat?post=753"},{"taxonomy":"product_tag","embeddable":true,"href":"https:\/\/www.pewne.eu\/index.php\/wp-json\/wp\/v2\/product_tag?post=753"}],"curies":[{"name":"wp","href":"https:\/\/api.w.org\/{rel}","templated":true}]}}