{"id":734,"date":"2020-10-21T21:59:42","date_gmt":"2020-10-21T19:59:42","guid":{"rendered":"http:\/\/www.pewne.eu\/?post_type=product&#038;p=734"},"modified":"2024-02-11T11:04:51","modified_gmt":"2024-02-11T09:04:51","slug":"maria-braun-galkowska-sprawy-drobne","status":"publish","type":"product","link":"https:\/\/www.pewne.eu\/index.php\/produkt\/maria-braun-galkowska-sprawy-drobne\/","title":{"rendered":"Maria Braun-Ga\u0142kowska, Sprawy drobne"},"content":{"rendered":"<p><img decoding=\"async\" loading=\"lazy\" class=\"size-medium wp-image-735 alignleft\" src=\"http:\/\/www.pewne.eu\/wp-content\/uploads\/2020\/10\/Sprawy-drobneokladka_promocja-211x300.jpg\" alt=\"\" width=\"211\" height=\"300\" srcset=\"https:\/\/www.pewne.eu\/wp-content\/uploads\/2020\/10\/Sprawy-drobneokladka_promocja-211x300.jpg 211w, https:\/\/www.pewne.eu\/wp-content\/uploads\/2020\/10\/Sprawy-drobneokladka_promocja-600x854.jpg 600w, https:\/\/www.pewne.eu\/wp-content\/uploads\/2020\/10\/Sprawy-drobneokladka_promocja-768x1093.jpg 768w, https:\/\/www.pewne.eu\/wp-content\/uploads\/2020\/10\/Sprawy-drobneokladka_promocja-719x1024.jpg 719w, https:\/\/www.pewne.eu\/wp-content\/uploads\/2020\/10\/Sprawy-drobneokladka_promocja.jpg 1701w\" sizes=\"(max-width: 211px) 100vw, 211px\" \/>Trzecie, zmienione wydanie ksi\u0105\u017cki Marii Braun-Ga\u0142kowskiej, profesor psychologii KUL, psychoterapeutki, popularyzatorki wiedzy psychologicznej.<\/p>\n<p>Zbi\u00f3r refleksji o sprawach pozornie drobnych, ale wnosz\u0105cych ogrom sensu i zadowolenia w nasze \u017cycie. Nie tylko duchowe.<\/p>\n<p><strong>Wysy\u0142ka zwyk\u0142ym listem bez dodatkowych op\u0142at<\/strong><\/p>\n<p>&nbsp;<\/p>\n<p>Format: 144 x 205 mm<\/p>\n<p>Obj\u0119to\u015b\u0107: 118 stron<\/p>\n<p>ISBN 978-83-63518-36-3<\/p>\n<p>&nbsp;<\/p>\n<p>Spis tre\u015bci<\/p>\n<p><strong>Przyjazne sprz\u0119ty<\/strong> 7<br \/>\nBiurko 10<br \/>\nSzafa 11<br \/>\nSchowek 13<br \/>\n\u0141\u00f3\u017cko 15<br \/>\nFotel 16<br \/>\nP\u00f3\u0142ka na ksi\u0105\u017cki 18<br \/>\nLustro 19<br \/>\nDrobiazgi 21<\/p>\n<p><strong>Cnoty zapomniane<\/strong> 23<br \/>\nUs\u0142u\u017cno\u015b\u0107 23<br \/>\nDelikatno\u015b\u0107 25<br \/>\nWyrozumia\u0142o\u015b\u0107 27<br \/>\nWstydliwo\u015b\u0107 29<br \/>\n\u0141agodno\u015b\u0107 31<br \/>\nWdzi\u0119czno\u015b\u0107 33<br \/>\nCierpliwo\u015b\u0107 35<br \/>\nWierno\u015b\u0107 36<\/p>\n<p><strong>Uczynki mi\u0142osierdzia co do cia\u0142a i co do duszy<\/strong> 39<br \/>\nG\u0142odnych nakarmi\u0107 40<br \/>\nSpragnionych napoi\u0107 41<br \/>\nNagich przyodzia\u0107 43<br \/>\nChorych nawiedza\u0107 45<br \/>\nPodr\u00f3\u017cnych w dom przyj\u0105\u0107 47<br \/>\nWi\u0119\u017ani\u00f3w nawiedza\u0107 49<br \/>\nUmar\u0142ych grzeba\u0107 51<br \/>\nB\u0142\u0105dz\u0105cych napomina\u0107 53<br \/>\nW\u0105tpi\u0105cym dobrze radzi\u0107 55<br \/>\nStrapionych pociesza\u0107 57<br \/>\nNieumiej\u0119tnych poucza\u0107 59<br \/>\nUci\u0105\u017cliwych cierpliwie znosi\u0107 61<br \/>\nUrazy ch\u0119tnie darowa\u0107 63<br \/>\nModli\u0107 si\u0119 za \u017cywych i umar\u0142ych 65<\/p>\n<p><strong>Zauwa\u017canie szczeg\u00f3\u0142\u00f3w<\/strong> 69<br \/>\nBy\u0107 dyskretnym 70<br \/>\nU\u0142atwia\u0107 innym \u017cycie 71<br \/>\nSzanowa\u0107 przepisy 72<br \/>\nBy\u0107 us\u0142u\u017cnym 74<br \/>\n\u0141agodzi\u0107 l\u0119k 75<br \/>\nPami\u0119ta\u0107 o potrzebach innych 76<br \/>\nDa\u0107 odpocz\u0105\u0107 77<br \/>\nNie robi\u0107 przykro\u015bci 79<br \/>\nZauwa\u017ca\u0107 cudze k\u0142opoty 80<br \/>\nNie marnowa\u0107 jedzenia 81<br \/>\nCzasem porozmawia\u0107 83<br \/>\nCieszy\u0107 si\u0119 rado\u015bci\u0105 innych 84<br \/>\nBy\u0107 troskliwym 85<\/p>\n<p><strong>B\u0142ogos\u0142awie\u0144stwa<\/strong> 87<br \/>\nB\u0142ogos\u0142awieni cisi, albowiem oni posi\u0105d\u0105 ziemi\u0119 87<br \/>\nB\u0142ogos\u0142awieni kt\u00f3rzy si\u0119 smuc\u0105, albowiem oni b\u0119d\u0105<br \/>\npocieszeni 89<br \/>\nB\u0142ogos\u0142awieni ubodzy duchem, albowiem ich jest<br \/>\nkr\u00f3lestwo niebieskie 91<br \/>\nB\u0142ogos\u0142awieni, kt\u00f3rzy \u0142akn\u0105 i pragn\u0105 sprawiedliwo\u015bci,<br \/>\nalbowiem oni b\u0119d\u0105 nasyceni 93<br \/>\nB\u0142ogos\u0142awieni mi\u0142osierni, albowiem oni mi\u0142osierdzia<br \/>\ndost\u0105pi\u0105 94<br \/>\nB\u0142ogos\u0142awieni czystego serca, albowiem oni Boga<br \/>\nogl\u0105da\u0107 b\u0119d\u0105 96<\/p>\n<p><strong>Otwarte drzwi<\/strong> 99<br \/>\nSymbolika drzwi 100<br \/>\nPrzebaczenie 102<br \/>\nWsp\u00f3\u0142czucie 107<br \/>\nNadzieja 110<\/p>\n","protected":false},"excerpt":{"rendered":"<p>Trzecie wydanie znanej ksi\u0105\u017cki Marii Braun-Ga\u0142kowskiej, profesor psychologii KUL, psychoterapeutki, popularyzatorki wiedzy psychologicznej.\u00a0Zbi\u00f3r refleksji o sprawach pozornie drobnych, ale wnosz\u0105cych ogrom sensu i zadowolenia w nasze \u017cycie. Nie tylko duchowe.<\/p>\n","protected":false},"featured_media":736,"comment_status":"open","ping_status":"closed","template":"","meta":[],"product_cat":[96,133,60],"product_tag":[176,44,177],"_links":{"self":[{"href":"https:\/\/www.pewne.eu\/index.php\/wp-json\/wp\/v2\/product\/734"}],"collection":[{"href":"https:\/\/www.pewne.eu\/index.php\/wp-json\/wp\/v2\/product"}],"about":[{"href":"https:\/\/www.pewne.eu\/index.php\/wp-json\/wp\/v2\/types\/product"}],"replies":[{"embeddable":true,"href":"https:\/\/www.pewne.eu\/index.php\/wp-json\/wp\/v2\/comments?post=734"}],"wp:featuredmedia":[{"embeddable":true,"href":"https:\/\/www.pewne.eu\/index.php\/wp-json\/wp\/v2\/media\/736"}],"wp:attachment":[{"href":"https:\/\/www.pewne.eu\/index.php\/wp-json\/wp\/v2\/media?parent=734"}],"wp:term":[{"taxonomy":"product_cat","embeddable":true,"href":"https:\/\/www.pewne.eu\/index.php\/wp-json\/wp\/v2\/product_cat?post=734"},{"taxonomy":"product_tag","embeddable":true,"href":"https:\/\/www.pewne.eu\/index.php\/wp-json\/wp\/v2\/product_tag?post=734"}],"curies":[{"name":"wp","href":"https:\/\/api.w.org\/{rel}","templated":true}]}}