{"id":707,"date":"2020-07-04T19:28:19","date_gmt":"2020-07-04T17:28:19","guid":{"rendered":"http:\/\/www.pewne.eu\/?post_type=product&#038;p=707"},"modified":"2024-02-11T11:04:52","modified_gmt":"2024-02-11T09:04:52","slug":"malgorzata-i-wojciech-chrobak-alfabet-roslin-wierszyki-dla-dzieci","status":"publish","type":"product","link":"https:\/\/www.pewne.eu\/index.php\/produkt\/malgorzata-i-wojciech-chrobak-alfabet-roslin-wierszyki-dla-dzieci\/","title":{"rendered":"Ma\u0142gorzata i Wojciech Chrobak, Alfabet ro\u015blin. Wierszyki dla dzieci"},"content":{"rendered":"<p>Kolejny, po &#8222;Alfabecie zwierz\u0105t&#8221;, autorski tom Ma\u0142gorzaty i Wojciecha Chrobak\u00f3w, powsta\u0142y dzi\u0119ki ich dzieciom ( i z ich pomoc\u0105 :). 28 &#8222;ro\u015blinnych&#8221; i pe\u0142nych pogody wierszy pani Ma\u0142gorzaty na wszystkie litery alfabetu, ilustrowanych charakterystyczn\u0105 plam\u0105 i kresk\u0105 pana Wojciecha. To nazywa si\u0119 tandem!<br \/>\nDo wsp\u00f3lnego czytania i kolorowania z dzie\u0107mi.<\/p>\n<p>Z niewielkiego, przeznaczonego do prywatnej dystrybucji nak\u0142adu uda\u0142o si\u0119 pozyska\u0107 kilkana\u015bcie sztuk.<\/p>\n<p>Szorstki, niefoliowany karton ok\u0142adki o oliwkowej barwie dodatkowo przybli\u017ca\u0107 ma do otaczaj\u0105cej nas flory.<\/p>\n<p>Oprawa szyta i klejona.<\/p>\n<p>Do ka\u017cdej ksi\u0105\u017cki do\u0142\u0105czona jest zak\u0142adka.<\/p>\n<p>Wysy\u0142ka zwyk\u0142ym listem bez dodatkowych op\u0142at<\/p>\n<p>&nbsp;<\/p>\n<p>Format: 172 x 240 mm<\/p>\n<p>Obj\u0119to\u015b\u0107: 36 stron<\/p>\n<p>ISBN 978-83-63518-31-8<\/p>\n","protected":false},"excerpt":{"rendered":"<p>Ilustrowane i pogodne wiersze o ro\u015blinach tandemu Ma\u0142gorzaty i Wojciecha Chrobak\u00f3w<\/p>\n","protected":false},"featured_media":708,"comment_status":"open","ping_status":"closed","template":"","meta":[],"product_cat":[20],"product_tag":[166,167,169,168],"_links":{"self":[{"href":"https:\/\/www.pewne.eu\/index.php\/wp-json\/wp\/v2\/product\/707"}],"collection":[{"href":"https:\/\/www.pewne.eu\/index.php\/wp-json\/wp\/v2\/product"}],"about":[{"href":"https:\/\/www.pewne.eu\/index.php\/wp-json\/wp\/v2\/types\/product"}],"replies":[{"embeddable":true,"href":"https:\/\/www.pewne.eu\/index.php\/wp-json\/wp\/v2\/comments?post=707"}],"wp:featuredmedia":[{"embeddable":true,"href":"https:\/\/www.pewne.eu\/index.php\/wp-json\/wp\/v2\/media\/708"}],"wp:attachment":[{"href":"https:\/\/www.pewne.eu\/index.php\/wp-json\/wp\/v2\/media?parent=707"}],"wp:term":[{"taxonomy":"product_cat","embeddable":true,"href":"https:\/\/www.pewne.eu\/index.php\/wp-json\/wp\/v2\/product_cat?post=707"},{"taxonomy":"product_tag","embeddable":true,"href":"https:\/\/www.pewne.eu\/index.php\/wp-json\/wp\/v2\/product_tag?post=707"}],"curies":[{"name":"wp","href":"https:\/\/api.w.org\/{rel}","templated":true}]}}