{"id":672,"date":"2020-02-21T01:24:58","date_gmt":"2020-02-20T23:24:58","guid":{"rendered":"http:\/\/www.pewne.eu\/?post_type=product&#038;p=672"},"modified":"2026-01-01T18:24:12","modified_gmt":"2026-01-01T16:24:12","slug":"piotr-groblinski-wanna-na-wydaniu","status":"publish","type":"product","link":"https:\/\/www.pewne.eu\/index.php\/produkt\/piotr-groblinski-wanna-na-wydaniu\/","title":{"rendered":"Piotr Grobli\u0144ski, Wanna na wydaniu"},"content":{"rendered":"<p><img decoding=\"async\" loading=\"lazy\" class=\"alignleft wp-image-673\" src=\"http:\/\/www.pewne.eu\/wp-content\/uploads\/2020\/02\/Wanna-na-wydaniu-okladka_promo-771x1024.jpg\" alt=\"\" width=\"380\" height=\"492\" \/>\u015awiat, jaki jest, ka\u017cdy widzi. Ale nie ka\u017cdy potrafi go opisa\u0107. Z wdzi\u0119kiem, ironi\u0105, humorem, nostalgi\u0105 i ziarnem goryczy.<\/p>\n<p><span style=\"line-height: 1.5;\">Ksi\u0105\u017cka &#8222;Wanna na wydaniu&#8221; to zbi\u00f3r 78 felieton\u00f3w (cho\u0107 czytelnik znajdzie te\u017c w niej jeden wiersz), podzielonych na 11 cz\u0119\u015bci &#8211; w ka\u017cdej jest 7 tekst\u00f3w + jeden dodatkowy tekst w roli epilogu. Tytu\u0142y tych 11 cz\u0119\u015bci okre\u015blaj\u0105 dominuj\u0105ce w danym rozdziale motywy tematyczne.<\/span><\/p>\n<p>I tak mamy kolejno:<br \/>\nRzeczy i ludzie,\u00a0S\u0142owa,\u00a0\u017barty,\u00a0Smaki,\u00a0Stadiony i bie\u017cnie,\u00a0Przelewy,\u00a0Spory,\u00a0Zwierz\u0119ta i ro\u015bliny,\u00a0Przekonania,\u00a0Przemiany,\u00a0\u015awi\u0119ta,\u00a0Epilog<\/p>\n<p>W sumie 224 strony.<\/p>\n<p>Piotr Grobli\u0144ski, poeta, redaktor serii poetyckiej Kwadratura, publicysta. Wyda\u0142 sze\u015b\u0107 tom\u00f3w wierszy (ostatnio <em>Inne sprawy dla reportera<\/em> i <em>Karm\u0119 dla ps\u00f3w<\/em>), a tak\u017ce zbi\u00f3r felieton\u00f3w <em>Depilacja okolic serca<\/em>. Publikuje felietony na stronie SNG Kultura.<\/p>\n<p>&nbsp;<\/p>\n<p>&nbsp;<\/p>\n<p>&nbsp;<\/p>\n<p>&nbsp;<\/p>\n<p>Autor: Piotr Grobli\u0144ski<\/p>\n<p>Projekt ok\u0142adki i ilustracje: Pawe\u0142 Kwiatkowski<\/p>\n<p>\u0141amanie: Adam Cedro<\/p>\n<p>Format: 165 x 220 mm<\/p>\n<p>Obj\u0119to\u015b\u0107: 224 stron<\/p>\n<p>Oprawa mi\u0119kka, klejona, ok\u0142adka foliowana mat<\/p>\n<p>ISBN 978-83-63518-29-5<\/p>\n<p>&nbsp;<\/p>\n","protected":false},"excerpt":{"rendered":"<p>\u015awiat, jaki jest, ka\u017cdy widzi. Ale nie ka\u017cdy potrafi go opisa\u0107. Z wdzi\u0119kiem, ironi\u0105, humorem, nostalgi\u0105 i ziarnem goryczy. Zbi\u00f3r 78 felieton\u00f3w Piotra Grobli\u0144skiego podzielony jest na 11 cz\u0119\u015bci &#8211; w ka\u017cdej jest 7 tekst\u00f3w + jeden dodatkowy tekst w roli epilogu. Tytu\u0142y tych 11 cz\u0119\u015bci okre\u015blaj\u0105 dominuj\u0105ce w danym rozdziale motywy tematyczne.\u00a0I tak mamy kolejno:\u00a0Rzeczy i ludzie,\u00a0S\u0142owa,\u00a0\u017barty,\u00a0Smaki,\u00a0Stadiony i bie\u017cnie,\u00a0Przelewy,\u00a0Spory,\u00a0Zwierz\u0119ta i ro\u015bliny,\u00a0Przekonania,\u00a0Przemiany,\u00a0\u015awi\u0119ta,\u00a0Epilog.\u00a0224 strony lektury powa\u017cnej, cho\u0107 nasyconej humorem i ironi\u0105.<\/p>\n<p>Piotr Grobli\u0144ski, to poeta, redaktor serii poetyckiej Kwadratura, publicysta. Wyda\u0142 sze\u015b\u0107 tom\u00f3w wierszy (ostatnio <em>Inne sprawy dla reportera<\/em> i <em>Karm\u0119 dla ps\u00f3w<\/em>), a tak\u017ce zbi\u00f3r felieton\u00f3w <em>Depilacja okolic serca<\/em>. Publikuje felietony<br \/>\nna stronie SNG Kultura.<\/p>\n","protected":false},"featured_media":674,"comment_status":"open","ping_status":"closed","template":"","meta":[],"product_cat":[96,133,134,16],"product_tag":[162,44,161,163,160],"_links":{"self":[{"href":"https:\/\/www.pewne.eu\/index.php\/wp-json\/wp\/v2\/product\/672"}],"collection":[{"href":"https:\/\/www.pewne.eu\/index.php\/wp-json\/wp\/v2\/product"}],"about":[{"href":"https:\/\/www.pewne.eu\/index.php\/wp-json\/wp\/v2\/types\/product"}],"replies":[{"embeddable":true,"href":"https:\/\/www.pewne.eu\/index.php\/wp-json\/wp\/v2\/comments?post=672"}],"wp:featuredmedia":[{"embeddable":true,"href":"https:\/\/www.pewne.eu\/index.php\/wp-json\/wp\/v2\/media\/674"}],"wp:attachment":[{"href":"https:\/\/www.pewne.eu\/index.php\/wp-json\/wp\/v2\/media?parent=672"}],"wp:term":[{"taxonomy":"product_cat","embeddable":true,"href":"https:\/\/www.pewne.eu\/index.php\/wp-json\/wp\/v2\/product_cat?post=672"},{"taxonomy":"product_tag","embeddable":true,"href":"https:\/\/www.pewne.eu\/index.php\/wp-json\/wp\/v2\/product_tag?post=672"}],"curies":[{"name":"wp","href":"https:\/\/api.w.org\/{rel}","templated":true}]}}