{"id":637,"date":"2019-12-06T01:20:01","date_gmt":"2019-12-05T23:20:01","guid":{"rendered":"http:\/\/www.pewne.eu\/?post_type=product&#038;p=637"},"modified":"2026-03-07T18:56:49","modified_gmt":"2026-03-07T16:56:49","slug":"krzysztof-pulawski-mikolajek-w-szkole-dobrej-zmiany-dla-doroslych","status":"publish","type":"product","link":"https:\/\/www.pewne.eu\/index.php\/produkt\/krzysztof-pulawski-mikolajek-w-szkole-dobrej-zmiany-dla-doroslych\/","title":{"rendered":"Krzysztof Pu\u0142awski, Miko\u0142ajek w szkole Dobrej Zmiany (dla doros\u0142ych)"},"content":{"rendered":"<p><img decoding=\"async\" loading=\"lazy\" class=\"alignleft size-full wp-image-639\" src=\"http:\/\/www.pewne.eu\/wp-content\/uploads\/2019\/12\/Ok\u0142adka_Miko\u0142ajek_72dpi.jpg\" alt=\"\" width=\"420\" height=\"581\" srcset=\"https:\/\/www.pewne.eu\/wp-content\/uploads\/2019\/12\/Ok\u0142adka_Miko\u0142ajek_72dpi.jpg 420w, https:\/\/www.pewne.eu\/wp-content\/uploads\/2019\/12\/Ok\u0142adka_Miko\u0142ajek_72dpi-217x300.jpg 217w\" sizes=\"(max-width: 420px) 100vw, 420px\" \/>GDYBY KTO\u015a\u2026<\/p>\n<p>Wyobra\u017ania jest pot\u0119\u017cn\u0105 si\u0142\u0105. A groteska to taka forma jej tw\u00f3rczego wykorzystania, kt\u00f3ra potrafi zupe\u0142nie przedefiniowa\u0107 nasze rozumienie rzeczywisto\u015bci. Francuski Miko\u0142ajek zapewne kojarzy\u0142 kom\u00f3rk\u0119 z miejscem, gdzie przechowuje si\u0119 w\u0119giel. Dla tego z PRL-u<br \/>\nto rodzina by\u0142a kom\u00f3rk\u0105 (podstawow\u0105 i spo\u0142eczn\u0105). A dzisiaj? Kto m\u00f3g\u0142 przypuszcza\u0107, \u017ce dla wsp\u00f3\u0142czesnych Miko\u0142ajk\u00f3w kom\u00f3rka stanie si\u0119 niemal ca\u0142ym \u015bwiatem?<\/p>\n<p>Wi\u0119c GDYBY KTO\u015a zastanawia\u0142 si\u0119, jak mo\u017ce wygl\u0105da\u0107 wsp\u00f3\u0142czesny polski Miko\u0142ajek, jakich ma koleg\u00f3w, do jakiej chodzi szko\u0142y, z jakimi problemami si\u0119 boryka i czy w ko\u0144cu nie padnie przywalony ci\u0119\u017carem tych wszystkich Dobrych Zmian \u2013 powinien koniecznie zajrze\u0107 do tej ksi\u0105\u017cki.<\/p>\n<p>GDYBY KTO\u015a chcia\u0142 odwiedzi\u0107 kraj, w kt\u00f3rym rolnicy siej\u0105 zgorszenie, ogrodnicy przesadzaj\u0105, matematycy \u0142atwo mog\u0105 si\u0119 przeliczy\u0107, kierowcy s\u0105 zupe\u0142nie sko\u0142owani, hydraulicy wszystko olewaj\u0105, a najlepiej mo\u017cna si\u0119 rozerwa\u0107 na pikniku militarnym \u2013 zapraszam do szko\u0142y Dobrej Zmiany! Poprowadz\u0105 nas r\u0119ka w r\u0119k\u0119 wyobra\u017ania i groteska, kt\u00f3re wcale nie s\u0105 tak bardzo dalekie od rzeczywisto\u015bci\u2026<\/p>\n<p style=\"text-align: right;\">Autor<\/p>\n<p>Autor: Krzysztof Pu\u0142awski<\/p>\n<p>Autor ilustracji: Marta Bobko<\/p>\n<p>\u0141amanie: Adam Cedro<\/p>\n<p>Format: 148&#215;205 mm<\/p>\n<p>Obj\u0119to\u015b\u0107: 108 stron<\/p>\n<p>Oprawa mi\u0119kka, klejona, ok\u0142adka foliowana<\/p>\n<p>ISBN 978-83-63518-22-6<\/p>\n<p>Cena 25 z\u0142 (bez koszt\u00f3w przesy\u0142ki listem zwyk\u0142ym)<\/p>\n<p>&nbsp;<\/p>\n<p>&nbsp;<\/p>\n","protected":false},"excerpt":{"rendered":"<p>Zabawno-gorzkie opowiastki przesycone naszym kolorytem i wsp\u00f3\u0142czesno\u015bci\u0105. Humor, groteska, literacka gra z pierwowzorem. \u015awiadectwo niepokoj\u00f3w, kt\u00f3re przynosi nam czas i polityka, udatna ado-ptacja, kt\u00f3ra ka\u017ce pyta\u0107, z kogo si\u0119 \u015bmiejemy.<\/p>\n","protected":false},"featured_media":638,"comment_status":"open","ping_status":"closed","template":"","meta":[],"product_cat":[133,134,16],"product_tag":[159,157,158,44],"_links":{"self":[{"href":"https:\/\/www.pewne.eu\/index.php\/wp-json\/wp\/v2\/product\/637"}],"collection":[{"href":"https:\/\/www.pewne.eu\/index.php\/wp-json\/wp\/v2\/product"}],"about":[{"href":"https:\/\/www.pewne.eu\/index.php\/wp-json\/wp\/v2\/types\/product"}],"replies":[{"embeddable":true,"href":"https:\/\/www.pewne.eu\/index.php\/wp-json\/wp\/v2\/comments?post=637"}],"wp:featuredmedia":[{"embeddable":true,"href":"https:\/\/www.pewne.eu\/index.php\/wp-json\/wp\/v2\/media\/638"}],"wp:attachment":[{"href":"https:\/\/www.pewne.eu\/index.php\/wp-json\/wp\/v2\/media?parent=637"}],"wp:term":[{"taxonomy":"product_cat","embeddable":true,"href":"https:\/\/www.pewne.eu\/index.php\/wp-json\/wp\/v2\/product_cat?post=637"},{"taxonomy":"product_tag","embeddable":true,"href":"https:\/\/www.pewne.eu\/index.php\/wp-json\/wp\/v2\/product_tag?post=637"}],"curies":[{"name":"wp","href":"https:\/\/api.w.org\/{rel}","templated":true}]}}