{"id":563,"date":"2019-05-27T21:20:10","date_gmt":"2019-05-27T19:20:10","guid":{"rendered":"http:\/\/www.pewne.eu\/?post_type=product&#038;p=563"},"modified":"2026-01-11T17:48:19","modified_gmt":"2026-01-11T15:48:19","slug":"magda-brzezinska-pilnowalismy-szczegolow","status":"publish","type":"product","link":"https:\/\/www.pewne.eu\/index.php\/produkt\/magda-brzezinska-pilnowalismy-szczegolow\/","title":{"rendered":"Magda Brzezi\u0144ska, Pilnowali\u015bmy szczeg\u00f3\u0142\u00f3w"},"content":{"rendered":"<p>Debiutancki tom wierszy Magdy Brzezi\u0144skiej zachwyci\u0142 mnie przyciszonym do szeptu g\u0142osem i czu\u0142o\u015bci\u0105 dla drobiazg\u00f3w. W tych wierszach jest cicha, nienarzucaj\u0105ca si\u0119 m\u0105dro\u015b\u0107 drobnych rzeczy i najprostszych uczu\u0107. Tak naprawd\u0119 \u2013 m\u00f3wi nam autorka \u2013 \u201epilnuj\u0105c szczeg\u00f3\u0142\u00f3w\u201d, stwarzamy nie tylko sw\u00f3j \u015bwiat, ale sprawiamy, w codziennej, pozornie nieistotnej krz\u0105taninie, \u017ce \u015bwiat w og\u00f3le istnieje. I cho\u0107 jest w tej poezji tak\u017ce wiele zw\u0105tpienia w sens tych wysi\u0142k\u00f3w, to przecie\u017c takie jest w\u0142a\u015bnie istnienie.<br \/>\n<strong>Anna Piwkowska<\/strong><\/p>\n<p>Poezja Magdy Brzezi\u0144skiej to poezja komunikatywna i komunikuj\u0105ca w\u00a0dobrym tego s\u0142owa znaczeniu. Zaryzykowa\u0142bym wr\u0119cz Larkinowskie korzenie \u2013\u00a0nawa\u0142 codzienno\u015bci, z kt\u00f3rego udaje si\u0119 ocali\u0107 co\u015b, o czym warto pami\u0119ta\u0107. \u201ePami\u0119\u0107 jakiej\u015b pod\u0142o\u015bci czy dobroci\u201d roztapia si\u0119 w codziennej krz\u0105taninie i zwyczajnej mi\u0142o\u015bci. Bez egzaltacji i dyskretnie \u2013 takie s\u0105 wiersze Magdy Brzezi\u0144skiej.<br \/>\n<strong>Ignacy Karpowicz<\/strong><\/p>\n<p><strong>Magda Brzezi\u0144ska jest dziennikark\u0105 i redaktork\u0105 w magazynie \u201eCharaktery\u201d. Absolwentka filologii polskiej KUL, finalistka Nagrody im. Barbary \u0141opie\u0144skiej za najlepszy wywiad prasowy. Debiutowa\u0142a na \u0142amach kwartalnika \u201eWi\u0119\u017a\u201d. Mieszka w Kielcach.<\/strong><\/p>\n<p><strong>Autor: Magda Brzezi\u0144ska<\/strong><\/p>\n<p><strong>Tytu\u0142: <i>Pilnowali\u015bmy szczeg\u00f3\u0142\u00f3w<\/i><\/strong><\/p>\n<p>Zdj\u0119cia:\u00a0Tomasz Brzezi\u0144ski<\/p>\n<p><strong>Format: 164 x 200 mm<\/strong><\/p>\n<p><strong>Obj\u0119to\u015b\u0107: 48 stron<\/strong><\/p>\n<p><strong>Oprawa: twarda<\/strong><\/p>\n<p><strong>ISBN: 978-83-63518-28-8<\/strong><\/p>\n<p><strong>Pewne Wydawnictwo, Kielce 2019<\/strong><\/p>\n","protected":false},"excerpt":{"rendered":"<p>Debiutancki tom wierszy Magdy Brzezi\u0144skiej zachwyci\u0142 mnie przyciszonym do szeptu g\u0142osem i czu\u0142o\u015bci\u0105 dla drobiazg\u00f3w. W tych wierszach jest cicha, nienarzucaj\u0105ca si\u0119 m\u0105dro\u015b\u0107 drobnych rzeczy i najprostszych uczu\u0107. Tak naprawd\u0119 \u2013 m\u00f3wi nam autorka \u2013 \u201epilnuj\u0105c szczeg\u00f3\u0142\u00f3w\u201d, stwarzamy nie tylko sw\u00f3j \u015bwiat, ale sprawiamy, w codziennej, pozornie nieistotnej krz\u0105taninie, \u017ce \u015bwiat w og\u00f3le istnieje. I [&hellip;]<\/p>\n","protected":false},"featured_media":564,"comment_status":"open","ping_status":"closed","template":"","meta":[],"product_cat":[16,20],"product_tag":[148,149,151,150],"_links":{"self":[{"href":"https:\/\/www.pewne.eu\/index.php\/wp-json\/wp\/v2\/product\/563"}],"collection":[{"href":"https:\/\/www.pewne.eu\/index.php\/wp-json\/wp\/v2\/product"}],"about":[{"href":"https:\/\/www.pewne.eu\/index.php\/wp-json\/wp\/v2\/types\/product"}],"replies":[{"embeddable":true,"href":"https:\/\/www.pewne.eu\/index.php\/wp-json\/wp\/v2\/comments?post=563"}],"wp:featuredmedia":[{"embeddable":true,"href":"https:\/\/www.pewne.eu\/index.php\/wp-json\/wp\/v2\/media\/564"}],"wp:attachment":[{"href":"https:\/\/www.pewne.eu\/index.php\/wp-json\/wp\/v2\/media?parent=563"}],"wp:term":[{"taxonomy":"product_cat","embeddable":true,"href":"https:\/\/www.pewne.eu\/index.php\/wp-json\/wp\/v2\/product_cat?post=563"},{"taxonomy":"product_tag","embeddable":true,"href":"https:\/\/www.pewne.eu\/index.php\/wp-json\/wp\/v2\/product_tag?post=563"}],"curies":[{"name":"wp","href":"https:\/\/api.w.org\/{rel}","templated":true}]}}