{"id":517,"date":"2019-04-05T19:57:47","date_gmt":"2019-04-05T17:57:47","guid":{"rendered":"http:\/\/www.pewne.eu\/?post_type=product&#038;p=517"},"modified":"2026-01-01T18:22:18","modified_gmt":"2026-01-01T16:22:18","slug":"ewa-rozycka-regula-klajna","status":"publish","type":"product","link":"https:\/\/www.pewne.eu\/index.php\/produkt\/ewa-rozycka-regula-klajna\/","title":{"rendered":"Ewa R\u00f3\u017cycka, Regu\u0142a Klajna"},"content":{"rendered":"<p>Pierwsza powie\u015b\u0107 autorki\u00a0<em>Ba\u0142utek<\/em>. Opowie\u015b\u0107\u00a0o mi\u0142o\u015bci, czasie.<br \/>\nO spotkaniach i rozstaniach. O prawdzie i k\u0142amstwie.\u00a0O poszukiwaniach i rozczarowaniach. <span class=\"text_exposed_show\">O spl\u0105tanych losach, przekazach, religiach.<br \/>\nI o tym, co nieoczywiste, a czasem decyduj\u0105ce i najwa\u017cniejsze.<br \/>\n<\/span><\/p>\n<p>Marcin Andrzejewski, oceniaj\u0105c ksi\u0105\u017ck\u0119 6 gwiazdkami, pisze w pierwszej recenzji:<br \/>\n\u201eBardzo nietypowa, oryginalna minipowie\u015b\u0107. Ci\u0119\u017cko nawet zakwalifikowa\u0107 j\u0105 gatunkowo. Mo\u017cna by nazwa\u0107 j\u0105\u00a0 psychologiczno-obyczajow\u0105 z elementem fantasy, ale owa fantastyczno\u015b\u0107 jest w\u0142a\u015bciwie \u017cydowsk\u0105 ezoteryk\u0105, strukturalnie powi\u0105zan\u0105 z wydarzeniami. I to zupe\u0142nie nie tak\u0105, jakiej mo\u017cna by si\u0119 spodziewa\u0107, zupe\u0142nie \u201enie-chagalowsk\u0105\u201d z ducha. Nie s\u0142odko-poetyczn\u0105. Raczej gorzk\u0105, mroczn\u0105. W gruncie rzeczy to tak\u017ce moralitet.\u201d<\/p>\n<p>Ca\u0142o\u015b\u0107 tu:\u00a0<a href=\"http:\/\/sngkultura.pl\/2019\/03\/indeks-ksiag-przeczytanych-9\/?fbclid=IwAR2a8gbc-UxdbliTnbxYc549HZSVThUaiivp0SJxJBClLfQMz_XxssiDO6U\">http:\/\/sngkultura.pl\/2019\/03\/indeks-ksiag-przeczytanych-9\/?fbclid=IwAR2a8gbc-UxdbliTnbxYc549HZSVThUaiivp0SJxJBClLfQMz_XxssiDO6U<\/a><\/p>\n<p>&nbsp;<\/p>\n<p><span class=\"text_exposed_show\">Autorem grafiki na ok\u0142adce jest <a class=\"profileLink\" href=\"https:\/\/www.facebook.com\/pjwasowicz?__tn__=K-R&amp;eid=ARDVW91pjELDuVPHeg1DfQYEr3vUdeHI1teC0KeBsKyb2Pv--wC8up_fKmdkAWt3asSdpaj8lAl_ZKRO&amp;fref=mentions&amp;__xts__%5B0%5D=68.ARAHFSHzn3jUVILc5wXDHhtscu_0uS3SWsxwQOhgJOWKeAsq9rf127nl2seH76w6e4XQSAGKBl8DWsFLxqNPnx7oDp1UI_62j03U5zFT0mbtGKgIdm1Ztm_WzOEZfkCY5LYI4MmEALNYro05PnEiac_Nu9PCYUFPzZxIRZ2c4CjZCwZMZplE7ItKFuXd3hO46-PmLcFktfkGwZBuBLlvyKxfiQGE5iiGN8TPyJwK2qStM_xiyrsJzh7jPNZNqPdw9AtLk0qsBjZzBOCleaIVIfx84sVcD1QFXz9gvLqNDUmtM80iRJyo_jVxG-1U9R3aTIUqQ7LiiEiP2Wb8BAy71yExsw\" data-hovercard=\"\/ajax\/hovercard\/user.php?id=100004730136150&amp;extragetparams=%7B%22__tn__%22%3A%22%2CdK-R-R%22%2C%22eid%22%3A%22ARDVW91pjELDuVPHeg1DfQYEr3vUdeHI1teC0KeBsKyb2Pv--wC8up_fKmdkAWt3asSdpaj8lAl_ZKRO%22%2C%22fref%22%3A%22mentions%22%7D\" data-hovercard-prefer-more-content-show=\"1\">Pawe\u0142 W\u0105sowicz<\/a>.\u00a0<\/span><\/p>\n<p>Format: 135 x 205 mm<\/p>\n<p>Obj\u0119to\u015b\u0107: 198 stron<\/p>\n<p>ISBN:978-83-63518-26-4<\/p>\n<p>Kielce 2019<\/p>\n<p>Cena: 32, 90<\/p>\n<p><strong>Wysy\u0142ka listem niepoleconym bez dodatkowej op\u0142aty.<\/strong><\/p>\n","protected":false},"excerpt":{"rendered":"<p>Pierwsza powie\u015b\u0107 autorki\u00a0<em>Ba\u0142utek<\/em>. Ludzkie losy, rodzinne przekazy, zdrada mi\u0142o\u015b\u0107 i B\u00f3g. Zaskoczenie, drugi wymiar, liryzm i gorycz.<\/p>\n","protected":false},"featured_media":518,"comment_status":"open","ping_status":"closed","template":"","meta":[],"product_cat":[133,134,16],"product_tag":[42,145,144],"_links":{"self":[{"href":"https:\/\/www.pewne.eu\/index.php\/wp-json\/wp\/v2\/product\/517"}],"collection":[{"href":"https:\/\/www.pewne.eu\/index.php\/wp-json\/wp\/v2\/product"}],"about":[{"href":"https:\/\/www.pewne.eu\/index.php\/wp-json\/wp\/v2\/types\/product"}],"replies":[{"embeddable":true,"href":"https:\/\/www.pewne.eu\/index.php\/wp-json\/wp\/v2\/comments?post=517"}],"wp:featuredmedia":[{"embeddable":true,"href":"https:\/\/www.pewne.eu\/index.php\/wp-json\/wp\/v2\/media\/518"}],"wp:attachment":[{"href":"https:\/\/www.pewne.eu\/index.php\/wp-json\/wp\/v2\/media?parent=517"}],"wp:term":[{"taxonomy":"product_cat","embeddable":true,"href":"https:\/\/www.pewne.eu\/index.php\/wp-json\/wp\/v2\/product_cat?post=517"},{"taxonomy":"product_tag","embeddable":true,"href":"https:\/\/www.pewne.eu\/index.php\/wp-json\/wp\/v2\/product_tag?post=517"}],"curies":[{"name":"wp","href":"https:\/\/api.w.org\/{rel}","templated":true}]}}