{"id":509,"date":"2019-03-30T23:22:10","date_gmt":"2019-03-30T21:22:10","guid":{"rendered":"http:\/\/www.pewne.eu\/?post_type=product&#038;p=509"},"modified":"2025-03-07T15:28:08","modified_gmt":"2025-03-07T13:28:08","slug":"jozef-franciszek-fert-inne-kresy-inny-wolyn","status":"publish","type":"product","link":"https:\/\/www.pewne.eu\/index.php\/produkt\/jozef-franciszek-fert-inne-kresy-inny-wolyn\/","title":{"rendered":"J\u00f3zef Franciszek Fert, Inne Kresy&#8230; inny Wo\u0142y\u0144"},"content":{"rendered":"<p>Zbi\u00f3r szkic\u00f3w, kt\u00f3rych w\u0105tek przewodni dotyczy \u2013 zgodnie z tytu\u0142em zbioru ale i szerzej \u2013 Kres\u00f3w i \u201ekwestii wo\u0142y\u0144skiej\u201d, dla Polak\u00f3w i Ukrai\u0144c\u00f3w fundamentalnego problemu historycznego i politycznego, kt\u00f3rego istotnym kontekstem jest kryzys chrze\u015bcija\u0144stwa i cywilizacji liberalnej. Zapraszamy w podr\u00f3\u017c po motywach, wydarzeniach i ksi\u0105\u017ckach, w kt\u00f3rych \u201ekresowo\u015b\u0107\u201d okazuje si\u0119 zagadnieniem wcale nie \u201ekresowym\u201d, lecz centralnym i mocno wpisanym w nasz\u0105 histori\u0119 i kultur\u0119.<\/p>\n<p>Niech nie zdziwi \u015bnieg na ok\u0142adce. Tak wygl\u0105da Stoch\u00f3d zim\u0105. S\u0105 miejsca, gdzie \u2013 jak w Norwidowych \u201eSyberiach\u201d \u201eNiebo si\u0119 zdaje przypomina\u0107 Bogu: \u00abZimno i mnie!\u2026\u00bb\u201d<\/p>\n<p>&nbsp;<\/p>\n<p>Format: 140 x 210 mm<\/p>\n<p>Obj\u0119to\u015b\u0107: 212 s.<\/p>\n<p>ISBN 978-83-63518-25-7<\/p>\n<p>Oprawa mi\u0119kka, klejona.<\/p>\n<p>Spis tre\u015bci:<\/p>\n<div>Brunatni doradcy diab\u0142a \u00a0 \u00a09<\/div>\n<div>Judasz \u00a039<\/div>\n<div>Majdanek \u00a049<\/div>\n<div>Franciszka Arnsztajnowa. Polka i \u017byd\u00f3wka z wyboru \u00a063<\/div>\n<div>Saga poety znad Jordanu \u00a082<\/div>\n<div>Etolandia, czyli Odkrywanie Europy \u00a093<\/div>\n<div>Wo\u0142y\u0144 i Ukraina z perspektywy J\u00f3zefa Czechowicza\u00a0i J\u00f3zefa \u0141obodowskiego 107<\/div>\n<div>Inny Wo\u0142y\u0144? J\u00f3zefa Zi\u0119by Znad Stochodu. Wspomnienia\u00a0wo\u0142y\u0144skie \u00a0131<\/div>\n<div>Inny Wo\u0142y\u0144? Miasteczko nad Stochodem. Kisielin 141<\/div>\n<div>Na zes\u0142aniu. Listy Kazimierza Szetkiewicza\u00a0do Zachodniego Kraju 155<\/div>\n<div>Zapach dziegciu i sk\u00f3ry. (Wspomnienia i gaw\u0119dy Mieczys\u0142awa\u00a0kniazia Pieriejas\u0142awskiego-Ja\u0142owieckiego) 174<\/div>\n<div>Soplicowo odnalezione&#8230; w starym kufrze 194<\/div>\n<div>W\u0119dr\u00f3wki poetyckie&#8230; S\u0142owo o poezji Waldemara\u00a0Michalskiego 203<\/div>\n<div>Nota edytorska 209<\/div>\n<div>Indeks nazwisk 211<\/div>\n","protected":false},"excerpt":{"rendered":"<p>Zbi\u00f3r szkic\u00f3w, kt\u00f3rych w\u0105tek przewodni dotyczy \u2013 zgodnie z tytu\u0142em zbioru ale i szerzej \u2013 Kres\u00f3w i \u201ekwestii wo\u0142y\u0144skiej\u201d, dla Polak\u00f3w i Ukrai\u0144c\u00f3w fundamentalnego problemu historycznego i politycznego, kt\u00f3rego istotnym kontekstem jest kryzys chrze\u015bcija\u0144stwa i cywilizacji liberalnej. Zapraszamy w podr\u00f3\u017c po motywach, wydarzeniach i ksi\u0105\u017ckach, w kt\u00f3rych \u201ekresowo\u015b\u0107\u201d okazuje si\u0119 zagadnieniem wcale nie \u201ekresowym\u201d, lecz [&hellip;]<\/p>\n","protected":false},"featured_media":510,"comment_status":"open","ping_status":"closed","template":"","meta":[],"product_cat":[96,481],"product_tag":[142,137,136,138,141,143,140,139],"_links":{"self":[{"href":"https:\/\/www.pewne.eu\/index.php\/wp-json\/wp\/v2\/product\/509"}],"collection":[{"href":"https:\/\/www.pewne.eu\/index.php\/wp-json\/wp\/v2\/product"}],"about":[{"href":"https:\/\/www.pewne.eu\/index.php\/wp-json\/wp\/v2\/types\/product"}],"replies":[{"embeddable":true,"href":"https:\/\/www.pewne.eu\/index.php\/wp-json\/wp\/v2\/comments?post=509"}],"wp:featuredmedia":[{"embeddable":true,"href":"https:\/\/www.pewne.eu\/index.php\/wp-json\/wp\/v2\/media\/510"}],"wp:attachment":[{"href":"https:\/\/www.pewne.eu\/index.php\/wp-json\/wp\/v2\/media?parent=509"}],"wp:term":[{"taxonomy":"product_cat","embeddable":true,"href":"https:\/\/www.pewne.eu\/index.php\/wp-json\/wp\/v2\/product_cat?post=509"},{"taxonomy":"product_tag","embeddable":true,"href":"https:\/\/www.pewne.eu\/index.php\/wp-json\/wp\/v2\/product_tag?post=509"}],"curies":[{"name":"wp","href":"https:\/\/api.w.org\/{rel}","templated":true}]}}