{"id":477,"date":"2018-11-22T02:15:37","date_gmt":"2018-11-22T00:15:37","guid":{"rendered":"http:\/\/www.pewne.eu\/?post_type=product&#038;p=477"},"modified":"2026-01-01T18:23:35","modified_gmt":"2026-01-01T16:23:35","slug":"justyna-gorzkowicz-w-poszukiwaniu-antagonisty-o-watkach-egzystencjalnych-w-tworczosci-kornela-filipowicza","status":"publish","type":"product","link":"https:\/\/www.pewne.eu\/index.php\/produkt\/justyna-gorzkowicz-w-poszukiwaniu-antagonisty-o-watkach-egzystencjalnych-w-tworczosci-kornela-filipowicza\/","title":{"rendered":"Justyna Gorzkowicz. W poszukiwaniu antagonisty. O w\u0105tkach egzystencjalnych w tw\u00f3rczo\u015bci  Kornela Filipowicza"},"content":{"rendered":"<p>W kr\u0119gu zainteresowa\u0144 naukowych Justyny Gorzkowicz pozostaje uj\u0119cie interdyscyplinarne temat\u00f3w geohumanistycznych z pogranicza literaturoznawstwa, antropologii kulturowej, nauk o sztuce oraz problematyki socjologiczno-filozoficznej. Jako badaczka cz\u0119sto zadaje pytanie, w jaki spos\u00f3b wygl\u0105da\u0142aby tw\u00f3rczo\u015b\u0107 polska (r\u00f3wnie\u017c ta zwi\u0105zana z do\u015bwiadczeniami II wojny \u015bwiatowej) odczytana w paradygmatach wsp\u00f3\u0142czesnych zwrot\u00f3w metodologicznych (np. anxiety of influence, spatial turn, human \u2013 animals studies, itd.). W ten spos\u00f3b poszukuje oryginalno\u015bci polskiej my\u015bli geopoetyckiej na tle innych narod\u00f3w. Owa problematyka \u0142\u0105czy si\u0119 z wieloletni\u0105 jej prac\u0105 m.in. nad tw\u00f3rczo\u015bci\u0105 Kornela Filipowicza, kt\u00f3rej efekty prezentuje niniejsza monografia.<\/p>\n<p>\u201e<em>Ksi\u0105\u017cka Justyny Gorzkowicz to rzetelne, zredagowane z pasj\u0105 badawcz\u0105 studium literaturoznawcze o wyra\u017anym profilu teoretycznym, modelowanym przez kontekst filozoficzny, kt\u00f3ry uobecnia si\u0119 przez system przywo\u0142a\u0144 my\u015bli i idei z obszaru filozofii egzystencjalnej, zw\u0142aszcza g\u0142\u00f3wnych przedstawicieli tego nurtu \u2013 Camusa i Sartre\u2019a. <\/em><br \/>\n<em>Ma charakter pionierski, przynosi odkrywcz\u0105 i oryginaln\u0105 interpretacj\u0119 tw\u00f3rczo\u015bci krakowskiego prozaika. Autorka posi\u0142kuje si\u0119 w swych rozwa\u017caniach nowszymi propozycjami antropologicznymi, szczeg\u00f3lnie no\u015bn\u0105 znaczeniowo i popularn\u0105 ostatnio kategori\u0105 \u201eInnego\u201d. [\u2026] Istotnymi elementami w tym obszarze s\u0105 r\u00f3wnie\u017c: Bloomowska teoria \u201el\u0119ku przed wp\u0142ywem\u201d, zjawisko \u201eromansu rodzinnego\u201d oraz problem to\u017csamo\u015bci i \u201e\u017cycia autentycznego\u201d. W poszukiwaniu antagonisty&#8230; jest wa\u017cnym i cennym osi\u0105gni\u0119ciem. W pewnym sensie rewolucjonizuje badania nad tw\u00f3rczo\u015bci\u0105 Kornela Filipowicza, ods\u0142aniaj\u0105c jej jako\u015bci dotychczas nierozpoznane a nale\u017c\u0105ce do najbardziej istotnych<\/em>\u201d.<\/p>\n<p style=\"text-align: right;\">Prof. dr hab. Wac\u0142aw Pyczek<\/p>\n<p>Projekt ok\u0142adki: Jaros\u0142aw Solecki<\/p>\n<p>Format: 165 x 235 mm<\/p>\n<p>Obj\u0119to\u015b\u0107: 266 stron<\/p>\n<p>Oprawa mi\u0119kka, foliowana<\/p>\n<p>ISBN 978-83-63518-23-3<\/p>\n<p>&nbsp;<\/p>\n<p><strong>Spis tre\u015bci:<\/strong><\/p>\n<div><strong>Kim jest antagonista. Wprowadzenie<\/strong> \u00a0 9<\/div>\n<div>Diada rozproszona \u00a0 11<\/div>\n<div>Gasn\u0105ce \u015bwiat\u0142a \u00a014<\/div>\n<div>Bloomowski rewizjonizm \u00a016<\/div>\n<div>Ustalanie dynastii Lajosa \u00a021<\/div>\n<div>Sp\u00f3r o egzystencjalist\u00f3w \u00a030<\/div>\n<div><\/div>\n<div><strong>Pocz\u0105tki \u201eromansu rodzinnego\u201d. Rozdzia\u0142 pierwszy<\/strong> \u00a037<\/div>\n<div>Perspektywa \u201eKrajobrazu niewzruszonego\u201d \u00a039<\/div>\n<div>Jan \u2013 bohaterem Sartre\u2019owskim? \u00a042<\/div>\n<div>Mur \u00a0 \u00a045<\/div>\n<div>\u017byd z Floria\u0144skiej \u00a048<\/div>\n<div>Rozpoznanie \u00a054<\/div>\n<div><\/div>\n<div><strong>Rozkwit \u201emi\u0142osnego agonu\u201d. Rozdzia\u0142 drugi<\/strong> \u00a063<\/div>\n<div>Sp\u00f3r o \u201ePami\u0119tnik antybohatera\u201d \u00a065<\/div>\n<div>Negatyw \u201eObcego\u201d \u00a068<\/div>\n<div>Prze\u015bmiewczy gest Edypa \u00a071<\/div>\n<div>Gest powt\u00f3rzony \u00a075<\/div>\n<div>Kim jeste\u015b, Antybohaterze? 80<\/div>\n<div><\/div>\n<div><strong>Drogi wolno\u015bci. Rozdzia\u0142 trzeci<\/strong> \u00a089<\/div>\n<div>Obrazy wariantywne wolno\u015bci \u00a091<\/div>\n<div>Byt niepodleg\u0142y \u2013 wyobra\u017cony \u00a093<\/div>\n<div>K\u0142amstwo \u00a0 \u00a098<\/div>\n<div>Nike z Samotraki104<\/div>\n<div>W stron\u0119 nadziei 108<\/div>\n<div><\/div>\n<div><strong>O naturze rzeczy. Rozdzia\u0142 czwarty 113<\/strong><\/div>\n<div>Bli\u017aniacze wymiary \u015bmierci 115<\/div>\n<div>W czasie zastyg\u0142ym 119<\/div>\n<div>\u015amier\u0107 egzystencjalna 121<\/div>\n<div>\u015awiat, w jakim \u017cyjemy 125<\/div>\n<div>\u201eDoxa\u201d. Co ty na to, Sartrze?130<\/div>\n<div><\/div>\n<div><strong>Gdziekolwiek spojrze\u0107 \u2013 absurd. Rozdzia\u0142 pi\u0105ty<\/strong> 137<\/div>\n<div>\u201eJest co\u015b, czai si\u0119 co\u015b&#8230;\u201d 139<\/div>\n<div>Status ontyczny absurdu 142<\/div>\n<div>Dwie strony tego samego148<\/div>\n<div>\u015alepcy 151<\/div>\n<div>Kr\u00f3tki traktat o ziewaniu 155<\/div>\n<div><\/div>\n<div><strong>Metonimia jako zapis prze\u017cy\u0107 egzystencjalnych. Rozdzia\u0142 sz\u00f3sty<\/strong> 163<\/div>\n<div>Sekrety zamienni 165<\/div>\n<div>\u015awiat zwierz\u0105t \/ \u015bwiat ludzi169<\/div>\n<div>\u201eSzyfry egzystencji\u201d 175<\/div>\n<div>Kawiarnia177<\/div>\n<div>Wsp\u00f3lnie zamieszkiwany pok\u00f3j 181<\/div>\n<div>Schodami w g\u00f3r\u0119, schodami w d\u00f3\u0142 184<\/div>\n<div><\/div>\n<div><strong>Topografia egzystencjalizm\u00f3w literackich. Podsumowanie<\/strong> 191<\/div>\n<div>Tropy egzystencjalne 193<\/div>\n<div>Cz\u0142owiek Filipowicza \u201ew-sytuacji\u201d 196<\/div>\n<div>Triada figur \u2013 zaprzeczenie zwielokrotnione \u00a0205<\/div>\n<div>Pejza\u017c egzystencjalny z Filipowiczem w tle 209<\/div>\n<div>Perspektywy geopoetyckie 213<\/div>\n<div><\/div>\n<div>Bibliografia 221<\/div>\n<div>Spis ilustracji 235<\/div>\n<div><strong>Ksi\u0105\u017cki Kornela Filipowicza. Aneks<\/strong> 239<\/div>\n","protected":false},"excerpt":{"rendered":"<p>Efekt wieloletniej pracy poznawczej nad tw\u00f3rczo\u015bci\u0105 Kornela Filipowicza. W oparciu o Bloomowsk\u0105 kategori\u0119 &#8222;l\u0119ku przed wp\u0142ywem&#8221; w od\u015bwie\u017caj\u0105cy spos\u00f3b analizuje relacje jego pisarstwa z tw\u00f3rczo\u015bci\u0105 i filozofi\u0105 egzystencjalist\u00f3w, g\u0142\u00f3wnie Sartre&#8217;a i Camusa.<\/p>\n","protected":false},"featured_media":478,"comment_status":"open","ping_status":"closed","template":"","meta":[],"product_cat":[481,17,60],"product_tag":[53,131,130,128,129,132],"_links":{"self":[{"href":"https:\/\/www.pewne.eu\/index.php\/wp-json\/wp\/v2\/product\/477"}],"collection":[{"href":"https:\/\/www.pewne.eu\/index.php\/wp-json\/wp\/v2\/product"}],"about":[{"href":"https:\/\/www.pewne.eu\/index.php\/wp-json\/wp\/v2\/types\/product"}],"replies":[{"embeddable":true,"href":"https:\/\/www.pewne.eu\/index.php\/wp-json\/wp\/v2\/comments?post=477"}],"wp:featuredmedia":[{"embeddable":true,"href":"https:\/\/www.pewne.eu\/index.php\/wp-json\/wp\/v2\/media\/478"}],"wp:attachment":[{"href":"https:\/\/www.pewne.eu\/index.php\/wp-json\/wp\/v2\/media?parent=477"}],"wp:term":[{"taxonomy":"product_cat","embeddable":true,"href":"https:\/\/www.pewne.eu\/index.php\/wp-json\/wp\/v2\/product_cat?post=477"},{"taxonomy":"product_tag","embeddable":true,"href":"https:\/\/www.pewne.eu\/index.php\/wp-json\/wp\/v2\/product_tag?post=477"}],"curies":[{"name":"wp","href":"https:\/\/api.w.org\/{rel}","templated":true}]}}