{"id":4650,"date":"2026-05-14T22:07:45","date_gmt":"2026-05-14T20:07:45","guid":{"rendered":"https:\/\/www.pewne.eu\/?post_type=product&#038;p=4650"},"modified":"2026-05-14T22:07:46","modified_gmt":"2026-05-14T20:07:46","slug":"na-chlodnym-brzegu-glosy-z-wyspy-uloya","status":"publish","type":"product","link":"https:\/\/www.pewne.eu\/index.php\/produkt\/na-chlodnym-brzegu-glosy-z-wyspy-uloya\/","title":{"rendered":"Na ch\u0142odnym brzegu. G\u0142osy z wyspy Ul\u00f8ya"},"content":{"rendered":"<p>Pocza\u0328wszy od roku 2014 Fundacja Identitas wspiera humanisto\u0301w finansowo, promuje ich ksia\u0328z\u0307ki i organizuje dla nich warsztaty literackie. Przyznaje tez\u0307 corocznie literacka\u0328 Nagrode\u0328 Identitas.<br \/>\nOd 2020 roku Nagrode\u0328 otrzymuja\u0328 pisarze do 41. roku z\u0307ycia, podczas gdy we wczes\u0301niejszych latach nie ustanawiano ograniczen\u0301 wiekowych. W 2025 roku odby\u0142a sie\u0328 kolejna edycja, w ramach kto\u0301rej sz\u00f3stka nominowanych autor\u00f3w otrzyma\u0142a zaproszenie na arktyczne warsztaty. Na norweskiej wyspie Ul\u00f8ya spotkali si\u0119:<br \/>\n\u2013 Maciej Papierski, nominacja za tom poetycki Halkionia (wyd. PIW), laureat Nagrody Identitas 2025,<br \/>\na tak\u017ce<br \/>\n\u2013 Ma\u0142gorzata Boryczka za powie\u015b\u0107 Nigdzie (wyd. Nisza),<br \/>\n\u2013 Marta Michalak za powie\u015b\u0107 Oida (wyd. Nisza),<br \/>\n\u2013 Katarzyna Nowak-Szelejewska za zbi\u00f3r opowiada\u0144 Skrzypki (wyd. Ksi\u0105\u017cnica Podlaska),<br \/>\n\u2013 Damian Kowal za powie\u015b\u0107 \u0106wirowid\u0142o (wyd. Warstwy).<br \/>\nZawarte w niniejszym tomiku teksty czworga autor\u00f3w, Marty Michalak, Katarzyny Nowak-Szelejewskiej, Damiana Kowala i Macieja Papierskiego sa\u0328 owocem tej pracy.<br \/>\nDo jego powstania szczego\u0301lnie przyczynili sie\u0328 wspomniany Krzysztof Niewiadomski oraz Tomasz Kaz\u0301mierowski, pomys\u0142odawca warsztat\u00f3w literackich na Ul\u00f8yi.<br \/>\nTo ju\u017c trzeci tomik tw\u00f3rc\u00f3w nagrodzonych przez Fundacj\u0119 Identitas wydany w naszym wydawnictwie.<\/p>\n<div>Spis rzeczy<\/div>\n<div>Krzysztof Niewiadomski<\/div>\n<div>Wst\u0119p. Na brzegu opowie\u015bci 13<\/div>\n<div><\/div>\n<div>Katarzyna Nowak-Szelejewska<\/div>\n<div>Zszy\u0107 jeden brzeg z drugim. Szwaczki i szwacz 19<\/div>\n<div><\/div>\n<div>Maciej Papierski<\/div>\n<div>Avalon 27<\/div>\n<div><\/div>\n<div>Marta Michalak<\/div>\n<div>Smutna dziewczyna z Polski 33<\/div>\n<div><\/div>\n<div>Damian Kowal<\/div>\n<div>Rejoneda 43<\/div>\n<div><\/div>\n<div>Zdj\u0119cia:<br \/>\nTomasz Ka\u017amierowski<\/div>\n<div>Opracowanie graficzne:<br \/>\nAdam Cedro<\/div>\n<div>\nFormat: 140 x 210 mm<\/div>\n<div>Obj\u0119to\u015b\u0107: 48 stron<\/div>\n<div>ISBN 978-83-67962-43-8<\/div>\n","protected":false},"excerpt":{"rendered":"<p>Trzeci tom z tw\u00f3rczo\u015bci\u0105 laureat\u00f3w konkursu Fundacji Identitas, powsta\u0142\u0105 podczas arktycznych warsztat\u00f3w na norweskiej wyspie Ul\u00f8ya.<\/p>\n","protected":false},"featured_media":4651,"comment_status":"closed","ping_status":"closed","template":"","meta":[],"product_cat":[134,20,60],"product_tag":[661,507,508,660,662,657,658,659,656,506,663],"_links":{"self":[{"href":"https:\/\/www.pewne.eu\/index.php\/wp-json\/wp\/v2\/product\/4650"}],"collection":[{"href":"https:\/\/www.pewne.eu\/index.php\/wp-json\/wp\/v2\/product"}],"about":[{"href":"https:\/\/www.pewne.eu\/index.php\/wp-json\/wp\/v2\/types\/product"}],"replies":[{"embeddable":true,"href":"https:\/\/www.pewne.eu\/index.php\/wp-json\/wp\/v2\/comments?post=4650"}],"wp:featuredmedia":[{"embeddable":true,"href":"https:\/\/www.pewne.eu\/index.php\/wp-json\/wp\/v2\/media\/4651"}],"wp:attachment":[{"href":"https:\/\/www.pewne.eu\/index.php\/wp-json\/wp\/v2\/media?parent=4650"}],"wp:term":[{"taxonomy":"product_cat","embeddable":true,"href":"https:\/\/www.pewne.eu\/index.php\/wp-json\/wp\/v2\/product_cat?post=4650"},{"taxonomy":"product_tag","embeddable":true,"href":"https:\/\/www.pewne.eu\/index.php\/wp-json\/wp\/v2\/product_tag?post=4650"}],"curies":[{"name":"wp","href":"https:\/\/api.w.org\/{rel}","templated":true}]}}