{"id":462,"date":"2018-10-08T00:17:37","date_gmt":"2018-10-07T22:17:37","guid":{"rendered":"http:\/\/www.pewne.eu\/?post_type=product&#038;p=462"},"modified":"2019-06-02T20:10:20","modified_gmt":"2019-06-02T18:10:20","slug":"cyprian-norwid-dwa-meczenstwa","status":"publish","type":"product","link":"https:\/\/www.pewne.eu\/index.php\/produkt\/cyprian-norwid-dwa-meczenstwa\/","title":{"rendered":"Cyprian Norwid, Dwa m\u0119cze\u0144stwa"},"content":{"rendered":"<p>Druk okoliczno\u015bciowy, przygotowany z okazji sympozjum naukowego <em>\u201eTy\u015b osob\u0105&#8230;<\/em> Osoby w kr\u0119gu biografii i tw\u00f3rczo\u015bci Cypriana Norwida\u201d, zorganizowanego przez Zak\u0142ad Literatury Romantyzmu i Pozytywizmu<br \/>\nInstytutu Literatury Polskiej UMK, przy udziale i pomocy Fundacji Norwidowskiej oraz Fundacji Museion Norwid,\u00a0Toru\u0144 27-28 wrze\u015bnia 2018<\/p>\n<p>Inicjatywa wydawnicza i opracowanie edytorskie:<br \/>\nGra\u017cyna Halkiewicz-Sojak<\/p>\n<p>Opracowanie typograficzne:<br \/>\nAdam Cedro<\/p>\n<p>Odbito 60 egzemplarzy. W sprzeda\u017cy jedynie 10 sztuk.<\/p>\n<p>Format 165 x 210 mm<\/p>\n<p>&nbsp;<\/p>\n<p>&nbsp;<\/p>\n<p>ISBN 978-83-63518-21-9<\/p>\n<p>Pewne Wydawnictwo, Kielce 2018<\/p>\n","protected":false},"excerpt":{"rendered":"<p><span style=\"font-size: 6.5pt; font-family: 'Arial','sans-serif'; color: #111111;\">Publikacja bibliofilska z krytycznym opracowaniem tekstu i podobizn\u0105 autografu, wydrukowana w 60 niesygnowanych egzemplarzach. W sprzeda\u017cy tylko 10 sztuk.<\/span><\/p>\n","protected":false},"featured_media":463,"comment_status":"open","ping_status":"closed","template":"","meta":[],"product_cat":[16,20,18,17,60,22],"product_tag":[],"_links":{"self":[{"href":"https:\/\/www.pewne.eu\/index.php\/wp-json\/wp\/v2\/product\/462"}],"collection":[{"href":"https:\/\/www.pewne.eu\/index.php\/wp-json\/wp\/v2\/product"}],"about":[{"href":"https:\/\/www.pewne.eu\/index.php\/wp-json\/wp\/v2\/types\/product"}],"replies":[{"embeddable":true,"href":"https:\/\/www.pewne.eu\/index.php\/wp-json\/wp\/v2\/comments?post=462"}],"wp:featuredmedia":[{"embeddable":true,"href":"https:\/\/www.pewne.eu\/index.php\/wp-json\/wp\/v2\/media\/463"}],"wp:attachment":[{"href":"https:\/\/www.pewne.eu\/index.php\/wp-json\/wp\/v2\/media?parent=462"}],"wp:term":[{"taxonomy":"product_cat","embeddable":true,"href":"https:\/\/www.pewne.eu\/index.php\/wp-json\/wp\/v2\/product_cat?post=462"},{"taxonomy":"product_tag","embeddable":true,"href":"https:\/\/www.pewne.eu\/index.php\/wp-json\/wp\/v2\/product_tag?post=462"}],"curies":[{"name":"wp","href":"https:\/\/api.w.org\/{rel}","templated":true}]}}