{"id":4588,"date":"2026-03-21T22:18:41","date_gmt":"2026-03-21T20:18:41","guid":{"rendered":"https:\/\/www.pewne.eu\/?post_type=product&#038;p=4588"},"modified":"2026-04-24T10:06:55","modified_gmt":"2026-04-24T08:06:55","slug":"andrzej-dragula-strefa-turbulencji","status":"publish","type":"product","link":"https:\/\/www.pewne.eu\/index.php\/produkt\/andrzej-dragula-strefa-turbulencji\/","title":{"rendered":"Andrzej Dragu\u0142a, Strefa turbulencji"},"content":{"rendered":"<p>Drugi tomik poetycki Andrzeja Dragu\u0142y. To dla nas szczeg\u00f3lnie mi\u0142e, gdy Autor powraca &#8211; pierwszy tomik, &#8222;P\u00f3\u017any debiut&#8221;, ukaza\u0142 si\u0119 r\u00f3wnie\u017c w Pewnym Wydawnictwie.<\/p>\n<p>A teksty &#8211; trzeba samemu poczyta\u0107, poby\u0107 z Autorem w r\u00f3\u017cnych sytuacjach, w kt\u00f3rych pokazuje sw\u00f3j dar obserwacji ludzi i \u015bwiata, dziel\u0105c si\u0119 dyskretn\u0105 refleksj\u0105, emocjami i my\u015blami ukrytymi (czy objawiaj\u0105cymi si\u0119) w s\u0142owach. Zatrzymuj\u0105c te chwile. Jak w tym utworze:<\/p>\n<p>&nbsp;<\/p>\n<p><strong>Ten, kt\u00f3ry wybawia go\u0142\u0119bie<\/strong><\/p>\n<p>przez siatk\u0119 na tarasie<br \/>\nraz po raz przedostaj\u0105 si\u0119 go\u0142\u0119bie<\/p>\n<p>znaj\u0105 tajne przej\u015bcia<br \/>\nnieznaczne odchylenia<br \/>\nwrogiej materii<br \/>\nkt\u00f3re pozwalaj\u0105<br \/>\npokona\u0107 zakazan\u0105 granic\u0119<br \/>\ni przekracza\u0107 \u015bwiaty<\/p>\n<p>nie znaj\u0105 drogi powrotu<br \/>\nmo\u017ce w ich \u015bwiecie<br \/>\nnie produkuje si\u0119 nici<br \/>\ni nie istnia\u0142a \u017cadna Ariadna<\/p>\n<p>gwa\u0142townie trzepoc\u0105 skrzyd\u0142ami<br \/>\nuderzaj\u0105c w sie\u0107<\/p>\n<p>jestem tym<br \/>\nkt\u00f3ry wybawia go\u0142\u0119bie<br \/>\nniechcianym przez nich<br \/>\nzbawicielem<br \/>\nna kt\u00f3rego widok<br \/>\ntrzepoc\u0105 si\u0119 jeszcze bardziej<\/p>\n<p>[18.10.25 r.]<\/p>\n<p>&nbsp;<\/p>\n<p><strong>Spis tre\u015bci<\/strong><\/p>\n<p>Rozmowa o zab\u0142\u0105kanych dronach 5<br \/>\nWidok\u00f3wka z Kijowa 6<br \/>\nFigura 7<br \/>\nWo\u0142anie na puszczy 8<br \/>\n* * * [Jest taka wiara] 9<br \/>\nPopielec 10<br \/>\nZwiastowanie 11<br \/>\nG\u0142os w sprawie demitologizacji 12<br \/>\nWielki Post 2025 13<br \/>\nRekolekcje 15<br \/>\nKwietna Niedziela 16<br \/>\nWielki Czwartek 17<br \/>\n* * * [W wielki Pi\u0105tek] 18<br \/>\nMiejsc\u00f3wka 20<br \/>\n* * * [A tego roku] 21<br \/>\nPierwsza mi\u0142o\u015b\u0107 22<br \/>\nBa\u017canty 23<br \/>\n* * * [ostatni dzie\u0144] 24<br \/>\n* * * [zaskoczy\u0142a mnie nag\u0142o\u015b\u0107] 25<br \/>\n* * * [by nie zmarnowa\u0107 czasu] 26<br \/>\nCzerwiec 27<br \/>\n* * * [przychodzisz do mnie noc\u0105] 28<br \/>\n* * * [milczenie mi\u0119dzy nami] 29<br \/>\n* * * [Tego dnia] 30<br \/>\n* * * [to przychodzi znik\u0105d] 31<br \/>\n* * * [we mgle za oknem] 32<br \/>\nDebiutant 33<br \/>\nNowe imi\u0119 34<br \/>\n* * * [odruchowo] 35<br \/>\n* * * [Po drogach Palestyny] 36<br \/>\nHiob 37<br \/>\n* * * [O \u017cono Lota] 38<br \/>\nWiersz pisany na szybko 39<br \/>\n* * * [z tych trzech] 40<br \/>\nWy\u015bcig 41<br \/>\nStrefa turbulencji 42<br \/>\nDziki Zach\u00f3d 43<br \/>\nMiasto obiecane 45<br \/>\nDwa billboardy w Las Vegas, Nevada 46<br \/>\n* * * [na starym cmentarzu w Wallingford] 47<br \/>\nZatoka San Francisco 48<br \/>\nPopo\u0142udnie w Nowej Anglii 49<br \/>\nDolina \u015amierci 50<br \/>\nPo\u017cegnanie 51<br \/>\nW\u0142oska mi\u0142o\u015b\u0107 52<br \/>\nU \u015bw. Ojca Pio 53<br \/>\nJesie\u0144 w Foggi 54<br \/>\nBari 55<br \/>\nPowr\u00f3t 56<br \/>\nTen, kt\u00f3ry wybawia go\u0142\u0119bie 57<br \/>\n* * * [Tylko ja] 58<br \/>\nPytania do J. 59<br \/>\n* * * [W nocy] 60<br \/>\n* * * [Nie odchod\u017a] 61<br \/>\n* * * [Pierwsze] 62<br \/>\n* * * [piszesz] 63<br \/>\n* * * [chcia\u0142em] 64<br \/>\nPragnienie 65<br \/>\n* * * [Podeszczowe s\u0142o\u0144ce] 66<br \/>\n* * * [pola ju\u017c zaorane] 67<br \/>\n* * * [przez rzeszoto palc\u00f3w] 68<br \/>\nPaczka dla wnuczka 69<br \/>\nWiersz wanitatywny 70<br \/>\nWiecz\u00f3r autorski II 71<br \/>\nZaklinanie deszczu 72<br \/>\nSpotkanie 73<\/p>\n<p>&nbsp;<\/p>\n<p>Format: 155 x 215 mm<\/p>\n<p>Obj\u0119to\u015b\u0107: 76 stron<\/p>\n<p>Pewne Wydawnictwo, Kielce\u00a0 2026<\/p>\n<p>ISBN 978-83-67962-41-4<\/p>\n<p>&nbsp;<\/p>\n","protected":false},"excerpt":{"rendered":"<p>Drugi tomik poetycki Andrzeja Dragu\u0142y.<\/p>\n","protected":false},"featured_media":4589,"comment_status":"closed","ping_status":"closed","template":"","meta":[],"product_cat":[20,60],"product_tag":[581,151,655,653,583,150,654],"_links":{"self":[{"href":"https:\/\/www.pewne.eu\/index.php\/wp-json\/wp\/v2\/product\/4588"}],"collection":[{"href":"https:\/\/www.pewne.eu\/index.php\/wp-json\/wp\/v2\/product"}],"about":[{"href":"https:\/\/www.pewne.eu\/index.php\/wp-json\/wp\/v2\/types\/product"}],"replies":[{"embeddable":true,"href":"https:\/\/www.pewne.eu\/index.php\/wp-json\/wp\/v2\/comments?post=4588"}],"wp:featuredmedia":[{"embeddable":true,"href":"https:\/\/www.pewne.eu\/index.php\/wp-json\/wp\/v2\/media\/4589"}],"wp:attachment":[{"href":"https:\/\/www.pewne.eu\/index.php\/wp-json\/wp\/v2\/media?parent=4588"}],"wp:term":[{"taxonomy":"product_cat","embeddable":true,"href":"https:\/\/www.pewne.eu\/index.php\/wp-json\/wp\/v2\/product_cat?post=4588"},{"taxonomy":"product_tag","embeddable":true,"href":"https:\/\/www.pewne.eu\/index.php\/wp-json\/wp\/v2\/product_tag?post=4588"}],"curies":[{"name":"wp","href":"https:\/\/api.w.org\/{rel}","templated":true}]}}