{"id":457,"date":"2018-10-07T23:41:26","date_gmt":"2018-10-07T21:41:26","guid":{"rendered":"http:\/\/www.pewne.eu\/?post_type=product&#038;p=457"},"modified":"2025-03-07T15:28:32","modified_gmt":"2025-03-07T13:28:32","slug":"jerzy-fatyga-wyprawa-faraona-szeszonka-na-teren-syro-palestyny-archeologia-i-biblia","status":"publish","type":"product","link":"https:\/\/www.pewne.eu\/index.php\/produkt\/jerzy-fatyga-wyprawa-faraona-szeszonka-na-teren-syro-palestyny-archeologia-i-biblia\/","title":{"rendered":"Jerzy Fatyga, Wyprawa Faraona Szeszonka na teren Syro-Palestyny. Archeologia i Biblia"},"content":{"rendered":"<p>Jerzy Fatyga jest doktorantem w Katedrze Historii Staro\u017cytnej i Bizanty\u0144skiej KUL. Jego zainteresowania obejmuj\u0105 m.in. archeologi\u0119 biblijn\u0105, zwi\u0105zki staro\u017cytnego Egiptu z terenem Lewantu, histori\u0119 nekropolii teba\u0144skiej.<\/p>\n<p>Jak pisze we wst\u0119pie do rozprawy <em>Wyprawa Faraona Szeszonka na teren Syro-Palestyny. Archeologia i Biblia<\/em>, \u201e Staro\u017cytna wojskowo\u015b\u0107 egipska nie przesta\u0142a by\u0107 obiektem zainteresowania wielu badaczy, kt\u00f3rych wysi\u0142ki zmierzaj\u0105 do wyja\u015bnienia ka\u017cdego, nawet najdrobniejszego aspektu tamtej sztuki wojennej. Niniejsza ksi\u0105\u017cka skupia si\u0119 na wydarzeniach rozgrywaj\u0105cych si\u0119 na terenie Lewantu oko\u0142o 925 roku przed Chr. Znalaz\u0142y one swoje odbicie w zaledwie kilku wersach Biblii hebrajskiej, co nie odbiera zbrojnemu wtargni\u0119ciu w\u0142adcy Egiptu znaczenia dla chronologii i ca\u0142ej historii staro\u017cytnego Izraela. Analiza rozwoju wydarze\u0144 oraz stanowisk archeologicznych, epigrafiki, wreszcie tekstu biblijnego ma odpowiedzie\u0107 na dwa zasadnicze pytania: czy faraon Szeszonk I oraz biblijny Sziszak to ta sama osoba, jak r\u00f3wnie\u017c czy wspomniany w tek\u015bcie biblijnym najazd w og\u00f3le mia\u0142 miejsce.<\/p>\n<p>Projekt ok\u0142adki: Agnieszka Gawryszuk<\/p>\n<p>Format: 165 x 235 mm<\/p>\n<p>Obj\u0119to\u015b\u0107: 140 stron<\/p>\n<p>Oprawa mi\u0119kka, foliowana<\/p>\n<p>ISBN 978-83-63518-20-1<\/p>\n<p>Pewne Wydawnictwo, Kielce 2018<\/p>\n<p><strong>Cena: 28 z\u0142<\/strong> (bez koszt\u00f3w wysy\u0142ki)<\/p>\n<p>&nbsp;<\/p>\n<p><strong>Spis tre\u015bci:<\/strong><\/p>\n<p>Wst\u0119p\u00a0 \u00a011<\/p>\n<p>Rozdzia\u0142 1. \u00a0 Historia bada\u0144 \u00a013<\/p>\n<p>Rozdzia\u0142 2.\u00a0\u00a0 Chronologia \u00a025<\/p>\n<p>Rozdzia\u0142 3.\u00a0\u00a0 Podstawa \u017ar\u00f3d\u0142owa \u00a049<\/p>\n<p>3.1\u00a0 Portal bubastydzki \u00a049<\/p>\n<p>3.1.2\u00a0 Relief tryumfu \u00a052<\/p>\n<p>3.1.3\u00a0 Lista toponim\u00f3w 53<\/p>\n<p>3.1.4\u00a0 Lista toponim\u00f3w \u2013 wykaz \u00a0 54<\/p>\n<p>3.2\u00a0 Por\u00f3wnanie z innymi listami toponim\u00f3w oraz reliefami zwyci\u0119stwa \u00a074<\/p>\n<p>3.3\u00a0 Inne \u017ar\u00f3d\u0142a egipskie zwi\u0105zane z wypraw\u0105 \u00a080<\/p>\n<p>3.3.1\u00a0 D\u017cebel es-Silsilah \u00a0 80<\/p>\n<p>3.3.2\u00a0 Stella Szeszonka I znaleziona w Karnaku \u00a080<\/p>\n<p>3.3.3\u00a0 Biograficzny fragment ze s\u0142owem<em> h.rw\u00a0<\/em>\u00a082<\/p>\n<p>3.3.4\u00a0 Stela z Megiddo \u00a0 82<\/p>\n<p>3.4\u00a0 Podsumowanie \u00a0 84<\/p>\n<p>Rozdzia\u0142 4.\u00a0\u00a0 Opis biblijny \u00a087<\/p>\n<p>Rozdzia\u0142 5.\u00a0\u00a0 Przebieg wyprawy \u00a0101<\/p>\n<p>Konkluzja \u00a0111<\/p>\n<p>Bibliografia \u00a0 113<\/p>\n","protected":false},"excerpt":{"rendered":"<p>Ksi\u0105\u017cka skupia si\u0119 na wydarzeniach rozgrywaj\u0105cych si\u0119 na terenie Lewantu oko\u0142o 925 roku przed Chr. Znalaz\u0142y one swoje odbicie w zaledwie kilku wersach Biblii hebrajskiej, co nie odbiera zbrojnemu wtargni\u0119ciu w\u0142adcy Egiptu znaczenia dla chronologii i ca\u0142ej historii staro\u017cytnego Izraela.<\/p>\n<p>W sprzeda\u017cy 10 sztuk.<\/p>\n","protected":false},"featured_media":458,"comment_status":"open","ping_status":"closed","template":"","meta":[],"product_cat":[481,17],"product_tag":[],"_links":{"self":[{"href":"https:\/\/www.pewne.eu\/index.php\/wp-json\/wp\/v2\/product\/457"}],"collection":[{"href":"https:\/\/www.pewne.eu\/index.php\/wp-json\/wp\/v2\/product"}],"about":[{"href":"https:\/\/www.pewne.eu\/index.php\/wp-json\/wp\/v2\/types\/product"}],"replies":[{"embeddable":true,"href":"https:\/\/www.pewne.eu\/index.php\/wp-json\/wp\/v2\/comments?post=457"}],"wp:featuredmedia":[{"embeddable":true,"href":"https:\/\/www.pewne.eu\/index.php\/wp-json\/wp\/v2\/media\/458"}],"wp:attachment":[{"href":"https:\/\/www.pewne.eu\/index.php\/wp-json\/wp\/v2\/media?parent=457"}],"wp:term":[{"taxonomy":"product_cat","embeddable":true,"href":"https:\/\/www.pewne.eu\/index.php\/wp-json\/wp\/v2\/product_cat?post=457"},{"taxonomy":"product_tag","embeddable":true,"href":"https:\/\/www.pewne.eu\/index.php\/wp-json\/wp\/v2\/product_tag?post=457"}],"curies":[{"name":"wp","href":"https:\/\/api.w.org\/{rel}","templated":true}]}}