{"id":4539,"date":"2026-02-21T23:26:55","date_gmt":"2026-02-21T21:26:55","guid":{"rendered":"https:\/\/www.pewne.eu\/?post_type=product&#038;p=4539"},"modified":"2026-03-16T15:39:31","modified_gmt":"2026-03-16T13:39:31","slug":"poezja-i-dobroc-3-zenon-przesmycki","status":"publish","type":"product","link":"https:\/\/www.pewne.eu\/index.php\/produkt\/poezja-i-dobroc-3-zenon-przesmycki\/","title":{"rendered":"Poezja i Dobro\u0107 (3) &#8211; Zenon Przesmycki"},"content":{"rendered":"<p>Wydawana przez Muzeum Cypriana Norwida w D\u0119binkach, a zaprojektowana i powstaj\u0105ca w Pewnym Wydawnictwie gazeta w formacie A3.<\/p>\n<p>Ten numer ma 4 strony, po\u015bwi\u0119cony jest przypomnieniu postaci Zenona Przesmyckiego &#8211; Miriama, odkrywcy i wydawcy Norwida.<\/p>\n<p>Publikacja przynosi ma\u0142o znany portret Przesmyckiego, od\u015bwie\u017cony graficznie i w wysokiej rozdzielczo\u015bci.<\/p>\n<p>Do nabycia w D\u0119binkach oraz na naszej stronie.<\/p>\n<p>Druk na jasnokremowym papierze.<\/p>\n<p>Czasopismo wysy\u0142amy z\u0142o\u017cone na p\u00f3\u0142, w zwyk\u0142ej kopercie A4, priorytetem. Cena obejmuje koszt takiej wysy\u0142ki.<\/p>\n<p>Rzecz opracowa\u0142 graficznie Adam Cedro.<\/p>\n","protected":false},"excerpt":{"rendered":"<p>Gazeta wydawana przez Muzeum Cypriana Norwida w D\u0119binkach. Numer po\u015bwi\u0119cony Zenonowi Przesmyckiemu.<\/p>\n","protected":false},"featured_media":4540,"comment_status":"closed","ping_status":"closed","template":"","meta":[],"product_cat":[419,60,22],"product_tag":[53,648,647,524,526,75,646],"_links":{"self":[{"href":"https:\/\/www.pewne.eu\/index.php\/wp-json\/wp\/v2\/product\/4539"}],"collection":[{"href":"https:\/\/www.pewne.eu\/index.php\/wp-json\/wp\/v2\/product"}],"about":[{"href":"https:\/\/www.pewne.eu\/index.php\/wp-json\/wp\/v2\/types\/product"}],"replies":[{"embeddable":true,"href":"https:\/\/www.pewne.eu\/index.php\/wp-json\/wp\/v2\/comments?post=4539"}],"wp:featuredmedia":[{"embeddable":true,"href":"https:\/\/www.pewne.eu\/index.php\/wp-json\/wp\/v2\/media\/4540"}],"wp:attachment":[{"href":"https:\/\/www.pewne.eu\/index.php\/wp-json\/wp\/v2\/media?parent=4539"}],"wp:term":[{"taxonomy":"product_cat","embeddable":true,"href":"https:\/\/www.pewne.eu\/index.php\/wp-json\/wp\/v2\/product_cat?post=4539"},{"taxonomy":"product_tag","embeddable":true,"href":"https:\/\/www.pewne.eu\/index.php\/wp-json\/wp\/v2\/product_tag?post=4539"}],"curies":[{"name":"wp","href":"https:\/\/api.w.org\/{rel}","templated":true}]}}