{"id":4512,"date":"2026-02-08T22:49:41","date_gmt":"2026-02-08T20:49:41","guid":{"rendered":"https:\/\/www.pewne.eu\/?post_type=product&#038;p=4512"},"modified":"2026-04-11T23:58:27","modified_gmt":"2026-04-11T21:58:27","slug":"juliusz-galkowski-sonety-leonianskie","status":"publish","type":"product","link":"https:\/\/www.pewne.eu\/index.php\/produkt\/juliusz-galkowski-sonety-leonianskie\/","title":{"rendered":"Juliusz Ga\u0142kowski, Sonety Leonia\u0144skie"},"content":{"rendered":"<p>Rzadki typ wypowiedzi, wywo\u0142any wyborem nowego papie\u017ca. Forma sonet\u00f3w przynosi my\u015bli o dziejach i przysz\u0142o\u015bci Ko\u015bcio\u0142a, papiestwa, \u015bwiata.<\/p>\n<p>Druk bibliofilski, ulotny, r\u0119cznie szyty.<\/p>\n<p>Limitowany nak\u0142ad.<\/p>\n<p>Szczeg\u00f3\u0142y w galerii zdj\u0119\u0107.<\/p>\n<p>&nbsp;<\/p>\n<p>Format: 140 x 205 mm<\/p>\n<p>ISBN 978-83-67962-33-9<\/p>\n<p>Obj\u0119to\u015b\u0107: 20 stron<\/p>\n<p>Spis tre\u015bci<\/p>\n<p>Fresk Rafaela 8<br \/>\nDue Potestates 9<br \/>\nMedyceusz 10<br \/>\nQuo Graviora 11<br \/>\nWspomagaj nas w walce 12<br \/>\nNe nos inducas in tentatione 13<br \/>\nBia\u0142y Szkaplerz 14<br \/>\n\u015awi\u0119ty Grzegorz komentuje ksi\u0119g\u0119 Ezechiela 15<br \/>\nSpelunca latronum 16<\/p>\n","protected":false},"excerpt":{"rendered":"<p>Rzadki typ wypowiedzi, wywo\u0142any wyborem nowego papie\u017ca. Forma sonet\u00f3w przynosi my\u015bli o dziejach i przysz\u0142o\u015bci Ko\u015bcio\u0142a, papiestwa, \u015bwiata.<\/p>\n<p>Druk bibliofilski, ulotny, r\u0119cznie szyty.<\/p>\n<p>Limitowany nak\u0142ad.<\/p>\n","protected":false},"featured_media":4613,"comment_status":"closed","ping_status":"closed","template":"","meta":[],"product_cat":[20,60,22],"product_tag":[301,642,643,644,304,645,641],"_links":{"self":[{"href":"https:\/\/www.pewne.eu\/index.php\/wp-json\/wp\/v2\/product\/4512"}],"collection":[{"href":"https:\/\/www.pewne.eu\/index.php\/wp-json\/wp\/v2\/product"}],"about":[{"href":"https:\/\/www.pewne.eu\/index.php\/wp-json\/wp\/v2\/types\/product"}],"replies":[{"embeddable":true,"href":"https:\/\/www.pewne.eu\/index.php\/wp-json\/wp\/v2\/comments?post=4512"}],"wp:featuredmedia":[{"embeddable":true,"href":"https:\/\/www.pewne.eu\/index.php\/wp-json\/wp\/v2\/media\/4613"}],"wp:attachment":[{"href":"https:\/\/www.pewne.eu\/index.php\/wp-json\/wp\/v2\/media?parent=4512"}],"wp:term":[{"taxonomy":"product_cat","embeddable":true,"href":"https:\/\/www.pewne.eu\/index.php\/wp-json\/wp\/v2\/product_cat?post=4512"},{"taxonomy":"product_tag","embeddable":true,"href":"https:\/\/www.pewne.eu\/index.php\/wp-json\/wp\/v2\/product_tag?post=4512"}],"curies":[{"name":"wp","href":"https:\/\/api.w.org\/{rel}","templated":true}]}}