{"id":4510,"date":"2026-02-08T22:34:07","date_gmt":"2026-02-08T20:34:07","guid":{"rendered":"https:\/\/www.pewne.eu\/?post_type=product&#038;p=4510"},"modified":"2026-03-13T16:42:31","modified_gmt":"2026-03-13T14:42:31","slug":"waclaw-fijalkowski-wspomnienia","status":"publish","type":"product","link":"https:\/\/www.pewne.eu\/index.php\/produkt\/waclaw-fijalkowski-wspomnienia\/","title":{"rendered":"Wac\u0142aw Fija\u0142kowski, Wspomnienia"},"content":{"rendered":"<p>Dokumentarny zapis \u017cycia i los\u00f3w cz\u0142owieka rodzinnie zwi\u0105zanego z Mazurami i ci\u0119\u017ckimi warunkami \u017cycia polskiej wsi, \u015bwiadka i uczestnika dw\u00f3ch wojen, zagro\u017conego likwidacj\u0105 przez Sowiet\u00f3w i Niemc\u00f3w, prawnika i adwokata.<br \/>\nJedynie kilka egzemplarzy w sprzeda\u017cy.<\/p>\n<p>&nbsp;<\/p>\n<p>Format: 148 x 210 mm<\/p>\n<p>Obj\u0119to\u015b\u0107: 294 strony<\/p>\n<p>ISBN 978-83-67962-39-1<\/p>\n<p>Spis tre\u015bci<\/p>\n<p>Wst\u0119p 5<\/p>\n<p>I. Olszewko 7<br \/>\n1.1. Nazwa i obszar 7<br \/>\n1.2. Od jak dawna istnieje Olszewko 9<br \/>\n1.3 Siedliska 13<br \/>\n1.4. Pocz\u0105tki rodu Fija\u0142kowskich w Olszewku 14<br \/>\n1.5. Propinacja 16<br \/>\n1.6. Czy r\u00f3d Fija\u0142kowskich ma korzenie szlacheckie? 18<br \/>\n1.7. Zbrodnia w Olszewku z czas\u00f3w Ksi\u0119stwa Warszawskiego 19<br \/>\n1.8. Szlachta i inne stany 20<br \/>\n1.9. Ludno\u015b\u0107 Olszewka 25<\/p>\n<p>II. Uw\u0142aszczenie ch\u0142op\u00f3w 29<br \/>\n2.1. Rodzina Fija\u0142kowskich po uw\u0142aszczeniu 32<br \/>\n2.2. Przeludnienie 32<br \/>\n2.3. Edukacja 38<br \/>\n2.4. Animozje mi\u0119dzy wsiami 45<br \/>\n2.5. Domy w Olszewku 47<br \/>\n2.6. Ch\u0142\u00f3d 49<br \/>\n2.7. Opowie\u015bci o duchach 52<br \/>\n2.8. Bieda i ciasnota siedliskowa 54<\/p>\n<p>III. Przebudowa Olszewka 59<br \/>\n3.1. Testament ojca 59<br \/>\n3.2. Wp\u0142ywy z Niemiec 61<br \/>\n3.3. Brat J\u00f3zef 64<br \/>\n3.4. Przebudowa drogi wiejskiej 65<br \/>\n3.5. Komasacja 68<br \/>\n3.6. Sp\u00f3\u0142ka wodna 72<br \/>\n3.7. Po\u017car 82<br \/>\n3.8. Dom rodzinny Fija\u0142kowskich w Olszewku \u2013 dziedzictwo<br \/>\nJ\u00f3zefa 83<br \/>\n3.9. Tragiczne zdarzenia z historii Olszewka 89<br \/>\n3.10. Wp\u0142yw melioracji na \u015brodowisko w Olszewku 89<\/p>\n<p>IV. Rodzina Fija\u0142kowskich 93<br \/>\n4.1. Rodzina Franciszka Fija\u0142kowskiego, syna Jakuba 94<br \/>\n4.2. Rodzina Stanis\u0142awa Fija\u0142kowskiego \u2013 syna Jakuba 117<br \/>\n4.3. Rodzina Stanis\u0142awa Fija\u0142kowskiego-Bojarskiego 124<\/p>\n<p>V. Moje szkolne lata 131<br \/>\n5.1. Tajna szk\u00f3\u0142ka 131<br \/>\n5.2. Gminna szko\u0142a w Kuczborku 132<br \/>\n5.3. Pierwsza korepetycja 134<br \/>\n5.4. \u015amier\u0107 ojca 136<br \/>\n5.5. Pierwsza wojna \u015bwiatowa 137<br \/>\n5.6. Rolnik 139<br \/>\n5.7. Egzaminy 144<br \/>\n5.8. Gimnazjum m\u0119skie w M\u0142awie 146<br \/>\n5.9. M\u0142awscy gimnazjali\u015bci 148<\/p>\n<p>VI. Podwoda 153<br \/>\n6.1 Bombardowanie Lipna i Sikorza 161<br \/>\n6.2. Ucieczka 164<br \/>\n6.3. Kl\u0119ska bolszewik\u00f3w 168<br \/>\n6.4. Powr\u00f3t do Olszewka 170<br \/>\n6.5. Powr\u00f3t do gimnazjum 175<br \/>\n6.6. Napady gniewu 175<br \/>\n6.7. Klasa VIII i matura 180<\/p>\n<p>VII. Studia prawnicze w Warszawie 183<br \/>\n7.1. Bursa rzemie\u015blnicza w Dzia\u0142dowie 186<br \/>\n7.2. Kolega Zygmunt Olszewski 188<br \/>\n7.3. Pa\u0142ac Blocha i korepetycje 190<br \/>\n7.4. Stypendium 194<br \/>\n7.5. W Warszawie z W\u0142adzi\u0105 195<br \/>\n7.6. \u015amier\u0107 Mamy 198<br \/>\nVIII. Moja aplikacja i szko\u0142a piel\u0119gniarek W\u0142adzi 201<br \/>\n8.1. Wsp\u00f3\u0142praca z W\u0142adzi\u0105 204<br \/>\n8.2. S\u0119dzia 205<br \/>\n8.3. Prokurator 207<\/p>\n<p>IX. Druga wojna \u015bwiatowa \u2013 na kraw\u0119dzi \u015bmierci 209<br \/>\n9.1. Napa\u015b\u0107 Rosji 214<br \/>\n9.2. R\u00f3wne 215<br \/>\n9.3. \u0141uck 233<br \/>\n9.4. Brze\u015b\u0107 237<br \/>\n9.5. Zatrzymanie 239<br \/>\n9.6. Granica 245<br \/>\n9.7. Powr\u00f3t do Piastowa 249<br \/>\n9.8. Terror okupacji niemieckiej 250<br \/>\n9.9. Wojna w Olszewku 256<br \/>\n9.10. Piast\u00f3w 259<\/p>\n<p>X. Po wojnie 261<br \/>\n10.1. Prokuratura w M\u0142awie 264<br \/>\n10.2. Sprawiedliwo\u015b\u0107 dla konfidenta 266<br \/>\n10.3. Bezczynno\u015b\u0107 w ministerstwie 269<br \/>\n10.4. Adwokat 271<br \/>\n10.5. Emerytura 276<\/p>\n<p>XI. \u017bycie rodzinne 279<\/p>\n<p>Edward Mazur, Adwokat Wac\u0142aw Fija\u0142kowski (1903\u20131994) 286<\/p>\n","protected":false},"excerpt":{"rendered":"<p>Dokumentarny zapis \u017cycia i los\u00f3w cz\u0142owieka rodzinnie zwi\u0105zanego z Mazurami i ci\u0119\u017ckimi warunkami \u017cycia polskiej wsi, \u015bwiadka i uczestnika dw\u00f3ch wojen, zagro\u017conego likwidacj\u0105 przez Sowiet\u00f3w i Niemc\u00f3w, prawnika i adwokata.<br \/>\nJedynie kilka egzemplarzy w sprzeda\u017cy.<\/p>\n","protected":false},"featured_media":4511,"comment_status":"closed","ping_status":"closed","template":"","meta":[],"product_cat":[419,60,59],"product_tag":[639,640,638,637],"_links":{"self":[{"href":"https:\/\/www.pewne.eu\/index.php\/wp-json\/wp\/v2\/product\/4510"}],"collection":[{"href":"https:\/\/www.pewne.eu\/index.php\/wp-json\/wp\/v2\/product"}],"about":[{"href":"https:\/\/www.pewne.eu\/index.php\/wp-json\/wp\/v2\/types\/product"}],"replies":[{"embeddable":true,"href":"https:\/\/www.pewne.eu\/index.php\/wp-json\/wp\/v2\/comments?post=4510"}],"wp:featuredmedia":[{"embeddable":true,"href":"https:\/\/www.pewne.eu\/index.php\/wp-json\/wp\/v2\/media\/4511"}],"wp:attachment":[{"href":"https:\/\/www.pewne.eu\/index.php\/wp-json\/wp\/v2\/media?parent=4510"}],"wp:term":[{"taxonomy":"product_cat","embeddable":true,"href":"https:\/\/www.pewne.eu\/index.php\/wp-json\/wp\/v2\/product_cat?post=4510"},{"taxonomy":"product_tag","embeddable":true,"href":"https:\/\/www.pewne.eu\/index.php\/wp-json\/wp\/v2\/product_tag?post=4510"}],"curies":[{"name":"wp","href":"https:\/\/api.w.org\/{rel}","templated":true}]}}