{"id":449,"date":"2018-09-08T12:01:53","date_gmt":"2018-09-08T10:01:53","guid":{"rendered":"http:\/\/www.pewne.eu\/?post_type=product&#038;p=449"},"modified":"2024-06-07T16:22:25","modified_gmt":"2024-06-07T14:22:25","slug":"jacek-f-brzozowski-swietokrzyska-zapaska","status":"publish","type":"product","link":"https:\/\/www.pewne.eu\/index.php\/produkt\/jacek-f-brzozowski-swietokrzyska-zapaska\/","title":{"rendered":"Jacek F. Brzozowski, \u015awi\u0119tokrzyska zapaska"},"content":{"rendered":"<p>Trzecie, zmienione i uzupe\u0142nione wydanie &#8222;\u015awi\u0119tokrzyskiej zapaski&#8221; przynosi dwie nowe gaw\u0119dy, a rezygnuje ze szkic\u00f3w czysto krytycznoliterackich. Zanurzamy si\u0119 w \u015bwiat wspomnie\u0144: rodzinnych, zwi\u0105zanych z rodzinn\u0105 Korytnic\u0105 i Nid\u0105, biograficznych (W\u0142odawa i Bug), historycznych (AK, dzia\u0142alno\u015b\u0107 niepodleg\u0142o\u015bciowa, rze\u017a galicyjska, internowanie w stanie wojennym), podr\u00f3\u017cniczych i literackich. Barwna i wielow\u0105tkowa tkanina zapisuje miejsca, ludzi i zapachy czasu, kt\u00f3ry by\u0142, ale i kt\u00f3ry trwa, nios\u0105c nas, nasze rodziny i osobiste do\u015bwiadczenie \u015bwiata, kultury i historii.<\/p>\n<p>Format: 135 x 210 mm<\/p>\n<p>Obj\u0119to\u015b\u0107: 204 s.<\/p>\n<p>ISBN 978-83-63518-19-6<\/p>\n<p>Oprawa mi\u0119kka, klejona.<\/p>\n<p>&nbsp;<\/p>\n<p><em>Podziwia\u0142em wiersze, odczuwa\u0142em wobec nich szacunek nieomal nabo\u017cny, ale pasjami lubi\u0142em raczej powie\u015bci, opowiastki, gaw\u0119dy i wszelkie baj\u0119dy. Mo\u017ce wskutek zanurzenia od dziecka w oceanie lokalnych opowie\u015bci i mit\u00f3w, kt\u00f3re snu\u0142y si\u0119 przez ca\u0142e d\u0142ugie wieczory jak lniana ni\u0107 w matczynym ko\u0142owrotku, jak lniane struny postawu na matczynych krosnach, pomi\u0119dzy kt\u00f3rymi miga\u0142o cz\u00f3\u0142enko przy \u015bwietle ksi\u0119\u017cyca, a mo\u017ce lampy naftowej? W \u015brodku tej \u0142\u00f3deczki, co przewozi\u0142a archaik\u0119 w dzisiejszo\u015b\u0107, tkwi\u0142a cywka, wyci\u0119ta z czarnego bzu, na kt\u00f3r\u0105 nawija\u0142o si\u0119 ni\u0107 barwnego we\u0142nianego w\u0105tku. Ile\u017c godzin sp\u0119dzi\u0142em pod tymi krosnami, patrz\u0105c na pracuj\u0105c\u0105 matk\u0119\u00a0<\/em><em>i nudz\u0105c j\u0105 o utkanie mi koszuli ze lnu?!<\/em><\/p>\n<p>Fragment gaw\u0119dy <em>Ksi\u0105\u017cki<\/em><\/p>\n<p>&nbsp;<\/p>\n<div><strong>Spis tre\u015bci<\/strong><\/div>\n<div>Nad Nid\u0105 \u00a0 \u00a07<\/div>\n<div>Ksi\u0105\u017cki \u00a045<\/div>\n<div>Jak trudno szewcem zosta\u0107 \u00a051<\/div>\n<div>Pr\u00f3by 103<\/div>\n<div>Wigilia \u201881 131<\/div>\n<div>Okno na trzecim pi\u0119trze 153<\/div>\n<div>Na szlaku 163<\/div>\n<div>Pami\u0119\u0107 Komborni 169<\/div>\n<div>Cyryl W\u0142odawiuk 189<\/div>\n<div>Nota edytorska 201<\/div>\n","protected":false},"excerpt":{"rendered":"<p>Barwne, wielow\u0105tkowe wspomnienia rodzinne i osobiste, splecione z wydarzeniami historii, znacz\u0105cej los ka\u017cdego cz\u0142owieka i ka\u017cdej rodziny<\/p>\n","protected":false},"featured_media":453,"comment_status":"open","ping_status":"closed","template":"","meta":[],"product_cat":[16,59],"product_tag":[126,127],"_links":{"self":[{"href":"https:\/\/www.pewne.eu\/index.php\/wp-json\/wp\/v2\/product\/449"}],"collection":[{"href":"https:\/\/www.pewne.eu\/index.php\/wp-json\/wp\/v2\/product"}],"about":[{"href":"https:\/\/www.pewne.eu\/index.php\/wp-json\/wp\/v2\/types\/product"}],"replies":[{"embeddable":true,"href":"https:\/\/www.pewne.eu\/index.php\/wp-json\/wp\/v2\/comments?post=449"}],"wp:featuredmedia":[{"embeddable":true,"href":"https:\/\/www.pewne.eu\/index.php\/wp-json\/wp\/v2\/media\/453"}],"wp:attachment":[{"href":"https:\/\/www.pewne.eu\/index.php\/wp-json\/wp\/v2\/media?parent=449"}],"wp:term":[{"taxonomy":"product_cat","embeddable":true,"href":"https:\/\/www.pewne.eu\/index.php\/wp-json\/wp\/v2\/product_cat?post=449"},{"taxonomy":"product_tag","embeddable":true,"href":"https:\/\/www.pewne.eu\/index.php\/wp-json\/wp\/v2\/product_tag?post=449"}],"curies":[{"name":"wp","href":"https:\/\/api.w.org\/{rel}","templated":true}]}}