{"id":435,"date":"2018-07-06T00:51:44","date_gmt":"2018-07-05T22:51:44","guid":{"rendered":"http:\/\/www.pewne.eu\/?post_type=product&#038;p=435"},"modified":"2026-01-01T18:21:39","modified_gmt":"2026-01-01T16:21:39","slug":"andrzej-tyszczyk-w-kregu-tragicznosci-studia","status":"publish","type":"product","link":"https:\/\/www.pewne.eu\/index.php\/produkt\/andrzej-tyszczyk-w-kregu-tragicznosci-studia\/","title":{"rendered":"Andrzej Tyszczyk, W kr\u0119gu tragiczno\u015bci. Studia"},"content":{"rendered":"<p>Pomieszczone w tomie studia s\u0105 rezultatem bada\u0144 nad kategori\u0105 tragiczno\u015bci, prowadzonych przeze autora od wielu lat. W nawi\u0105zaniu do Ingardenowskiego poj\u0119cia jako\u015bci metafizycznych rozwa\u017cania zosta\u0142y oparte na dw\u00f3ch biegunowych punktach odniesienia. Pierwszy wyznacza tragedia grecka oraz niekt\u00f3re teksty Starego Testamentu, uj\u0119te tu jako szczeg\u00f3lnego rodzaju <em>arche<\/em>tragiczno\u015bci w kulturze Zachodu lub, innymi s\u0142owy, podstawowe dla tej kultury strukturalizacje do\u015bwiadczenia tragiczno\u015bci (cz\u0119\u015b\u0107 I). Drugi biegun wyznaczony jest natomiast przez do\u015bwiadczenie ponadindywidualnych \u201etragedii dziejowych\u201d dwudziestego wieku, reprezentowanych w ksi\u0105\u017cce przez analiz\u0119 tekst\u00f3w Czes\u0142awa Mi\u0142osza i Icchaka Kacenelsona (cz\u0119\u015b\u0107 II), a tak\u017ce \u2013 zawart\u0105 w cz\u0119\u015bci pierwszej \u2013 pr\u00f3b\u0119 opisania Holocaustu w kategoriach tragedii ofiar. \u00a0W rozprawach zawartych w III cz\u0119\u015bci ksi\u0105\u017cki, analizuj\u0105c dwa przypadki prawdy w literaturze, autor pr\u00f3buje obok prawdy rozumianej w kategoriach warto\u015bci logicznych ugruntowa\u0107 poj\u0119cie \u201eprawdy\u201d jako partycypacji sztuki s\u0142owa w nawarstwiaj\u0105cym si\u0119 dziejowo do\u015bwiadczeniu ludzkiego sposobu istnienia. Tragiczno\u015b\u0107 w tym uj\u0119ciu stanowi jego istotn\u0105 strukturalizacj\u0119.<\/p>\n<p><em>&#8222;&#8230;Absurd jest kategori\u0105 do\u015bwiadczenia \u015bwiata przemocy i zag\u0142ady od wewn\u0105trz, od strony getta, obozu, do\u0142u z wapnem czy komory gazowej, ale jest to punkt widzenia niedost\u0119pny nikomu poza ofiarami. Je\u015bli do\u015bwiadczenie to ma by\u0107 w jakikolwiek spos\u00f3b rozja\u015bnione za pomoc\u0105 kategorii tragiczno\u015bci, to konieczny je<span class=\"text_exposed_show\">st \u2212 i jedynie mo\u017cliwy \u2013 inny, zewn\u0119trzny punkt widzenia, w kt\u00f3rym tragedia ofiar zostaje uchwycona nie tyle jako do\u015bwiadczenie jednostki, lecz jako struktura \u015bwiata, \u201ew kt\u00f3rym co\u015b takiego jest mo\u017cliwe\u201d. Z tego punktu widzenia tragiczna niewinno\u015b\u0107 ocala najbardziej poruszaj\u0105cy i pos\u0119pny zarazem jego element, \u201eskandal moralny\u201d, kt\u00f3ry ten \u201e\u015bwiat\u201d ustanowi\u0142&#8230;&#8221;<\/span><\/em><\/p>\n<p>Projekt ok\u0142adki: Agnieszka Piksa (z w\u0142asn\u0105 grafik\u0105 \u201eZagadka Sfinksa\u201d)<\/p>\n<p>Format: 165 x 235 mm<\/p>\n<p>Obj\u0119to\u015b\u0107: 232 strony<\/p>\n<p>Oprawa mi\u0119kka, foliowana<\/p>\n<p>ISBN 978-83-63518-18-9<\/p>\n<p>Cena: 32 z\u0142 (bez koszt\u00f3w wysy\u0142ki)<\/p>\n<p>Pe\u0142ny opis i spis tre\u015bci tu:<\/p>\n<blockquote class=\"wp-embedded-content\" data-secret=\"mwduQp0OxC\"><p><a href=\"https:\/\/www.pewne.eu\/index.php\/2018\/07\/05\/andrzej-tyszczyk-w-kregu-tragicznosci-studia\/\">Andrzej Tyszczyk, W kr\u0119gu tragiczno\u015bci. Studia<\/a><\/p><\/blockquote>\n<p><iframe class=\"wp-embedded-content\" sandbox=\"allow-scripts\" security=\"restricted\" style=\"position: absolute; clip: rect(1px, 1px, 1px, 1px);\" title=\"&#8222;Andrzej Tyszczyk, W kr\u0119gu tragiczno\u015bci. Studia&#8221; &#8212; Pewne Wydawnictwo\" src=\"https:\/\/www.pewne.eu\/index.php\/2018\/07\/05\/andrzej-tyszczyk-w-kregu-tragicznosci-studia\/embed\/#?secret=b2PPlZe5AW#?secret=mwduQp0OxC\" data-secret=\"mwduQp0OxC\" width=\"600\" height=\"338\" frameborder=\"0\" marginwidth=\"0\" marginheight=\"0\" scrolling=\"no\"><\/iframe><\/p>\n","protected":false},"excerpt":{"rendered":"<p>Zbi\u00f3r studi\u00f3w z pogranicza filozofii i literaturoznastwa po\u015bwi\u0119conych kategorii tragizmu i zagadnieniu tragiczno\u015bci. Przedmiotem analizy grecka tragedia (m,in. Ifigenia), postacie biblijne (Hiob), poezja Kacenelsona, Mi\u0142osza i in. Inspiracje Ingardenowskie, analiza zagadnienia prawdy w literaturze, obszerne fragmenty interpretuj\u0105ce literatur\u0119.<\/p>\n","protected":false},"featured_media":436,"comment_status":"open","ping_status":"closed","template":"","meta":[],"product_cat":[481,17,60],"product_tag":[113,116,121,117,118,119,120,44,115,122,123,124,125,114],"_links":{"self":[{"href":"https:\/\/www.pewne.eu\/index.php\/wp-json\/wp\/v2\/product\/435"}],"collection":[{"href":"https:\/\/www.pewne.eu\/index.php\/wp-json\/wp\/v2\/product"}],"about":[{"href":"https:\/\/www.pewne.eu\/index.php\/wp-json\/wp\/v2\/types\/product"}],"replies":[{"embeddable":true,"href":"https:\/\/www.pewne.eu\/index.php\/wp-json\/wp\/v2\/comments?post=435"}],"wp:featuredmedia":[{"embeddable":true,"href":"https:\/\/www.pewne.eu\/index.php\/wp-json\/wp\/v2\/media\/436"}],"wp:attachment":[{"href":"https:\/\/www.pewne.eu\/index.php\/wp-json\/wp\/v2\/media?parent=435"}],"wp:term":[{"taxonomy":"product_cat","embeddable":true,"href":"https:\/\/www.pewne.eu\/index.php\/wp-json\/wp\/v2\/product_cat?post=435"},{"taxonomy":"product_tag","embeddable":true,"href":"https:\/\/www.pewne.eu\/index.php\/wp-json\/wp\/v2\/product_tag?post=435"}],"curies":[{"name":"wp","href":"https:\/\/api.w.org\/{rel}","templated":true}]}}