{"id":4243,"date":"2025-11-11T16:11:08","date_gmt":"2025-11-11T14:11:08","guid":{"rendered":"https:\/\/www.pewne.eu\/?post_type=product&#038;p=4243"},"modified":"2026-02-11T09:36:23","modified_gmt":"2026-02-11T07:36:23","slug":"stefan-zeromski-puszcza-jodlowa-ku-ekologii-biosfery","status":"publish","type":"product","link":"https:\/\/www.pewne.eu\/index.php\/produkt\/stefan-zeromski-puszcza-jodlowa-ku-ekologii-biosfery\/","title":{"rendered":"Stefan \u017beromski, Puszcza jod\u0142owa. Ku ekologii biosfery"},"content":{"rendered":"<p>Now\u0105 seri\u0119 Ku ekologii biosfery, redagowan\u0105 przez prof. Pasquale Policastro z Uniwersytetu Szczeci\u0144skiego otwieramy \u201ePuszcz\u0105 jod\u0142ow\u0105\u201d Stefana \u017beromskiego. Nowej edycji tekstu towarzyszy esej redaktora \u201e<em>Puszcza jod\u0142owa<\/em> a ekologia biosfery. \u017bycie, przyroda, kultura narodu&#8221; b\u0119d\u0105cy refleksj\u0105 nad znaczeniem natury dla cz\u0142owieczego \u017cycia, funkcj\u0105 lasu, sakralno\u015bci\u0105 przyrody i to\u017csamo\u015bci\u0105 narodow\u0105.<\/p>\n<p>Tekst \u017beromskiego opracowa\u0142 Adam Cedro.<\/p>\n<p>Ksi\u0105\u017ck\u0119 wydano we wsp\u00f3\u0142pracy z Wydzia\u0142em Prawa i Administracji Uniwersytetu Szczeci\u0144skiego.<\/p>\n<p>ISBN 978-83-67962-29-2<\/p>\n<p>Format: 148,5 x 210 mm<\/p>\n<p>Obj\u0119to\u015b\u0107: 42 strony<\/p>\n<p>Oprawa mi\u0119kka, klejona.<\/p>\n<p>Ok\u0142adka: karton z wtr\u0105ceniami<\/p>\n<p>Publikacja ma charakter edukacyjny: w sprawie zam\u00f3wie\u0144 wi\u0119kszej liczby egzemplarzy prosimy o kontakt z wydawnictwem.<\/p>\n","protected":false},"excerpt":{"rendered":"<p>&#8222;Puszcza jod\u0142owa&#8221; S. \u017beromskiego z towarzysz\u0105cym jej esejem Pasquale Policastro. Pierwszy tom nowej serii Ku ekologii biosfery.<\/p>\n","protected":false},"featured_media":4244,"comment_status":"closed","ping_status":"closed","template":"","meta":[],"product_cat":[133,134,17,60],"product_tag":[53,604,605,603,576,575,574],"_links":{"self":[{"href":"https:\/\/www.pewne.eu\/index.php\/wp-json\/wp\/v2\/product\/4243"}],"collection":[{"href":"https:\/\/www.pewne.eu\/index.php\/wp-json\/wp\/v2\/product"}],"about":[{"href":"https:\/\/www.pewne.eu\/index.php\/wp-json\/wp\/v2\/types\/product"}],"replies":[{"embeddable":true,"href":"https:\/\/www.pewne.eu\/index.php\/wp-json\/wp\/v2\/comments?post=4243"}],"wp:featuredmedia":[{"embeddable":true,"href":"https:\/\/www.pewne.eu\/index.php\/wp-json\/wp\/v2\/media\/4244"}],"wp:attachment":[{"href":"https:\/\/www.pewne.eu\/index.php\/wp-json\/wp\/v2\/media?parent=4243"}],"wp:term":[{"taxonomy":"product_cat","embeddable":true,"href":"https:\/\/www.pewne.eu\/index.php\/wp-json\/wp\/v2\/product_cat?post=4243"},{"taxonomy":"product_tag","embeddable":true,"href":"https:\/\/www.pewne.eu\/index.php\/wp-json\/wp\/v2\/product_tag?post=4243"}],"curies":[{"name":"wp","href":"https:\/\/api.w.org\/{rel}","templated":true}]}}