{"id":4211,"date":"2025-11-02T22:18:57","date_gmt":"2025-11-02T20:18:57","guid":{"rendered":"https:\/\/www.pewne.eu\/?post_type=product&#038;p=4211"},"modified":"2026-04-18T15:50:55","modified_gmt":"2026-04-18T13:50:55","slug":"c-norwid-aktor-oprac-kazimierz-braun","status":"publish","type":"product","link":"https:\/\/www.pewne.eu\/index.php\/produkt\/c-norwid-aktor-oprac-kazimierz-braun\/","title":{"rendered":"C. Norwid, Aktor. Oprac. Kazimierz Braun"},"content":{"rendered":"<p>Dramat Cypriana Norwida <em>Aktor<\/em> dotar\u0142 do potomnych w dw\u00f3ch, uszkodzonych wersjach r\u0119kopisu. Tak te\u017c by\u0142 ju\u017c wielokrotnie publikowany. W tym wydaniu ten pi\u0119kny i m\u0105dry dramat ukazuje si\u0119 po raz pierwszy jako ca\u0142o\u015b\u0107, stworzona z tych dw\u00f3ch wersji tak, aby powsta\u0142 tekst jednolity, kt\u00f3rego akcja rozwija si\u0119 logicznie i jest ca\u0142kowicie sp\u00f3jna. Adaptacji dokona\u0142 Kazimierz Braun. Tekst dramatu poprzedzony jest obszernym wprowadzeniem, prezentuj\u0105cym sylwetk\u0119 biografii Norwida (s. 7), jego dorobek dramatopisarski (s. 43), charakterystyk\u0119 dramat\u00f3w Norwida (s. 51), charakterystyk\u0119\u00a0<em>Aktora<\/em> (s. 71), uwagi re\u017cyserskie i sceniczne, tekst dramatu (s. 101).<\/p>\n<p>Tekst ilustrowany szkicami Norwida i niedawno odkrytym autoportretem.<\/p>\n<p>Kazimierz Braun jest re\u017cyserem, pisarzem, historykiem i teoretykiem teatru. Re\u017cyserowa\u0142 w kraju i za granic\u0105. By\u0142 dyrektorem teatr\u00f3w w Lublinie i we Wroc\u0142awiu. Wyk\u0142ada\u0142 na Uniwersytecie Wroc\u0142awskim oraz uczy\u0142 aktorstwa i re\u017cyserii w PWST Krak\u00f3w \u2013 Wroc\u0142aw. Zwolniony z pracy przez w\u0142adze komunistyczne w 1984 roku z powodu dzia\u0142alno\u015bci opozycyjnej, re\u017cyserowa\u0142 w Stanach Zjednoczonych, Irlandii i Kanadzie oraz wyk\u0142ada\u0142 i uczy\u0142 re\u017cyserii na uniwersytetach ameryka\u0144skich. W jego dorobku znajduje si\u0119 re\u017cyseria ponad 150 przedstawie\u0144 teatralnych i\u00a0 telewizyjnych oraz publikacja ponad 80 ksi\u0105\u017cek, w tym prac naukowych, powie\u015bci, dramat\u00f3w, poezji i przek\u0142ad\u00f3w.<\/p>\n<p>Ksi\u0105\u017cka jest 7 tomem serii Pewne Norwidiana. Tom zosta\u0142 wydany w kooperacji z Muzeum Cypriana Norwida w D\u0119binkach.<\/p>\n<p>Spis tre\u015bci<\/p>\n<ol>\n<li>Wst\u0119p 7<\/li>\n<\/ol>\n<p>2. Dorobek dramatopisarski Norwida 43<\/p>\n<p>3. Dramaty Norwida \u2013 charakterystyka og\u00f3lna 51<\/p>\n<p>4. Czytaj\u0105c \u201eAktora\u201d Norwida 71<\/p>\n<p><em>Aktor <\/em>101<\/p>\n<p>&nbsp;<\/p>\n<p>Format: 125 x 190 mm<\/p>\n<p>Obj\u0119to\u015b\u0107: 192 strony<\/p>\n<p>ISBN 978-83-68035-03-2 (Muzeum Cypriana Norwida w D\u0119binkach)<\/p>\n<p>ISBN 978-83-67962-31-5 (Pewne Wydawnictwo)<\/p>\n","protected":false},"excerpt":{"rendered":"<p>W tym wydaniu ten pi\u0119kny i m\u0105dry dramat ukazuje si\u0119 po raz pierwszy jako ca\u0142o\u015b\u0107, stworzona z tych dw\u00f3ch wersji tak, aby powsta\u0142 tekst jednolity, kt\u00f3rego akcja rozwija si\u0119 logicznie i jest ca\u0142kowicie sp\u00f3jna. Adaptacji dokona\u0142 Kazimierz Braun.<\/p>\n","protected":false},"featured_media":4212,"comment_status":"closed","ping_status":"closed","template":"","meta":[],"product_cat":[439,16,18,17,60],"product_tag":[53,602,72,244,205,289,245],"_links":{"self":[{"href":"https:\/\/www.pewne.eu\/index.php\/wp-json\/wp\/v2\/product\/4211"}],"collection":[{"href":"https:\/\/www.pewne.eu\/index.php\/wp-json\/wp\/v2\/product"}],"about":[{"href":"https:\/\/www.pewne.eu\/index.php\/wp-json\/wp\/v2\/types\/product"}],"replies":[{"embeddable":true,"href":"https:\/\/www.pewne.eu\/index.php\/wp-json\/wp\/v2\/comments?post=4211"}],"wp:featuredmedia":[{"embeddable":true,"href":"https:\/\/www.pewne.eu\/index.php\/wp-json\/wp\/v2\/media\/4212"}],"wp:attachment":[{"href":"https:\/\/www.pewne.eu\/index.php\/wp-json\/wp\/v2\/media?parent=4211"}],"wp:term":[{"taxonomy":"product_cat","embeddable":true,"href":"https:\/\/www.pewne.eu\/index.php\/wp-json\/wp\/v2\/product_cat?post=4211"},{"taxonomy":"product_tag","embeddable":true,"href":"https:\/\/www.pewne.eu\/index.php\/wp-json\/wp\/v2\/product_tag?post=4211"}],"curies":[{"name":"wp","href":"https:\/\/api.w.org\/{rel}","templated":true}]}}