{"id":4087,"date":"2025-06-24T22:49:21","date_gmt":"2025-06-24T20:49:21","guid":{"rendered":"https:\/\/www.pewne.eu\/?post_type=product&#038;p=4087"},"modified":"2026-04-10T18:30:35","modified_gmt":"2026-04-10T16:30:35","slug":"adam-mickiewicz-liryki-lozanskie-boguslaw-dopart-o-lirykach-lozanskich-adama-mickiewicza-zarys-monograficzny","status":"publish","type":"product","link":"https:\/\/www.pewne.eu\/index.php\/produkt\/adam-mickiewicz-liryki-lozanskie-boguslaw-dopart-o-lirykach-lozanskich-adama-mickiewicza-zarys-monograficzny\/","title":{"rendered":"Adam Mickiewicz, Liryki loza\u0144skie \/ Bogus\u0142aw Dopart, O lirykach loza\u0144skich  Adama Mickiewicza. Zarys monograficzny"},"content":{"rendered":"<p>Przedstawiamy now\u0105 monografi\u0119 Mickiewiczowego arcydzie\u0142a opracowan\u0105 przez prof. Bogus\u0142awa Doparta. Ksi\u0105\u017cka jest si\u00f3dmym tomem serii Album Romantyczne pod redakcj\u0105 naukow\u0105 dr hab. Magdaleny Wo\u017aniewskiej-Dzia\u0142ak.<\/p>\n<p>Oto fragment recenzji prof. Ewy Hoffmann-Piotrowskiej:<\/p>\n<p>\u201eKsi\u0105\u017cka po\u015bwi\u0119cona zosta\u0142a utworom Mickiewicza, kt\u00f3re od kilku dziesi\u0119cioleci wydaj\u0105 si\u0119 wsp\u00f3\u0142czesnym czytelnikom i badaczom szczeg\u00f3lnie atrakcyjnie. Ich przes\u0142anie, nieci\u0105g\u0142a, brulionowa forma, po\u015bwiadczaj\u0105, \u017ce mamy do czynienia z \u201earcydzie\u0142em w ruchu\u201d, z tekstem \u2013 jak uj\u0105\u0142 to Autor opracowania \u2013 \u201eparadoksalnie gotowym i nieuko\u0144czonym, ukszta\u0142towanym i wystawionym na konfigurowanie alternatywne\u201d.<\/p>\n<p>Recepcja \u201ep\u00f3\u017anych wnuk\u00f3w\u201d, zapocz\u0105tkowana przez odwa\u017cne wypowiedzi awangardzisty Przybosia w obronie \u201edrobiazg\u00f3w\u201d lirycznych, kt\u00f3re k\u0142opota\u0142y jeszcze badaczy prze\u0142omu wiek\u00f3w, jest nadal wyj\u0105tkowo \u017cywa i otwarta. Posthuma poetyckie cz\u0119sto sprawiaj\u0105 zreszt\u0105 wra\u017cenie utwor\u00f3w owianych tajemnic\u0105 i z tego powodu dodatkowo atrakcyjnych recepcyjnie. Loza\u0144skie wiersze, kt\u00f3rych poeta \u201enie opublikowa\u0142, ale i nie wrzuci\u0142 w ogie\u0144\u201d, to przy tym bardzo intymny zapis liryczny, w kt\u00f3rym pisarz powierza czytelnikowi \u017ar\u00f3d\u0142ow\u0105 i nieupozowan\u0105 prawd\u0119 w\u0142asnego istnienia.<\/p>\n<p>Czytelnik otrzymuje propozycj\u0119 lektury liryk\u00f3w loza\u0144skich szeroko skontekstualizowan\u0105, przy czym Badacz za najistotniejszy uznaje wymiar biografii tw\u00f3rczej Mickiewicza, z kt\u00f3r\u0105 poeta wchodzi w dialog, z kt\u00f3r\u0105 polemizuje i kt\u00f3r\u0105 jednocze\u015bnie dope\u0142nia o nowy wymiar intelektualny i estetyczny. [\u2026] ksi\u0105\u017cka jest dzie\u0142em gruntownie przemy\u015blanym, zwartym, mo\u017cna by rzec nawet \u2013 totalnym i pod wieloma wzgl\u0119dami nowatorskim.\u201d<\/p>\n<p>Liryki loza\u0144skie opatrzone s\u0105 obszernym komentarzem prof. Doparta i obja\u015bnieniami. Tom uzupe\u0142niaj\u0105 wcze\u015bniejsze teksty krakowskiego uczonego, kt\u00f3re przynosz\u0105 dodatkowe konteksty interpretacyjne i historycznoliterackie (zob. spis tre\u015bci ni\u017cej). Otrzymujemy monografi\u0119, kt\u00f3ra wprowadza nie tylko nowe lekcje tekstu, ale zawiera reprodukcje wszystkich zachowanych autograf\u00f3w liryk\u00f3w z cyklu, a tak\u017ce obszerny materia\u0142 ilustracyjny.<\/p>\n<p>Publikacja przygotowana jest z my\u015bl\u0105 o studentach filologii polskiej, polonistach, historykach literatury, wszystkich mi\u0142o\u015bnik\u00f3w tw\u00f3rczo\u015bci Mickiewicza i spojrzenia na ni\u0105 w perspektywie aktualnego stanu wiedzy.<\/p>\n<p>Wcze\u015bniej w serii ukaza\u0142y si\u0119:\u00a0<em>Ballady i romanse<\/em>,\u00a0<em>Promethidion<\/em>,\u00a0<em>Reduta Ordona<\/em>, <em>Pan Jowialski, Skargi Jeremiego<\/em> Ujejskiego, <em>Zachwycenie <\/em>i <em>B\u0142ogos\u0142awiona<\/em> Lenartowicza.\u00a0Seria Album Romantyczne, powo\u0142ana w Roku Romantyzmu Polskiego, stanowi projekt wydawniczy maj\u0105cy na celu publikacj\u0119 krytycznych i komentowanych edycji dzie\u0142 literatury polskiej. Pomys\u0142odawcy serii we wsp\u00f3\u0142pracy z Rad\u0105 Naukow\u0105 pragn\u0105 przywraca\u0107 pami\u0119ci wsp\u00f3\u0142czesnych czytelnik\u00f3w wybitne dokonania tw\u00f3rc\u00f3w XIX w., w tym dzie\u0142a zapoznane i nieobecne w powszechnej \u015bwiadomo\u015bci. Kolejne tomy serii s\u0105 opatrzone obja\u015bnieniami i komentarzami uwzgl\u0119dniaj\u0105cymi wsp\u00f3\u0142czesny stan bada\u0144 nad literatur\u0105 romantyczn\u0105.<br \/>\nRealizacja projektu \u0142\u0105czy w sobie cele naukowe, badawcze i edukacyjne. Intencj\u0105 autor\u00f3w opracowa\u0144 i wydawcy serii jest krzewienie wysokiej kultury literackiej i edytorskiej.<\/p>\n<p>Tom recenzowa\u0142a prof. dr hab. Ewa Hoffman-Piotrowska<\/p>\n<p>Korekta: Paulina Przepi\u00f3rka<\/p>\n<p>Opracowanie typograficzne: Adam Cedro<\/p>\n<p>&nbsp;<\/p>\n<p>&nbsp;<\/p>\n<div><strong>Spis tre\u015bci<\/strong><\/div>\n<div><\/div>\n<div>\n<div>I. Teksty \u00a0 \u00a0 7<\/div>\n<div>Adam Mickiewicz, Cykl loza\u0144ski\u00a0 9<\/div>\n<div>\u00a0 \u00a0 \u00a0Uciec z dusz\u0105 na li\u015bcie\u2026 \u00a0 11<\/div>\n<div>\u00a0 \u00a0 \u00a0Gdy tu m\u00f3j trup\u2026\u2006 \u00a0 13<\/div>\n<div>\u00a0 \u00a0 \u00a0Ach, ju\u017c i w rodzicielskim domu\u2026\u00a0 15<\/div>\n<div>\u00a0 \u00a0 \u00a0Nad wod\u0105 wielk\u0105 i czyst\u0105\u2026\u00a0 \u00a0 17<\/div>\n<div>\u00a0 \u00a0 \u00a0Pola\u0142y si\u0119 \u0142zy me czyste\u2026 \u00a0 19<\/div>\n<div>\u00a0 \u00a0 \u00a0Snu\u0107 mi\u0142o\u015b\u0107\u2026\u00a0 21<\/div>\n<div>R\u0119kopisy23<\/div>\n<div>\u00a0 \u00a0 \u00a0Nad wod\u0105 wielk\u0105 i czyst\u0105\u2026\u00a0 25<\/div>\n<div>\u00a0 \u00a0 \u00a0Gdy tu m\u00f3j trup\u2026\u2006 \u00a0 26<\/div>\n<div>\u00a0 \u00a0 \u00a0Uciec z dusz\u0105 na li\u015bcie\u2026\u00a0 28<\/div>\n<div>\u00a0 \u00a0 \u00a0Ach, ju\u017c i w rodzicielskim domu\u2026\u00a0 28<\/div>\n<div>\u00a0 \u00a0 \u00a0Snu\u0107 mi\u0142o\u015b\u0107\u2026\u00a0 \u00a0 29<\/div>\n<div>Komentarz 31<\/div>\n<div>\u00a0 \u00a0 \u00a0Bogus\u0142aw Dopart, Liryki loza\u0144skie Adama Mickiewicza33<\/div>\n<div><\/div>\n<div>II. Studia 111<\/div>\n<div>\u00a0 \u00a0 \u00a0Poemat \u015ani\u0142a si\u0119 zima\u2026 z perspektywy loza\u0144skiej liryki\u00a0Mickiewicza 113<\/div>\n<div>\u00a0 \u00a0 \u00a0O Widzeniu Adama Mickiewicza 129<\/div>\n<div>\u00a0 \u00a0 \u00a0Cykl Mickiewiczowski a romantyczna wielka forma 141<\/div>\n<div><\/div>\n<div>III. Konteksty 185<\/div>\n<div>Wiersze 187<\/div>\n<div>\u00a0 \u00a0 \u00a0\u015ani\u0142a si\u0119 zima\u2026\u2006 189<\/div>\n<div>\u00a0 \u00a0 \u00a0\u017bal rozrzutnika\u2006\u00a0 \u00a0 193<\/div>\n<div>\u00a0 \u00a0 \u00a0Bro\u0144 mnie przed sob\u0105 samym\u2026\u2006 194<\/div>\n<div>\u00a0 \u00a0 \u00a0Widzenie\u2006 196<\/div>\n<div><\/div>\n<div>Wyk\u0142ady loza\u0144skie199<\/div>\n<div>\u00a0 \u00a0 \u00a0Wyk\u0142ad I\u2006\u00a0 \u00a0 201<\/div>\n<div>\u00a0 \u00a0 \u00a0Wyk\u0142ad instalacyjny\u2006 213<\/div>\n<div><\/div>\n<div>Listy\u00a0 225<\/div>\n<div>\u00a0 \u00a0 \u00a0List do Ignacego Domeyki z 11 sierpnia 1839 227<\/div>\n<div>\u00a0 \u00a0 \u00a0List do Bohdana Zaleskiego z 20 wrze\u015bnia [1839]230<\/div>\n<div>\u00a0 \u00a0 \u00a0List do Bohdana Zaleskiego z 29 listopada [1839]232<\/div>\n<div>\u00a0 \u00a0 \u00a0List do Ignacego Domeyki z 7-8 grudnia\u00a0 1839230<\/div>\n<div>\u00a0 \u00a0 \u00a0List do Bohdana Zaleskiego z 7 stycznia [1840]238<\/div>\n<div>\u00a0 \u00a0 \u00a0List do Ignacego Domeyki z 15 lutego 1839240<\/div>\n<div>\u00a0 \u00a0 \u00a0List do Bohdana Zaleskiego z 2[3] kwietnia 1840243<\/div>\n<div>\u00a0 \u00a0 \u00a0List do Bohdana Zaleskiego z 4 wrze\u015bnia [1840] 245<\/div>\n<div><\/div>\n<div>Wykaz skr\u00f3t\u00f3w 247<\/div>\n<div>Bibliografia 249<\/div>\n<\/div>\n<p>Format bloku: 140 x 205 mm<\/p>\n<p>Obj\u0119to\u015b\u0107: 256\u00a0 stron<\/p>\n<p>Oprawa: twarda, szyta, folia b\u0142ysk<\/p>\n<p>ISBN 978-83-67962-25-4<\/p>\n<p>Pewne Wydawnictwo, Kielce 2025<\/p>\n<p>&nbsp;<\/p>\n","protected":false},"excerpt":{"rendered":"<p>Nowa edycja liryk\u00f3w loza\u0144skich Adama Mickiewicza w opracowaniu prof. dr. hab. Bogus\u0142awa Doparta. Ksi\u0105\u017cka jest si\u00f3dmym tomem serii Album Romantyczne<\/p>\n","protected":false},"featured_media":4088,"comment_status":"open","ping_status":"closed","template":"","meta":[],"product_cat":[548,481,16,20,17,60],"product_tag":[53,326,371,592,593,594,596,591,597,76,143,394,595,274,547],"_links":{"self":[{"href":"https:\/\/www.pewne.eu\/index.php\/wp-json\/wp\/v2\/product\/4087"}],"collection":[{"href":"https:\/\/www.pewne.eu\/index.php\/wp-json\/wp\/v2\/product"}],"about":[{"href":"https:\/\/www.pewne.eu\/index.php\/wp-json\/wp\/v2\/types\/product"}],"replies":[{"embeddable":true,"href":"https:\/\/www.pewne.eu\/index.php\/wp-json\/wp\/v2\/comments?post=4087"}],"wp:featuredmedia":[{"embeddable":true,"href":"https:\/\/www.pewne.eu\/index.php\/wp-json\/wp\/v2\/media\/4088"}],"wp:attachment":[{"href":"https:\/\/www.pewne.eu\/index.php\/wp-json\/wp\/v2\/media?parent=4087"}],"wp:term":[{"taxonomy":"product_cat","embeddable":true,"href":"https:\/\/www.pewne.eu\/index.php\/wp-json\/wp\/v2\/product_cat?post=4087"},{"taxonomy":"product_tag","embeddable":true,"href":"https:\/\/www.pewne.eu\/index.php\/wp-json\/wp\/v2\/product_tag?post=4087"}],"curies":[{"name":"wp","href":"https:\/\/api.w.org\/{rel}","templated":true}]}}