{"id":4033,"date":"2025-05-02T22:46:14","date_gmt":"2025-05-02T20:46:14","guid":{"rendered":"https:\/\/www.pewne.eu\/?post_type=product&#038;p=4033"},"modified":"2025-11-12T12:52:26","modified_gmt":"2025-11-12T10:52:26","slug":"pod-tafla-wody-katedra-glosy-z-wyspy","status":"publish","type":"product","link":"https:\/\/www.pewne.eu\/index.php\/produkt\/pod-tafla-wody-katedra-glosy-z-wyspy\/","title":{"rendered":"Pod tafl\u0105 wody katedra. G\u0142osy z wyspy"},"content":{"rendered":"<p>Pocza\u0328wszy od roku 2014 Fundacja Identitas wspiera humanisto\u0301w finansowo, promuje ich ksia\u0328z\u0307ki i organizuje dla nich warsztaty literackie. Przyznaje tez\u0307 corocznie literacka\u0328 Nagrode\u0328 Identitas. W 2024 roku odby\u0142a sie\u0328 kolejna edycja Nagrody Identitas, w ramach kto\u0301rej szo\u0301stka autoro\u0301w nominowanych przez jury pod kierunkiem Wojciecha Stanis\u0142awskiego odby\u0142a na prze\u0142omie wrze\u015bnia i pa\u017adziernika warsztaty na arktycznej wyspie Ul\u00f8ya.<br \/>\nNominacje do Nagrody Identitas 2024 i zaproszenie na arktyczne warsztaty otrzymali:<br \/>\n\u2022 Paulina Subocz-Bia\u0142ek za Ostatni lot Filomeli (seria Biblioteka \u201eToposu&#8221;, Instytut Ksi\u0105\u017cki); wyro\u0301z\u0307nienie do Nagrody Identitas 2024<br \/>\n\u2022 Aleksandra Tarnowska za Wniebog\u0142os (wyd. ArtRage)<br \/>\n\u2022 Krzysztof Ch\u0142opek za Sz\u0142o na \u017cycie (wyd. Podlaski Instytut Kultury)<br \/>\n\u2022 \u0141ukasz Krukowski za Mam przeczucie (wyd. Cyranka)<br \/>\n\u2022 Pawe\u0142 Radziszewski za Niepowinno\u015b\u0107 (wyd. SQN)<br \/>\na tak\u017ce<br \/>\n\u2022 Ireneusz Staro\u0144 za Wzg\u00f3rze bz\u00f3w (Wydawnictwo Ursines); Nagroda Identitas 2024<br \/>\nJeden z warsztato\u0301w przygotowa\u0142a i przeprowadzi\u0142a Justyna Melonowska, a teksty zawarte w niniejszym tomiku sa\u0328 owocem tej pracy.<br \/>\nDo powstania tej antologii szczego\u0301lnie przyczynili sie\u0328 wspomniana Justyna Melonowska oraz Tomasz Kaz\u0301mierowski, pomys\u0142odawca literackich warsztat\u00f3w na Ul\u00f8yi.<\/p>\n<p>Nasza ksi\u0105\u017cka prezentuje pok\u0142osie tych warsztat\u00f3w.<\/p>\n<p>Spis rzeczy<\/p>\n<div>Paulina Subocz-Bia\u0142ek<\/div>\n<div>* * * [le\u017c\u0119 na brzuchu wieloryba&#8230;] 9<\/div>\n<div>niemy \u015bpiewak 14<\/div>\n<div><\/div>\n<div>Ireneusz Staro\u0144<\/div>\n<div>Przyjdzie z g\u00f3r 17<\/div>\n<div><\/div>\n<div>Aleksandra Tarnowska<\/div>\n<div>S\u0142oneczko 25<\/div>\n<div><\/div>\n<div>Pawe\u0142 Radziszewski<\/div>\n<div>W \u017cyciu nie jad\u0142 35<\/div>\n<div><\/div>\n<div>Krzysztof Ch\u0142opek<\/div>\n<div>S\u0142owo 43<\/div>\n<div><\/div>\n<div>Justyna Melonowska<\/div>\n<div>Pos\u0142owie 53<\/div>\n<div><\/div>\n<div>Zdj\u0119cie na ok\u0142adce: Tomasz Ka\u017amierowski<\/div>\n<div>Opracowanie graficzne: Adam CedroFormat: 140 x 210 mm<\/div>\n<div>Obj\u0119to\u015b\u0107: 56 stron<\/div>\n<div>Oprawa mi\u0119kka, foliowana<\/div>\n<div>ISBN 978-83-67962-24-7<\/div>\n<div>Kielce, 2025<\/div>\n<div>Realizacja wydawnicza: Pewne Wydawnictwo<\/div>\n","protected":false},"excerpt":{"rendered":"<p>Pocza\u0328wszy od roku 2014 Fundacja Identitas wspiera humanisto\u0301w finansowo, promuje ich ksia\u0328z\u0307ki i organizuje dla nich warsztaty literackie. Przyznaje tez\u0307 corocznie literacka\u0328 Nagrode\u0328 Identitas. W 2024 roku odby\u0142a sie\u0328 kolejna edycja Nagrody Identitas, w ramach kto\u0301rej szo\u0301stka autoro\u0301w nominowanych przez jury pod kierunkiem Wojciecha Stanis\u0142awskiego odby\u0142a na prze\u0142omie wrze\u015bnia i pa\u017adziernika warsztaty na arktycznej wyspie [&hellip;]<\/p>\n","protected":false},"featured_media":4034,"comment_status":"closed","ping_status":"closed","template":"","meta":[],"product_cat":[419,133,134,20,60],"product_tag":[587,508,586,510,589,585,588,584,506,590],"_links":{"self":[{"href":"https:\/\/www.pewne.eu\/index.php\/wp-json\/wp\/v2\/product\/4033"}],"collection":[{"href":"https:\/\/www.pewne.eu\/index.php\/wp-json\/wp\/v2\/product"}],"about":[{"href":"https:\/\/www.pewne.eu\/index.php\/wp-json\/wp\/v2\/types\/product"}],"replies":[{"embeddable":true,"href":"https:\/\/www.pewne.eu\/index.php\/wp-json\/wp\/v2\/comments?post=4033"}],"wp:featuredmedia":[{"embeddable":true,"href":"https:\/\/www.pewne.eu\/index.php\/wp-json\/wp\/v2\/media\/4034"}],"wp:attachment":[{"href":"https:\/\/www.pewne.eu\/index.php\/wp-json\/wp\/v2\/media?parent=4033"}],"wp:term":[{"taxonomy":"product_cat","embeddable":true,"href":"https:\/\/www.pewne.eu\/index.php\/wp-json\/wp\/v2\/product_cat?post=4033"},{"taxonomy":"product_tag","embeddable":true,"href":"https:\/\/www.pewne.eu\/index.php\/wp-json\/wp\/v2\/product_tag?post=4033"}],"curies":[{"name":"wp","href":"https:\/\/api.w.org\/{rel}","templated":true}]}}