{"id":4004,"date":"2025-04-11T22:52:26","date_gmt":"2025-04-11T20:52:26","guid":{"rendered":"https:\/\/www.pewne.eu\/?post_type=product&#038;p=4004"},"modified":"2026-04-24T10:06:55","modified_gmt":"2026-04-24T08:06:55","slug":"andrzej-dragula-pozny-debiut","status":"publish","type":"product","link":"https:\/\/www.pewne.eu\/index.php\/produkt\/andrzej-dragula-pozny-debiut\/","title":{"rendered":"Andrzej Dragu\u0142a, P\u00f3\u017any debiut"},"content":{"rendered":"<p>Debiut poetycki teologa, autora, wyk\u0142adowcy.<br \/>\nCzy p\u00f3\u017any? Na pewno dojrza\u0142y. Pe\u0142en spostrzegawczych s\u0142\u00f3w.<\/p>\n<p>&nbsp;<\/p>\n<p>Spis tre\u015bci<\/p>\n<p>* * * [Nocami uk\u0142adam wiersze] 5<br \/>\n* * * [Wierzba mojego dzieci\u0144stwa] 6<br \/>\nPsalm uwiedzionego 7<br \/>\n* * * [Pami\u0119tam paradyskie \u0142uki] 9<br \/>\nWiersz ksi\u0119dza o mi\u0142o\u015bci 11<br \/>\nMorze Odysa 13<br \/>\nPowr\u00f3t Safony 14<br \/>\nTren 16<br \/>\n* * * [Urodzi si\u0119] 17<br \/>\n* * * [Deus mare] 18<br \/>\nPasja 19<br \/>\nKalwaria 20<br \/>\nMi\u0119dzy Jerozolim\u0105 a Jerychem 21<br \/>\nT\u0142um 22<br \/>\nMi\u0142o\u015b\u0107 grafficiarza 23<br \/>\n* * * [Kiedy do poety] 24<br \/>\nCzerwone cz\u00f3\u0142enka 25<br \/>\nNotre Dame 26<br \/>\nKwiaty jesieni 28<br \/>\nMama 30<br \/>\nSamotno\u015b\u0107 32<br \/>\nWiersz o jesieni 34<br \/>\nPowszednio\u015b\u0107 35<br \/>\n* * * [widzia\u0142em dzisiaj] 36<br \/>\nZdj\u0119cie z powodzi 38<br \/>\n* * * [Ksi\u0119\u017cyc] 39<br \/>\nWidok z okna w podr\u00f3\u017cy 40<br \/>\nBoska liturgia 41<br \/>\nOlimpiada 42<br \/>\nElegia o wie\u0144cu laurowym 44<br \/>\nCarlsbad 2024 45<br \/>\nPodr\u00f3\u017c ameryka\u0144ska 46<br \/>\n* * * [Wieczorami] 47<br \/>\nStare kobiety w ko\u015bciele 48<br \/>\nWspomnienie z pandemii I 49<br \/>\nWspomnienie z pandemii II 50<br \/>\nWspomnienie z pandemii III 51<br \/>\n* * * [Wojn\u0119 zna\u0142em] 52<br \/>\nTego dnia 54<br \/>\nApokalipsa 57<br \/>\nP\u00f3\u017any debiut 58<br \/>\nOddech papie\u017ca 61<\/p>\n<p>Format: 135 x 210 mm<\/p>\n<p>Obj\u0119to\u015b\u0107: 66 stron<\/p>\n<p>Oprawa mi\u0119kka, klejona<\/p>\n<p>Ok\u0142adka: karton barwiony w masie, niefoliowany<\/p>\n<p>Opracowanie graficzne: Adam Cedro<\/p>\n<p>ISBN 978-83-67962-22-3<\/p>\n<p>&nbsp;<\/p>\n","protected":false},"excerpt":{"rendered":"<p>Debiutancki tomik Andrzeja Dragu\u0142y.<\/p>\n","protected":false},"featured_media":4005,"comment_status":"open","ping_status":"closed","template":"","meta":[],"product_cat":[16,20,60],"product_tag":[581,453,151,315,582,583],"_links":{"self":[{"href":"https:\/\/www.pewne.eu\/index.php\/wp-json\/wp\/v2\/product\/4004"}],"collection":[{"href":"https:\/\/www.pewne.eu\/index.php\/wp-json\/wp\/v2\/product"}],"about":[{"href":"https:\/\/www.pewne.eu\/index.php\/wp-json\/wp\/v2\/types\/product"}],"replies":[{"embeddable":true,"href":"https:\/\/www.pewne.eu\/index.php\/wp-json\/wp\/v2\/comments?post=4004"}],"wp:featuredmedia":[{"embeddable":true,"href":"https:\/\/www.pewne.eu\/index.php\/wp-json\/wp\/v2\/media\/4005"}],"wp:attachment":[{"href":"https:\/\/www.pewne.eu\/index.php\/wp-json\/wp\/v2\/media?parent=4004"}],"wp:term":[{"taxonomy":"product_cat","embeddable":true,"href":"https:\/\/www.pewne.eu\/index.php\/wp-json\/wp\/v2\/product_cat?post=4004"},{"taxonomy":"product_tag","embeddable":true,"href":"https:\/\/www.pewne.eu\/index.php\/wp-json\/wp\/v2\/product_tag?post=4004"}],"curies":[{"name":"wp","href":"https:\/\/api.w.org\/{rel}","templated":true}]}}