{"id":3965,"date":"2025-03-29T23:45:39","date_gmt":"2025-03-29T21:45:39","guid":{"rendered":"https:\/\/www.pewne.eu\/?post_type=product&#038;p=3965"},"modified":"2026-05-04T15:10:36","modified_gmt":"2026-05-04T13:10:36","slug":"stefan-zeromski-puszcza-jodlowa-wydanie-jubileuszowe","status":"publish","type":"product","link":"https:\/\/www.pewne.eu\/index.php\/produkt\/stefan-zeromski-puszcza-jodlowa-wydanie-jubileuszowe\/","title":{"rendered":"Stefan \u017beromski, Puszcza jod\u0142owa. Wydanie jubileuszowe"},"content":{"rendered":"<p>Pewne Wydawnictwo postanowi\u0142o w\u0142\u0105czy\u0107 si\u0119 w obchody Roku Stefana \u017beromskiego, zwi\u0105zanego ze stuletni\u0105 rocznic\u0105 \u015bmierci pisarza, kt\u00f3r\u0105 obchodzi\u0107 b\u0119dziemy w 2025 roku, szczeg\u00f3ln\u0105 edycj\u0105 ostatniego dzie\u0142a pisarza, &#8222;Puszczy jod\u0142owej&#8221;.<\/p>\n<p>Pocz\u0105tkowy zamys\u0142 opublikowania tekstu z autografem utworu (czystopisem), przechowywanym w lwowskiej bibliotece Uniwersytetu im. Iwana Franki, przerodzi\u0142 si\u0119 w trakcie opracowania w rzecz o zupe\u0142nie innym wymiarze, w zasadzie now\u0105 edycj\u0119 tego niezwyk\u0142ego tekstu. Dokonano nie tylko niezb\u0119dnych modernizacji, wynikaj\u0105cych ze zmian pisownianych, ale poprawiono kilka istotnych b\u0142\u0119d\u00f3w, wprowadzonych do tekstu \u017beromskiego przez wydawc\u00f3w i edytor\u00f3w. Z tego powodu mo\u017cna m\u00f3wi\u0107 o &#8222;edycji naprawczej&#8221;, przywracaj\u0105cej w\u0142a\u015bciwy kszta\u0142t autorskiego dzie\u0142a.<\/p>\n<p>Publikacj\u0119 wzbogacono o zdj\u0119cia z regionu, w kt\u00f3rym m\u0142odo\u015b\u0107 sp\u0119dzi\u0142 Stefan \u017beromski, podobiznami krajobraz\u00f3w i wa\u017cnych dla niego miejsc. Tak wi\u0119c jest ona zarazem albumu pokazuj\u0105cego pi\u0119kno G\u00f3r \u015awi\u0119tokrzyskich.<\/p>\n<p>Pos\u0142owie do ksi\u0105\u017cki napisa\u0142 J\u00f3zef Franciszek Fert. Dodaje w nich swoje do\u015bwiadczenie i wiedz\u0119 do kanonicznego tekstu \u017beromskiego.<\/p>\n<p>I rzecz ostatnia: ca\u0142o\u015b\u0107 publikacji opracowa\u0142 za\u0142o\u017cyciel Pewnego Wydawnictwa, Adam Cedro. Zar\u00f3wno edycja tekstu jak i zdj\u0119cia, a tak\u017ce opracowanie graficzne s\u0105 jego autorstwa. To osobisty ho\u0142d mieszkaj\u0105cego w Kielcach edytora dla czo\u0142owego pisarza regionu.<\/p>\n<p>Publikacja ma charakter niskonak\u0142adowy. Nie znalaz\u0142a si\u0119 w Kielcach i w wojew\u00f3dztwie instytucja, kt\u00f3ra by\u0142aby zainteresowana opublikowaniem w wi\u0119kszym nak\u0142adzie tego dzie\u0142a, tak pe\u0142nego mi\u0142o\u015bci do tej ziemi. Szkoda.<\/p>\n<p>&nbsp;<\/p>\n<p>Format: 165 x 210 mm<\/p>\n<p>Obj\u0119to\u015b\u0107: 80 stron<\/p>\n<p>Oprawa: klejona<\/p>\n<p>Ok\u0142adka: niefoliowana<\/p>\n<p>ISBN 978-83-67962-20-9<\/p>\n<p>Kielce, marzec 2025<\/p>\n<p>Korekta: Paulina Przepi\u00f3rka<\/p>\n<p>Opracowanie graficzne: Adam Cedro<\/p>\n<p>&nbsp;<\/p>\n","protected":false},"excerpt":{"rendered":"<p>Nowa edycja &#8222;Puszczy jod\u0142owej&#8221; z podobizn\u0105 lwowskiego czystopisu, wydana dla uczczenia Roku \u017beromskiego<\/p>\n","protected":false},"featured_media":3966,"comment_status":"closed","ping_status":"closed","template":"","meta":[],"product_cat":[419,133,134,60],"product_tag":[53,372,577,578,136,573,579,151,576,575,580,572,150,328,574],"_links":{"self":[{"href":"https:\/\/www.pewne.eu\/index.php\/wp-json\/wp\/v2\/product\/3965"}],"collection":[{"href":"https:\/\/www.pewne.eu\/index.php\/wp-json\/wp\/v2\/product"}],"about":[{"href":"https:\/\/www.pewne.eu\/index.php\/wp-json\/wp\/v2\/types\/product"}],"replies":[{"embeddable":true,"href":"https:\/\/www.pewne.eu\/index.php\/wp-json\/wp\/v2\/comments?post=3965"}],"wp:featuredmedia":[{"embeddable":true,"href":"https:\/\/www.pewne.eu\/index.php\/wp-json\/wp\/v2\/media\/3966"}],"wp:attachment":[{"href":"https:\/\/www.pewne.eu\/index.php\/wp-json\/wp\/v2\/media?parent=3965"}],"wp:term":[{"taxonomy":"product_cat","embeddable":true,"href":"https:\/\/www.pewne.eu\/index.php\/wp-json\/wp\/v2\/product_cat?post=3965"},{"taxonomy":"product_tag","embeddable":true,"href":"https:\/\/www.pewne.eu\/index.php\/wp-json\/wp\/v2\/product_tag?post=3965"}],"curies":[{"name":"wp","href":"https:\/\/api.w.org\/{rel}","templated":true}]}}