{"id":3947,"date":"2025-03-24T23:27:17","date_gmt":"2025-03-24T21:27:17","guid":{"rendered":"https:\/\/www.pewne.eu\/?post_type=product&#038;p=3947"},"modified":"2026-02-28T09:13:27","modified_gmt":"2026-02-28T07:13:27","slug":"aleksandra-danczyszyn-tuz-obok","status":"publish","type":"product","link":"https:\/\/www.pewne.eu\/index.php\/produkt\/aleksandra-danczyszyn-tuz-obok\/","title":{"rendered":"Aleksandra Da\u0144czyszyn, tu\u017c obok"},"content":{"rendered":"<p>Czwarty tom Aleksandry Da\u0144czyszyn, autorki \u201ekochanie\u201d (2020), \u201etiszertu z Bangladeszu\u201d (2023), \u201ekiedy zaczniesz \u015bpiewa\u0107\u201d (2023).<\/p>\n<p>Atrakcyjna forma cyklu buduje opowie\u015b\u0107, w kt\u00f3rej centrum jest cz\u0142owiek i najbli\u017cszy mu \u015bwiat: las. Wi\u0119cej nie wypada nam zdradzi\u0107.<\/p>\n<p>&nbsp;<\/p>\n<p>Format: 155 x 210 mm<\/p>\n<p>Obj\u0119to\u015b\u0107: 56 stron<\/p>\n<p>Oprawa: klejona<\/p>\n<p>Ok\u0142adka: niefoliowana, karton Kazan<\/p>\n<p>ISBN 978-83-67962-23-0<\/p>\n<p>Kielce 2025<\/p>\n<p>Opracowanie graficzne: Adam Cedro<\/p>\n<p>&nbsp;<\/p>\n","protected":false},"excerpt":{"rendered":"<p>Czwarty tom Aleksandry Da\u0144czyszyn, autorki \u201ekochanie\u201d (2020), \u201etiszertu z Bangladeszu\u201d (2023), \u201ekiedy zaczniesz \u015bpiewa\u0107\u201d (2023).<\/p>\n<p>Atrakcyjna forma cyklu buduje opowie\u015b\u0107, w kt\u00f3rej centrum jest cz\u0142owiek i najbli\u017cszy mu \u015bwiat: las. Wi\u0119cej nie wypada nam zdradzi\u0107.<\/p>\n","protected":false},"featured_media":3957,"comment_status":"closed","ping_status":"closed","template":"","meta":[],"product_cat":[20,60],"product_tag":[372,573,151,572,150],"_links":{"self":[{"href":"https:\/\/www.pewne.eu\/index.php\/wp-json\/wp\/v2\/product\/3947"}],"collection":[{"href":"https:\/\/www.pewne.eu\/index.php\/wp-json\/wp\/v2\/product"}],"about":[{"href":"https:\/\/www.pewne.eu\/index.php\/wp-json\/wp\/v2\/types\/product"}],"replies":[{"embeddable":true,"href":"https:\/\/www.pewne.eu\/index.php\/wp-json\/wp\/v2\/comments?post=3947"}],"wp:featuredmedia":[{"embeddable":true,"href":"https:\/\/www.pewne.eu\/index.php\/wp-json\/wp\/v2\/media\/3957"}],"wp:attachment":[{"href":"https:\/\/www.pewne.eu\/index.php\/wp-json\/wp\/v2\/media?parent=3947"}],"wp:term":[{"taxonomy":"product_cat","embeddable":true,"href":"https:\/\/www.pewne.eu\/index.php\/wp-json\/wp\/v2\/product_cat?post=3947"},{"taxonomy":"product_tag","embeddable":true,"href":"https:\/\/www.pewne.eu\/index.php\/wp-json\/wp\/v2\/product_tag?post=3947"}],"curies":[{"name":"wp","href":"https:\/\/api.w.org\/{rel}","templated":true}]}}