{"id":3636,"date":"2024-09-29T22:43:41","date_gmt":"2024-09-29T20:43:41","guid":{"rendered":"https:\/\/www.pewne.eu\/?post_type=product&#038;p=3636"},"modified":"2026-01-01T18:53:06","modified_gmt":"2026-01-01T16:53:06","slug":"maciej-bieszczad-wehikul","status":"publish","type":"product","link":"https:\/\/www.pewne.eu\/index.php\/produkt\/maciej-bieszczad-wehikul\/","title":{"rendered":"Maciej Bieszczad, Wehiku\u0142"},"content":{"rendered":"<p>Najnowszy, wydany we wrze\u015bniu 2024 r. tom poezji autora <em>Pasa\u017cy<\/em>.<\/p>\n<p>&nbsp;<\/p>\n<p>Format: 135 x 205 mm<\/p>\n<p>Obj\u0119to\u015b\u0107: 52 strony<\/p>\n<p>ISBN 978-83-67962-12-4<\/p>\n<p>Kielce 2024<\/p>\n<p>Opracowanie typograficzne Adam Cedro<\/p>\n<p>19 tomik w szarej serii poetyckiej Pewnego Wydawnictwa.<\/p>\n<p>&nbsp;<\/p>\n<p>Spis tre\u015bci<\/p>\n<div>Fala przyp\u0142ywu 5<br \/>\nRamiona 6<br \/>\nZew 7<br \/>\nLinijki z Pessoi 8<br \/>\nObracaj si\u0119, obracaj, czarodziejska kulo planety 9<br \/>\nUczynki 10<br \/>\nPrzemiany 11<br \/>\nP\u0142atki 12<br \/>\nPota\u0144c\u00f3wki 13<br \/>\nBagatele 14<br \/>\nArystoteles poprawia Poetyk\u0119 15<br \/>\nNocny Gerrit 16<br \/>\n\u017bona Kleofasa 17<br \/>\nZjawa 18<br \/>\nOniria 19<br \/>\nWo\u0142anie kosa 20<br \/>\nNa skraju zjawisk 21<br \/>\nSen nie jest najwygodniejszym odzieniem 22<br \/>\nTak blisko 24<br \/>\nMoria 25<br \/>\nWycinki z gazet 27<br \/>\nOmamy 28<br \/>\nBrudnopis 29<br \/>\nPortret ch\u0142opca 30<br \/>\nReceptura 32<br \/>\nZ\u0142udzenie 33<br \/>\nKurs w jedn\u0105 stron\u0119 35<br \/>\nNim spadnie ognisty Saturn 36<br \/>\nKryj\u00f3wka 37<br \/>\nLe\u015bna odyseja 38<br \/>\nKamie\u0144 m\u0142y\u0144ski 39<br \/>\nKr\u0119gi na wodzie 40<br \/>\nDni sierpniowe 41<br \/>\nZakole rzeki 42<br \/>\nStare drzewo zaprasza do walca 43<br \/>\nExit 44<br \/>\nLarnaka 45<br \/>\nLinia 46<br \/>\nS\u0142owa przedostatnie 47<br \/>\nKlepsydra 48<\/div>\n<p>&nbsp;<\/p>\n<p>&nbsp;<\/p>\n","protected":false},"excerpt":{"rendered":"<p>Najnowszy, wydany we wrze\u015bniu 2024 r. tom poezji autora <em>Pasa\u017cy<\/em>.<\/p>\n","protected":false},"featured_media":3637,"comment_status":"open","ping_status":"closed","template":"","meta":[],"product_cat":[16,20,60],"product_tag":[527,530,453,44,151,528,529],"_links":{"self":[{"href":"https:\/\/www.pewne.eu\/index.php\/wp-json\/wp\/v2\/product\/3636"}],"collection":[{"href":"https:\/\/www.pewne.eu\/index.php\/wp-json\/wp\/v2\/product"}],"about":[{"href":"https:\/\/www.pewne.eu\/index.php\/wp-json\/wp\/v2\/types\/product"}],"replies":[{"embeddable":true,"href":"https:\/\/www.pewne.eu\/index.php\/wp-json\/wp\/v2\/comments?post=3636"}],"wp:featuredmedia":[{"embeddable":true,"href":"https:\/\/www.pewne.eu\/index.php\/wp-json\/wp\/v2\/media\/3637"}],"wp:attachment":[{"href":"https:\/\/www.pewne.eu\/index.php\/wp-json\/wp\/v2\/media?parent=3636"}],"wp:term":[{"taxonomy":"product_cat","embeddable":true,"href":"https:\/\/www.pewne.eu\/index.php\/wp-json\/wp\/v2\/product_cat?post=3636"},{"taxonomy":"product_tag","embeddable":true,"href":"https:\/\/www.pewne.eu\/index.php\/wp-json\/wp\/v2\/product_tag?post=3636"}],"curies":[{"name":"wp","href":"https:\/\/api.w.org\/{rel}","templated":true}]}}