{"id":3591,"date":"2024-09-22T22:13:09","date_gmt":"2024-09-22T20:13:09","guid":{"rendered":"https:\/\/www.pewne.eu\/?post_type=product&#038;p=3591"},"modified":"2026-03-20T12:06:11","modified_gmt":"2026-03-20T10:06:11","slug":"kornel-ujejski-skargi-jeremiego","status":"publish","type":"product","link":"https:\/\/www.pewne.eu\/index.php\/produkt\/kornel-ujejski-skargi-jeremiego\/","title":{"rendered":"Kornel Ujejski, \u201eSkargi Jeremiego\u201d"},"content":{"rendered":"<p>Pewne Wydawnictwo opublikowa\u0142o now\u0105 edycj\u0119 obszernego wyboru tw\u00f3rczo\u015bci Kornela Ujejskiego w opracowaniu prof. dr. hab. Arkadiusza Bag\u0142ajewskiego. Ksi\u0105\u017cka jest pi\u0105tym tomem serii Album Romantyczne pod redakcj\u0105 naukow\u0105 dr hab. Magdaleny Wo\u017aniewskiej-Dzia\u0142ak.<\/p>\n<p>Jak pisze w recenzji prof. dr hab. Ma\u0142gorzata \u0141oboz: \u201e<em>Skargi Jeremiego<\/em> s\u0105 zapisem \u015bwiadomo\u015bci spo\u0142ecznej po traumatycznych do\u015bwiadczeniach rabacji galicyjskiej. Stanowi\u0105 obraz nie\u0142atwych (bo w obr\u0119bie jednej narodowej spo\u0142eczno\u015bci) refleksji medytacyjnych poety, zmagaj\u0105cego si\u0119 z obrazem antagonizm\u00f3w\u00a0 spo\u0142ecznych i politycznych. W polskim literaturoznawstwie ostatnich lat recepcja jego utwor\u00f3w zosta\u0142a zregenerowana i od\u015bwie\u017cona w pracach Arkadiusza Bag\u0142ajewskiego \u2013 znakomitego znawcy tw\u00f3rczo\u015bci \u201eostatniego romantyka\u201d [\u2026]. Ujejski na mapie romantyzmu krajowego wypracowa\u0142 znacz\u0105ce miejsce, zajmuj\u0105c pozycj\u0119 \u201epolskiego Jeremiego\u201d \u2013\u00a0 kontynuatora mesjanistycznego wizjonerstwa w patetycznej stylizacji biblijnej, wyraziciela typowo romantycznej koncepcji zbawienia narodu w oparciu o idea\u0142y etyki chrze\u015bcija\u0144skiej, praktykowanej w obliczu katastrof powsta\u0144czych oraz g\u0142\u0119bokich podzia\u0142\u00f3w spo\u0142ecznych, politycznych i \u015bwiatopogl\u0105dowych w II po\u0142owie XIX w. Liryki Ujejskiego w od\u015bwie\u017conej oprawie edytorskiej stanowi\u0105 warto\u015bciowe przedsi\u0119wzi\u0119cie dokumentacyjno-poznawcze. [\u2026] Za\u0142\u0105czony materia\u0142 ilustracyjny waloryzuje ca\u0142o\u015b\u0107 pod wzgl\u0119dem intelektualnym, poznawczym i estetycznym&#8221;.<\/p>\n<p>Ksi\u0105\u017cka przynosi obie cz\u0119\u015bci\u00a0 <em>Skarg Jeremiego<\/em>, ale tak\u017ce<em> G\u0119\u015bl Jermiasza, Jeremiasza<\/em>, a tak\u017ce fragmenty przem\u00f3wie\u0144 Ujejskiego oraz jego korespondencji. Jest bogato ilustrowana, m.in. kompletem grafik Jana Styki do<em> Chora\u0142u.<\/em><\/p>\n<p>Teksty poddano modernizacji, opatrzono obja\u015bnieniami, zamyka j\u0105 komentarz autora opracowania oraz bibliografia. Zach\u0119camy do zajrzenia do galerii zdj\u0119\u0107, co pozwoli na pe\u0142niejsze poznanie jej zawarto\u015bci i charakteru.<\/p>\n<p>Publikacja przygotowana jest z my\u015bl\u0105 o studentach filologii polskiej, polonistach, historykach literatury, teatrologach i wszystkich, kt\u00f3rzy s\u0105 zainteresowani poznaniem tw\u00f3rczo\u015bci Ujejskiego.<\/p>\n<p>Zapraszamy do obejrzenia galerii zdj\u0119\u0107.<\/p>\n<p>Wcze\u015bniej w serii ukaza\u0142y si\u0119:\u00a0<em>Ballady i romanse<\/em>,\u00a0<em>Promethidion<\/em>,\u00a0<em>Reduta Ordona<\/em> i\u00a0<em>Pan Jowialski<\/em>.\u00a0Seria Album Romantyczne, powo\u0142ana w Roku Romantyzmu Polskiego, stanowi projekt wydawniczy maj\u0105cy na celu publikacj\u0119 krytycznych i komentowanych edycji dzie\u0142 literatury polskiej. Pomys\u0142odawcy serii we wsp\u00f3\u0142pracy z Rad\u0105 Naukow\u0105 pragn\u0105 przywraca\u0107 pami\u0119ci wsp\u00f3\u0142czesnych czytelnik\u00f3w wybitne dokonania tw\u00f3rc\u00f3w XIX w., w tym dzie\u0142a zapoznane i nieobecne w powszechnej \u015bwiadomo\u015bci. Kolejne tomy serii b\u0119d\u0105 opatrzone obja\u015bnieniami i komentarzami uwzgl\u0119dniaj\u0105cymi wsp\u00f3\u0142czesny stan bada\u0144 nad literatur\u0105 romantyczn\u0105.<br \/>\nRealizacja projektu \u0142\u0105czy w sobie cele naukowe, badawcze i edukacyjne. Intencj\u0105 autor\u00f3w opracowa\u0144 i wydawcy serii jest krzewienie wysokiej kultury literackiej i edytorskiej.<\/p>\n<p>Tom recenzowa\u0142a prof. dr hab. Ma\u0142gorzata \u0141oboz<\/p>\n<p>Korekta: Weronika Rychta<\/p>\n<p>Opracowanie typograficzne: Adam Cedro<\/p>\n<p><strong>Dofinansowano ze \u015brodk\u00f3w Ministra Kultury i Dziedzictwa Narodowego pochodz\u0105cych z Funduszu Promocji Kultury \u2013 pa\u0144stwowego funduszu celowego.<\/strong><\/p>\n<p><img decoding=\"async\" loading=\"lazy\" class=\"alignnone size-medium wp-image-2931\" src=\"https:\/\/www.pewne.eu\/wp-content\/uploads\/2023\/10\/05_znak_uproszczony_kolor_biale_tlo_RGB-300x84.png\" alt=\"\" width=\"300\" height=\"84\" srcset=\"https:\/\/www.pewne.eu\/wp-content\/uploads\/2023\/10\/05_znak_uproszczony_kolor_biale_tlo_RGB-300x84.png 300w, https:\/\/www.pewne.eu\/wp-content\/uploads\/2023\/10\/05_znak_uproszczony_kolor_biale_tlo_RGB-1024x288.png 1024w, https:\/\/www.pewne.eu\/wp-content\/uploads\/2023\/10\/05_znak_uproszczony_kolor_biale_tlo_RGB-768x216.png 768w, https:\/\/www.pewne.eu\/wp-content\/uploads\/2023\/10\/05_znak_uproszczony_kolor_biale_tlo_RGB-1536x432.png 1536w, https:\/\/www.pewne.eu\/wp-content\/uploads\/2023\/10\/05_znak_uproszczony_kolor_biale_tlo_RGB-600x169.png 600w, https:\/\/www.pewne.eu\/wp-content\/uploads\/2023\/10\/05_znak_uproszczony_kolor_biale_tlo_RGB.png 1600w\" sizes=\"(max-width: 300px) 100vw, 300px\" \/><\/p>\n<p>&nbsp;<\/p>\n<div><strong>Spis tre\u015bci<\/strong><\/div>\n<div><\/div>\n<div>\n<div>Teksty 7<\/div>\n<div>Kornel Ujejski, Skargi Jeremiego 11<\/div>\n<div>S\u0142owo Jeremiego 15<\/div>\n<div>\u2002\u2002\u2002\u2002Pie\u015b\u0144 zemsty 17<\/div>\n<div>Noc natchnienia 25<\/div>\n<div>\u00a0 \u00a0 \u00a0 \u00a0 Ojcze nasz\u00a0 29<\/div>\n<div>\u00a0 \u00a0 \u00a0 \u00a0 Smutno nam, Bo\u017ce! 35<\/div>\n<div>\u00a0 \u00a0 \u00a0 \u00a0 Eli, eli, lama sabachtani 39<\/div>\n<div>\u00a0 \u00a0 \u00a0 \u00a0 Suplikacje 43<\/div>\n<div>\u00a0 \u00a0 \u00a0 \u00a0 Do Bogarodzicy 47<\/div>\n<div>\u00a0 \u00a0 \u00a0 \u00a0 W cze\u015b\u0107 umar\u0142ym 53<\/div>\n<div>\u00a0 \u00a0 \u00a0 \u00a0 Modlitwa wi\u0119\u017ania 59<\/div>\n<div>\u00a0 \u00a0 \u00a0 \u00a0 Modlitwa ojca przy chrzcie syna 65<\/div>\n<div>\u00a0 \u00a0 \u00a0 Za zb\u0142\u0105kanych 71<\/div>\n<div>\u00a0 \u00a0 \u00a0 \u00a0 Chora\u0142 77<\/div>\n<div>\u00a0 \u00a0 \u00a0 \u00a0 Chwa\u0142a tobie, Panie! 81<\/div>\n<div>\u00a0 \u00a0 \u00a0 \u00a0 Akt wiary 85<\/div>\n<div>Dodatek 89<\/div>\n<div>Krzy\u017c a miecz! 91<\/div>\n<div>Modlitwa 95<\/div>\n<div><\/div>\n<div>Ilustracje do Chora\u0142u Jana Styki 98<\/div>\n<div><\/div>\n<div>Skargi Jeremiego. Cz\u0119\u015b\u0107 druga\u00a0 107<\/div>\n<div>I. (Na ziemi mogi\u0142 dogas\u0142y ognie) 109<\/div>\n<div>II. (W\u0142osy \u015bci\u0105gn\u0105\u0142em na brwi) 111<\/div>\n<div>III. (Nie! nie! nie!) 117<\/div>\n<div>IV. (Ruszaj si\u0119, duszo! Oka nie zamykaj) 121<\/div>\n<div>V. (Straszny wielko\u015bci\u0105) 125<\/div>\n<div>VI. (\u201eLepsza nam kula, ni\u017ali takie \u017cycie!\u201d) 129<\/div>\n<div>VII. (Le\u017ca\u0142em wsparty o granit\u00f3w mur) 131<\/div>\n<div>VIII. (Le\u017ca\u0142em wsparty o granit\u00f3w mur) 135<\/div>\n<div>IX. (Z piersi zamkni\u0119tej, z ust \u015bci\u0119tych bole\u015bci\u0105) 139<\/div>\n<div>X. (Niech wstaje pie\u015b\u0144!)\u00a0 143<\/div>\n<div>XI. (Bogata\u015b, Polsko, w rady i sposoby! ) 147<\/div>\n<div>XII. (Po ka\u017cdej kl\u0119sce i zawodzie) 149<\/div>\n<div>XIII. (Moje zaciszne mieszkanie) 153<\/div>\n<div>XIV. (Wobec wroga sta\u0107 spokojnie) 159<\/div>\n<div>XV. (Id\u0105 dalej g\u0142odne lata)\u00a0 161<\/div>\n<div><\/div>\n<div>G\u0119\u015bl Jeremiasza 167<\/div>\n<div>Jeremiasz\u00a0 175<\/div>\n<div>Przem\u00f3wienia (fragmenty) 179<\/div>\n<div>Listy (fragmenty) 207<\/div>\n<div><\/div>\n<div>Komentarz 221<\/div>\n<div>Arkadiusz Bag\u0142ajewski, Polski Jeremi 223<\/div>\n<div><\/div>\n<div>Bibliografia (wyb\u00f3r) 263<\/div>\n<\/div>\n<p>&nbsp;<\/p>\n<p>Format bloku: 140 x 205 mm<\/p>\n<p>Obj\u0119to\u015b\u0107: 268\u00a0 stron<\/p>\n<p>Oprawa: twarda, szyta, folia b\u0142ysk<\/p>\n<p>ISBN 978-83-67962-11-7<\/p>\n<p>Pewne Wydawnictwo, Kielce 2024<\/p>\n<p>&nbsp;<\/p>\n","protected":false},"excerpt":{"rendered":"<p>Now\u0105 edycja obszernego wyboru tw\u00f3rczo\u015bci Kornela Ujejskiego w opracowaniu prof. dr. hab. Arkadiusza Bag\u0142ajewskiego. Ksi\u0105\u017cka jest pi\u0105tym tomem serii Album Romantyczne<\/p>\n<p><strong>Dofinansowano ze \u015brodk\u00f3w Ministra Kultury i Dziedzictwa Narodowego pochodz\u0105cych z Funduszu Promocji Kultury \u2013 pa\u0144stwowego funduszu celowego.<\/strong><\/p>\n<p><img decoding=\"async\" loading=\"lazy\" class=\"alignnone size-medium wp-image-2931\" src=\"https:\/\/www.pewne.eu\/wp-content\/uploads\/2023\/10\/05_znak_uproszczony_kolor_biale_tlo_RGB-300x84.png\" alt=\"\" width=\"300\" height=\"84\" srcset=\"https:\/\/www.pewne.eu\/wp-content\/uploads\/2023\/10\/05_znak_uproszczony_kolor_biale_tlo_RGB-300x84.png 300w, https:\/\/www.pewne.eu\/wp-content\/uploads\/2023\/10\/05_znak_uproszczony_kolor_biale_tlo_RGB-1024x288.png 1024w, https:\/\/www.pewne.eu\/wp-content\/uploads\/2023\/10\/05_znak_uproszczony_kolor_biale_tlo_RGB-768x216.png 768w, https:\/\/www.pewne.eu\/wp-content\/uploads\/2023\/10\/05_znak_uproszczony_kolor_biale_tlo_RGB-1536x432.png 1536w, https:\/\/www.pewne.eu\/wp-content\/uploads\/2023\/10\/05_znak_uproszczony_kolor_biale_tlo_RGB-600x169.png 600w, https:\/\/www.pewne.eu\/wp-content\/uploads\/2023\/10\/05_znak_uproszczony_kolor_biale_tlo_RGB.png 1600w\" sizes=\"(max-width: 300px) 100vw, 300px\" \/><\/p>\n","protected":false},"featured_media":3735,"comment_status":"open","ping_status":"closed","template":"","meta":[],"product_cat":[548,481,16,20,17,60],"product_tag":[53,371,543,444,549,545,544,76,388,331,547,546,300,328],"_links":{"self":[{"href":"https:\/\/www.pewne.eu\/index.php\/wp-json\/wp\/v2\/product\/3591"}],"collection":[{"href":"https:\/\/www.pewne.eu\/index.php\/wp-json\/wp\/v2\/product"}],"about":[{"href":"https:\/\/www.pewne.eu\/index.php\/wp-json\/wp\/v2\/types\/product"}],"replies":[{"embeddable":true,"href":"https:\/\/www.pewne.eu\/index.php\/wp-json\/wp\/v2\/comments?post=3591"}],"wp:featuredmedia":[{"embeddable":true,"href":"https:\/\/www.pewne.eu\/index.php\/wp-json\/wp\/v2\/media\/3735"}],"wp:attachment":[{"href":"https:\/\/www.pewne.eu\/index.php\/wp-json\/wp\/v2\/media?parent=3591"}],"wp:term":[{"taxonomy":"product_cat","embeddable":true,"href":"https:\/\/www.pewne.eu\/index.php\/wp-json\/wp\/v2\/product_cat?post=3591"},{"taxonomy":"product_tag","embeddable":true,"href":"https:\/\/www.pewne.eu\/index.php\/wp-json\/wp\/v2\/product_tag?post=3591"}],"curies":[{"name":"wp","href":"https:\/\/api.w.org\/{rel}","templated":true}]}}