{"id":355,"date":"2018-02-06T01:16:55","date_gmt":"2018-02-05T23:16:55","guid":{"rendered":"http:\/\/www.pewne.eu\/?post_type=product&#038;p=355"},"modified":"2019-06-02T20:12:05","modified_gmt":"2019-06-02T18:12:05","slug":"cyprian-norwid-epos-nasza","status":"publish","type":"product","link":"https:\/\/www.pewne.eu\/index.php\/produkt\/cyprian-norwid-epos-nasza\/","title":{"rendered":"Cyprian Norwid, Epos-nasza"},"content":{"rendered":"<p><img decoding=\"async\" loading=\"lazy\" class=\"alignleft wp-image-358\" src=\"http:\/\/www.pewne.eu\/wp-content\/uploads\/2018\/02\/20180204_100441-819x1024.jpg\" alt=\"\" width=\"276\" height=\"386\" \/>Bibliofilska publikacja przygotowania z okazji jubileuszu 90. urodzin prof. Jadwigi Puzyniny.<\/p>\n<p>Wydana w nak\u0142adzie 99 numerowanych egzemplarzy sygnowanych przez pomys\u0142odawc\u0119 (Tomasza Korpysza) i autora opracowania (Adama Cedr\u0119). Egzemplarz nr 1 otrzyma\u0142a w dniu 3 lutego 2018 roku Jubilatka.<\/p>\n<p>Do sprzeda\u017cy trafia jedynie 35 sztuk.<\/p>\n<p>Tekst ustalony na podstawie pierwodruku. Z dodatkiem krytycznym.<\/p>\n<p>Opracowanie tekstu i projektu: Adam Cedro<\/p>\n<p>Ksi\u0105\u017cka ilustrowana grafikami Gustava Dor\u00e9go z wydania Don Kichota z 1863 roku.<\/p>\n<p>Format: 165 x 210 mm<\/p>\n<p>Obj\u0119to\u015b\u0107: 36 stron<\/p>\n<p>Blok szyty, oprawa mi\u0119kka.<\/p>\n<p>ISBN 978-83-63518-14-1<\/p>\n","protected":false},"excerpt":{"rendered":"<p>Cyprian Norwid, Epos-nasza.<\/p>\n<p>Publikacja bibliofilska z krytycznym opracowaniem tekstu, wydrukowana w 99 numerowanych i sygnowanych egzemplarzach.<\/p>\n","protected":false},"featured_media":356,"comment_status":"open","ping_status":"closed","template":"","meta":[],"product_cat":[16,20,18,17,22],"product_tag":[53,72,82,73,44,75],"_links":{"self":[{"href":"https:\/\/www.pewne.eu\/index.php\/wp-json\/wp\/v2\/product\/355"}],"collection":[{"href":"https:\/\/www.pewne.eu\/index.php\/wp-json\/wp\/v2\/product"}],"about":[{"href":"https:\/\/www.pewne.eu\/index.php\/wp-json\/wp\/v2\/types\/product"}],"replies":[{"embeddable":true,"href":"https:\/\/www.pewne.eu\/index.php\/wp-json\/wp\/v2\/comments?post=355"}],"wp:featuredmedia":[{"embeddable":true,"href":"https:\/\/www.pewne.eu\/index.php\/wp-json\/wp\/v2\/media\/356"}],"wp:attachment":[{"href":"https:\/\/www.pewne.eu\/index.php\/wp-json\/wp\/v2\/media?parent=355"}],"wp:term":[{"taxonomy":"product_cat","embeddable":true,"href":"https:\/\/www.pewne.eu\/index.php\/wp-json\/wp\/v2\/product_cat?post=355"},{"taxonomy":"product_tag","embeddable":true,"href":"https:\/\/www.pewne.eu\/index.php\/wp-json\/wp\/v2\/product_tag?post=355"}],"curies":[{"name":"wp","href":"https:\/\/api.w.org\/{rel}","templated":true}]}}