{"id":3508,"date":"2024-08-03T23:48:16","date_gmt":"2024-08-03T21:48:16","guid":{"rendered":"https:\/\/www.pewne.eu\/?post_type=product&#038;p=3508"},"modified":"2025-01-01T16:23:18","modified_gmt":"2025-01-01T14:23:18","slug":"adam-szumlanski-ten-moment-gdy-zasypiasz","status":"publish","type":"product","link":"https:\/\/www.pewne.eu\/index.php\/produkt\/adam-szumlanski-ten-moment-gdy-zasypiasz\/","title":{"rendered":"Adam Szumla\u0144ski, Ten moment, gdy zasypiasz"},"content":{"rendered":"<p>Debiutancki tomik poezji Adama Szumla\u0144skiego.<\/p>\n<p>Wiersze, kt\u00f3re maj\u0105 co\u015b do powiedzenia.<\/p>\n<p>&nbsp;<\/p>\n<p>Format: 135 x 205 mm<\/p>\n<p>Obj\u0119to\u015b\u0107: 64 strony<\/p>\n<p>ISBN 978-83-67962-09-4<\/p>\n<p>Kielce 2024<\/p>\n<p>Opracowanie typograficzne Adam Cedro<\/p>\n<p>18 tomik w szarej serii poetyckiej Pewnego Wydawnictwa.<\/p>\n<p>&nbsp;<\/p>\n<p>Spis tre\u015bci<\/p>\n<div>7 | Ryby<\/div>\n<div>8|Ojciec<\/div>\n<div>9|List<\/div>\n<div>10|Dzieci<\/div>\n<div>11|Wszystkie odkryte wymiary<\/div>\n<div>12|Sara<\/div>\n<div>13|Pod mostem<\/div>\n<div>14|Zdj\u0119cia<\/div>\n<div>15|Urodziny<\/div>\n<div>16|Zegary<\/div>\n<div>17|Emerytura<\/div>\n<div>18|Kolory<\/div>\n<div>19|L\u00f3d<\/div>\n<div>20|Okno stagnacji<\/div>\n<div>21|Plamy<\/div>\n<div>22|Niewiadome<\/div>\n<div>23|Pierwsze spotkanie<\/div>\n<div>24|Oto cz\u0142owiek<\/div>\n<div>25|Nostalgia<\/div>\n<div>26|Film<\/div>\n<div>27|Dom<\/div>\n<div>28|Szukanie prawdy<\/div>\n<div>29|Dorastanie<\/div>\n<div>30|Przeb\u0142ysk<\/div>\n<div>31|Odkrywca<\/div>\n<div>32|\u015awi\u0119ta<\/div>\n<div>33|Karma<\/div>\n<div>34|Kamie\u0144<\/div>\n<div>35|Czas zimowy<\/div>\n<div>36|Bli\u017cej<\/div>\n<div>37|Pasywno\u015b\u0107 horyzontu<\/div>\n<div>38|Gwiazdki na mapie<\/div>\n<div>39|Puzzle bez obrazka<\/div>\n<div>40|Kalendarze<\/div>\n<div>41|Wieszcz<\/div>\n<div>42|Monitor<\/div>\n<div>43|Labirynt<\/div>\n<div>44|Stra\u017c po\u017carna<\/div>\n<div>45|Sekret<\/div>\n<div>46|Lot<\/div>\n<div>47|Nowe pocz\u0105tki<\/div>\n<div>48|P\u00f3\u017aniej<\/div>\n<div>49|Ambient<\/div>\n<div>50|Cie\u0144<\/div>\n<div>51|Nie mia\u0142em czasu<\/div>\n<div>52|Wina<\/div>\n<div>53|Potrzask wydarze\u0144<\/div>\n<div>54|Haiku<\/div>\n<div>55|Spe\u0142nienie<\/div>\n<div>56|Na wygnaniu<\/div>\n<div>57|Ostatni raz<\/div>\n<div>58|Wojownik<\/div>\n<div>59|D\u0142ug<\/div>\n<div>60|Wilk<\/div>\n<div>61|Kwitn\u0105c<\/div>\n<p>&nbsp;<\/p>\n<p>&nbsp;<\/p>\n","protected":false},"excerpt":{"rendered":"<p>Debiutancki tomik poezji Adama Szumla\u0144skiego<\/p>\n","protected":false},"featured_media":3509,"comment_status":"open","ping_status":"closed","template":"","meta":[],"product_cat":[16,20,60],"product_tag":[527,530,453,44,151,528,529],"_links":{"self":[{"href":"https:\/\/www.pewne.eu\/index.php\/wp-json\/wp\/v2\/product\/3508"}],"collection":[{"href":"https:\/\/www.pewne.eu\/index.php\/wp-json\/wp\/v2\/product"}],"about":[{"href":"https:\/\/www.pewne.eu\/index.php\/wp-json\/wp\/v2\/types\/product"}],"replies":[{"embeddable":true,"href":"https:\/\/www.pewne.eu\/index.php\/wp-json\/wp\/v2\/comments?post=3508"}],"wp:featuredmedia":[{"embeddable":true,"href":"https:\/\/www.pewne.eu\/index.php\/wp-json\/wp\/v2\/media\/3509"}],"wp:attachment":[{"href":"https:\/\/www.pewne.eu\/index.php\/wp-json\/wp\/v2\/media?parent=3508"}],"wp:term":[{"taxonomy":"product_cat","embeddable":true,"href":"https:\/\/www.pewne.eu\/index.php\/wp-json\/wp\/v2\/product_cat?post=3508"},{"taxonomy":"product_tag","embeddable":true,"href":"https:\/\/www.pewne.eu\/index.php\/wp-json\/wp\/v2\/product_tag?post=3508"}],"curies":[{"name":"wp","href":"https:\/\/api.w.org\/{rel}","templated":true}]}}