{"id":3374,"date":"2024-04-12T17:40:08","date_gmt":"2024-04-12T15:40:08","guid":{"rendered":"https:\/\/www.pewne.eu\/?post_type=product&#038;p=3374"},"modified":"2025-09-29T23:28:56","modified_gmt":"2025-09-29T21:28:56","slug":"bo-oto-minela-juz-zima-glosy-z-wyspy-uloya","status":"publish","type":"product","link":"https:\/\/www.pewne.eu\/index.php\/produkt\/bo-oto-minela-juz-zima-glosy-z-wyspy-uloya\/","title":{"rendered":"Bo oto min\u0119\u0142a ju\u017c zima. G\u0142osy z wyspy Ul\u00f8ya"},"content":{"rendered":"<p>Pocz\u0105wszy od roku 2014 Fundacja Identitas wspiera humanist\u00f3w finansowo, promuje ich ksi\u0105\u017cki i organizuje dla nich warsztaty literackie. Przyznaje te\u017c corocznie literack\u0105 Nagrod\u0119 Identitas. Od 2020 roku Nagrod\u0119 otrzymuj\u0105 pisarze do 41. roku \u017cycia. W 2023 roku odby\u0142a si\u0119 kolejna edycja Nagrody Identitas, w ramach kt\u00f3rej sz\u00f3stka autor\u00f3w nominowanych przez jury pod kierunkiem Wojciecha Stanis\u0142awskiego odby\u0142a warsztaty na arktycznej wyspie Ul\u00f8ya.<br \/>\nNominacje do Nagrody Identitas 2023 i zaproszenie na arktyczne warsztaty otrzymali:<br \/>\n\u2022 Jan Baron za Psi\u0144co (wyd. Convivo),<br \/>\n\u2022 Ma\u0142gorzata Lebda za Mer de Glace (wyd. Warstwy),<br \/>\n\u2022 Agata Ludwikowska za Granit (wyd. SPP w \u0141odzi),<br \/>\n\u2022 Jan Maciejewski (Nagroda Identitas 2023) za Milczenie katedry (wyd. Teologia Polityczna),<br \/>\n\u2022 Andrzej Muszy\u0144ski (wyr\u00f3\u017cnienie do Nagrody Identitas 2023) za Bez. Ballad\u0119 o Joannie i W\u0142adku z jurajskiej doliny (Wydawnictwo Literackie), a tak\u017ce<br \/>\n\u2022 Adrian Sinkowski za Atropin\u0119 (wyd. Biblioteka Toposu).<\/p>\n<p><strong>Jeden z warsztat\u00f3w przygotowa\u0142a i przeprowadzi\u0142a Justyna Melonowska, wzbogacaj\u0105c go o indywidualne sesje z ka\u017cdym z uczestnik\u00f3w. Teksty zawarte w niniejszym tomiku s\u0105 owocem tej pracy.<\/strong><\/p>\n<div>Spis rzeczy<\/div>\n<div>Justyna Melonowska,\u00a0Wst\u0119p\u00a0 9<\/div>\n<div>Justyna Melonowska,\u00a0C\u00f3rka Ewy\u00a0 15<\/div>\n<div>Jan Baron,\u00a0Pramatka Ewa do swoich dzieci 27<\/div>\n<div>Andrzej Muszy\u0144ski,\u00a0W\u0105\u017c 29<\/div>\n<div>Adrian Sinkowski,\u00a0Adam\u00a0 33<\/div>\n<div>Jan Maciejewski,\u00a0List Kaina\u00a0 37<\/div>\n<div>Jan Maciejewski,\u00a0Szata\u0144ski zak\u0142ad\u00a0 43<\/div>\n<div>Agata Ludwikowska,\u00a0Elohim 49<\/div>\n<p>Format: 140 x 210 mm<\/p>\n<p>obj\u0119to\u015b\u0107: 52 strony<\/p>\n<p>ISBN 978-83-67962-05-6<\/p>\n<p>Kielce 2024<\/p>\n<p>Oprawa mi\u0119kka, klejona, folia b\u0142ysk<br \/>\nZdj\u0119cie na ok\u0142adce: Tomasz Ka\u017amierowski<br \/>\nOpracowanie typograficzne i zdj\u0119cia: Adam Cedro<\/p>\n","protected":false},"excerpt":{"rendered":"<p>Ksi\u0105\u017cka zbiera literackie efekty warsztat\u00f3w na wyspie Ul\u00f8ya zorganizowanych przez Fundacj\u0119 Identitas i prowadzonych przez Justyn\u0119 Melanowsk\u0105<\/p>\n","protected":false},"featured_media":3375,"comment_status":"open","ping_status":"closed","template":"","meta":[],"product_cat":[96,134,16,20,60],"product_tag":[514,512,505,509,507,508,511,513,97,184,510,503,502,304,506,504],"_links":{"self":[{"href":"https:\/\/www.pewne.eu\/index.php\/wp-json\/wp\/v2\/product\/3374"}],"collection":[{"href":"https:\/\/www.pewne.eu\/index.php\/wp-json\/wp\/v2\/product"}],"about":[{"href":"https:\/\/www.pewne.eu\/index.php\/wp-json\/wp\/v2\/types\/product"}],"replies":[{"embeddable":true,"href":"https:\/\/www.pewne.eu\/index.php\/wp-json\/wp\/v2\/comments?post=3374"}],"wp:featuredmedia":[{"embeddable":true,"href":"https:\/\/www.pewne.eu\/index.php\/wp-json\/wp\/v2\/media\/3375"}],"wp:attachment":[{"href":"https:\/\/www.pewne.eu\/index.php\/wp-json\/wp\/v2\/media?parent=3374"}],"wp:term":[{"taxonomy":"product_cat","embeddable":true,"href":"https:\/\/www.pewne.eu\/index.php\/wp-json\/wp\/v2\/product_cat?post=3374"},{"taxonomy":"product_tag","embeddable":true,"href":"https:\/\/www.pewne.eu\/index.php\/wp-json\/wp\/v2\/product_tag?post=3374"}],"curies":[{"name":"wp","href":"https:\/\/api.w.org\/{rel}","templated":true}]}}