{"id":3339,"date":"2024-03-21T22:04:35","date_gmt":"2024-03-21T20:04:35","guid":{"rendered":"https:\/\/www.pewne.eu\/?post_type=product&#038;p=3339"},"modified":"2025-05-09T12:29:57","modified_gmt":"2025-05-09T10:29:57","slug":"zbigniew-dmitroca-deklaracja-niepodleglosci","status":"publish","type":"product","link":"https:\/\/www.pewne.eu\/index.php\/produkt\/zbigniew-dmitroca-deklaracja-niepodleglosci\/","title":{"rendered":"Zbigniew Dmitroca, Deklaracja niepodleg\u0142o\u015bci"},"content":{"rendered":"<p>Najnowszy tomik poezji Zbigniewa Dmitrocy &#8211; poety, t\u0142umacza, bajko- i dramatopisarza.<\/p>\n<p>Wydany 10 lat po poprzednim.<\/p>\n<p>&nbsp;<\/p>\n<p>Ilustracja na ok\u0142adce: Magdalena\u00a0J\u00f3zefczuk-Dmitroca<\/p>\n<p>&nbsp;<\/p>\n<p>Format: 135 x 205 mm<\/p>\n<p>Obj\u0119to\u015b\u0107: 76 stron<\/p>\n<p>ISBN 978-83-67962-06-3<\/p>\n<p>Kielce 2024<\/p>\n<p>Opracowanie typograficzne Adam Cedro<\/p>\n<p>17 tomik w szarej serii poetyckiej Pewnego Wydawnictwa.<\/p>\n<p>&nbsp;<\/p>\n<p>Spis tre\u015bci<\/p>\n<p>I<br \/>\nRozmowa 7<br \/>\nStary nied\u017awied\u017a 8<br \/>\nStare ma\u0142\u017ce\u0144stwo 9<br \/>\nZnaki czasu 10<br \/>\nSielanka 11<br \/>\nPrzy okazji 12<br \/>\nWyznanie wiary 13<br \/>\nPerspektywa skrzyp\u00f3w 14<br \/>\n\u015amier\u0107 kreta 15<br \/>\nStare domy 16<br \/>\nNieludzki holokaust 17<br \/>\nWieczne problemy z to\u017csamo\u015bci\u0105 19<br \/>\nIdylla bezgraniczna 20<br \/>\nNierozmowno\u015b\u0107 22<br \/>\nNie zadzwoni\u0119\u2026 23<br \/>\nRabka 24<br \/>\nBa\u017canty i inni 26<br \/>\nLandszaft jesienny 27<br \/>\nNiepoprawno\u015b\u0107 historyczna 28<br \/>\nKrzemie\u0144 29<br \/>\nFarciarze i pechowcy 30<br \/>\nOtoczak 32<br \/>\nSen 33<br \/>\nBallada o domu 35<br \/>\nNiekt\u00f3rzy 36<br \/>\nPentamer 37<br \/>\nNawet 38<br \/>\nInstrukcja 39<br \/>\nPowt\u00f3rka z tragedii 40<br \/>\nPytania 41<br \/>\nBallada o kamieniu 43<\/p>\n<p>II<br \/>\nWiersze o wojnie 47<br \/>\nKoniec historii 47<br \/>\nChcia\u0142em przed ni\u0105 uciec\u2026 48<br \/>\nPrzypowie\u015b\u0107 o biednych ch\u0142opcach 49<br \/>\nKr\u00f3tki wiersz o cz\u0142owiecze\u0144stwie 50<\/p>\n<p>III<br \/>\nKr\u00f3tki reporta\u017c z ko\u0144ca \u015bwiata 53<br \/>\nMia\u0142em sen\u2026 54<br \/>\nPielgrzymka 55<br \/>\nPrzeci\u0105gi 56<br \/>\nDeklaracja niepodleg\u0142o\u015bci 57<br \/>\nWyzwolenie 58<br \/>\nKrasnostawska Rachela 59<br \/>\nPalec niezb\u0119dny 60<br \/>\nPrzekorna historia oklask\u00f3w 61<br \/>\nKr\u00f3tka historia szcz\u0119\u015bliwej mi\u0142o\u015bci 62<br \/>\nW go\u015bciach 65<br \/>\nDobra matka 66<br \/>\nPostscriptum 67<br \/>\nPola, kamienie i los 68<br \/>\nNie wiadomo 71<br \/>\nPoroniony wiersz 73<\/p>\n<p>&nbsp;<\/p>\n<p>&nbsp;<\/p>\n","protected":false},"excerpt":{"rendered":"<p>Najnowszy (2024) tomik poezji Zbigniewa Dmitrocy. Poprzedni wydany by\u0142 10 lat temu.<\/p>\n","protected":false},"featured_media":3340,"comment_status":"open","ping_status":"closed","template":"","meta":[],"product_cat":[16,20,60],"product_tag":[500,499,501,44,151,498],"_links":{"self":[{"href":"https:\/\/www.pewne.eu\/index.php\/wp-json\/wp\/v2\/product\/3339"}],"collection":[{"href":"https:\/\/www.pewne.eu\/index.php\/wp-json\/wp\/v2\/product"}],"about":[{"href":"https:\/\/www.pewne.eu\/index.php\/wp-json\/wp\/v2\/types\/product"}],"replies":[{"embeddable":true,"href":"https:\/\/www.pewne.eu\/index.php\/wp-json\/wp\/v2\/comments?post=3339"}],"wp:featuredmedia":[{"embeddable":true,"href":"https:\/\/www.pewne.eu\/index.php\/wp-json\/wp\/v2\/media\/3340"}],"wp:attachment":[{"href":"https:\/\/www.pewne.eu\/index.php\/wp-json\/wp\/v2\/media?parent=3339"}],"wp:term":[{"taxonomy":"product_cat","embeddable":true,"href":"https:\/\/www.pewne.eu\/index.php\/wp-json\/wp\/v2\/product_cat?post=3339"},{"taxonomy":"product_tag","embeddable":true,"href":"https:\/\/www.pewne.eu\/index.php\/wp-json\/wp\/v2\/product_tag?post=3339"}],"curies":[{"name":"wp","href":"https:\/\/api.w.org\/{rel}","templated":true}]}}