{"id":3287,"date":"2024-02-23T19:37:12","date_gmt":"2024-02-23T17:37:12","guid":{"rendered":"https:\/\/www.pewne.eu\/?post_type=product&#038;p=3287"},"modified":"2025-11-05T11:00:30","modified_gmt":"2025-11-05T09:00:30","slug":"maciej-szargot-ziemia-rozdzialu-niebo-polaczenia-o-liryce-zygmunta-krasinskiego","status":"publish","type":"product","link":"https:\/\/www.pewne.eu\/index.php\/produkt\/maciej-szargot-ziemia-rozdzialu-niebo-polaczenia-o-liryce-zygmunta-krasinskiego\/","title":{"rendered":"Maciej Szargot, Ziemia rozdzia\u0142u \u2013 niebo po\u0142\u0105czenia. O liryce Zygmunta Krasi\u0144skiego"},"content":{"rendered":"<p>Drugie, poprawione i uzupe\u0142nione wydanie klasycznej monografii Macieja Szargota, praktycznie niedost\u0119pnej na rynku w wersji pierwodruku.<\/p>\n<p>\u201eDobrze si\u0119 sta\u0142o, i\u017c Maciej Szargot, autor pionierskiej monografii dorobku lirycznego Zygmunta Krasi\u0144skiego, zdecydowa\u0142 si\u0119 na synchroniczno-tematyczny spos\u00f3b omawiania przedmiotu swoich zainteresowa\u0144 i \u017ce postanowi\u0142 pisa\u0107 o \u201etematach i obrazach\u201d zamiast o okresach tw\u00f3rczo\u015bci poety. [\u2026] Katastrofista i pesymista w swoich wielkich dramatach \u2013 w latach czterdziestych, pod wp\u0142ywem Augusta Cieszkowskiego prze\u017cywa swoiste nawr\u00f3cenie i jawi si\u0119 w aurze mesjanistycznej utopii. Rzecz w tym, \u017ce w tw\u00f3rczo\u015bci lirycznej wsp\u00f3\u0142istniej\u0105 obie wersje postawy wobec \u015bwiata. St\u0105d trafny dob\u00f3r tytu\u0142u pracy. Istotnie \u2013 jest to, z jednej strony, liryka katastrofisty, pesymisty, umar\u0142ego za \u017cycia, z drugiej za\u015b \u2013 g\u0142osiciela niebia\u0144skiego ukojenia. Dwa istotne motywy, jakimi s\u0105 \u201egr\u00f3b\u201d i \u201eanio\u0142\u201d \u2013 te\u017c wyra\u017caj\u0105 wspomniane postawy.<br \/>\n[\u2026] Jest to praca rzetelna, sumiennie odnotowuj\u0105ca wyniki bada\u0144, sk\u0142aniaj\u0105ca czytelnika do refleksji i wzbogacaj\u0105ca w zasadniczy spos\u00f3b wiedz\u0119 o zapominanym dzisiaj poecie.<\/p>\n<p>Mieczys\u0142aw Inglot, z recenzji Ziemi rozdzia\u0142u\u2026 w \u201ePami\u0119tniku Literackim\u201d 2001, nr 92\/3<\/p>\n<div><strong>Spis rzeczy<\/strong><\/div>\n<div>Wykaz skr\u00f3t\u00f3w 9<\/div>\n<div>1. Wst\u0119p do drugiego wydania 11<\/div>\n<div>2. \u201eJenijusz poetyczny\u201d czy \u201ewierszokleta\u201d? 13<\/div>\n<div>3. Konteksty 23<\/div>\n<div>3.1. \u201eAnielska miara\u201d i \u201eimaginacja\u201d23<\/div>\n<div>3.2. Liryka i listy\u00a0 29<\/div>\n<div>4. Konsytuacje 35<\/div>\n<div>4.1. Emblemat36<\/div>\n<div>4.2. Inskrypcja 38<\/div>\n<div>4.3. Prezent43<\/div>\n<div>4.4. Zwrotki do muzyki49<\/div>\n<div>4.5. Magnetyzer i media52<\/div>\n<div>5. \u201eZiemia rozdzia\u0142u\u201d 59<\/div>\n<div>5.1. \u201ePoeta ruin\u201d59<\/div>\n<div>5.2. \u201eRozdwojony w sobie\u201d 71<\/div>\n<div>5.3. \u201eNiewzruszon w ruchu\u201d79<\/div>\n<div>5.4. \u201eSzukanie imienia\u201d84<\/div>\n<div>5.5. \u201ePiek\u0142o na ziemi\u201d96<\/div>\n<div>5.6. Pejza\u017c P\u00f3\u0142nocy 103<\/div>\n<div>6. \u201eNiebo po\u0142\u0105czenia\u201d 113<\/div>\n<div>6.1. Pejza\u017c Po\u0142udnia113<\/div>\n<div>6.2. B\u0142\u0119kitne zwi\u0105zki 123<\/div>\n<div>6.3. \u201eAniele, b\u0105d\u017a mi anio\u0142em!\u201d129<\/div>\n<div>6.4. \u201eWszystko, co \u015bwi\u0119te bez miary\u201d138<\/div>\n<div><\/div>\n<div>Nota bibliograficzna 147<\/div>\n<div>Bibliografia\u00a0 149<\/div>\n<div>Indeks os\u00f3b 155<\/div>\n<div>Indeks utwor\u00f3w Zygmunta Krasi\u0144skiego 159<\/div>\n<p>Format: 160 x 235 mm<br \/>\nStron 162<br \/>\nOprawa mi\u0119kka, klejona, folia b\u0142ysk<\/p>\n<p>ISBN 978-83-67962-01-8<\/p>\n<p>Kielce 2024<\/p>\n<p>Opracowanie typograficzne: Adam Cedro<\/p>\n","protected":false},"excerpt":{"rendered":"<p>Drugie, poprawione i uzupe\u0142nione, wydanie klasycznej monografii Macieja Szargota, praktycznie niedost\u0119pnej na rynku w wersji pierwodruku.<\/p>\n","protected":false},"featured_media":3288,"comment_status":"open","ping_status":"closed","template":"","meta":[],"product_cat":[96,192,481,16,17,60],"product_tag":[496,497,468,274,494,493,495],"_links":{"self":[{"href":"https:\/\/www.pewne.eu\/index.php\/wp-json\/wp\/v2\/product\/3287"}],"collection":[{"href":"https:\/\/www.pewne.eu\/index.php\/wp-json\/wp\/v2\/product"}],"about":[{"href":"https:\/\/www.pewne.eu\/index.php\/wp-json\/wp\/v2\/types\/product"}],"replies":[{"embeddable":true,"href":"https:\/\/www.pewne.eu\/index.php\/wp-json\/wp\/v2\/comments?post=3287"}],"wp:featuredmedia":[{"embeddable":true,"href":"https:\/\/www.pewne.eu\/index.php\/wp-json\/wp\/v2\/media\/3288"}],"wp:attachment":[{"href":"https:\/\/www.pewne.eu\/index.php\/wp-json\/wp\/v2\/media?parent=3287"}],"wp:term":[{"taxonomy":"product_cat","embeddable":true,"href":"https:\/\/www.pewne.eu\/index.php\/wp-json\/wp\/v2\/product_cat?post=3287"},{"taxonomy":"product_tag","embeddable":true,"href":"https:\/\/www.pewne.eu\/index.php\/wp-json\/wp\/v2\/product_tag?post=3287"}],"curies":[{"name":"wp","href":"https:\/\/api.w.org\/{rel}","templated":true}]}}