{"id":3281,"date":"2024-02-22T23:29:23","date_gmt":"2024-02-22T21:29:23","guid":{"rendered":"https:\/\/www.pewne.eu\/?post_type=product&#038;p=3281"},"modified":"2024-11-11T23:53:51","modified_gmt":"2024-11-11T21:53:51","slug":"leszek-szaruga-no-i-co-z-tego","status":"publish","type":"product","link":"https:\/\/www.pewne.eu\/index.php\/produkt\/leszek-szaruga-no-i-co-z-tego\/","title":{"rendered":"Leszek Szaruga, No i co z tego"},"content":{"rendered":"<p>Najnowszy tomik Leszka Szarugi &#8211; poety, prozaika, eseisty, literaturoznawcy.<br \/>\nCykl 75 utwor\u00f3w.\u00a0 Formu\u0142a numerowania kolejnych ogniw wykluczy\u0142a potrzeb\u0119 zamieszczenia spisu tre\u015bci.<\/p>\n<p>&nbsp;<\/p>\n<p>Format: 135 x 205 mm<\/p>\n<p>Obj\u0119to\u015b\u0107: 84 strony<\/p>\n<p>ISBN 978-83-67962-02-5<\/p>\n<p>Kielce 2024<\/p>\n<p>Opracowanie typograficzne Adam Cedro<\/p>\n<p>16 tomik w szarej serii poetyckiej Pewnego Wydawnictwa.<\/p>\n<p>&nbsp;<\/p>\n","protected":false},"excerpt":{"rendered":"<p>Najnowszy (2024) tomik poezji Leszka Szarugi.<\/p>\n","protected":false},"featured_media":3282,"comment_status":"open","ping_status":"closed","template":"","meta":[],"product_cat":[16,20,60],"product_tag":[53,491,492,44,151],"_links":{"self":[{"href":"https:\/\/www.pewne.eu\/index.php\/wp-json\/wp\/v2\/product\/3281"}],"collection":[{"href":"https:\/\/www.pewne.eu\/index.php\/wp-json\/wp\/v2\/product"}],"about":[{"href":"https:\/\/www.pewne.eu\/index.php\/wp-json\/wp\/v2\/types\/product"}],"replies":[{"embeddable":true,"href":"https:\/\/www.pewne.eu\/index.php\/wp-json\/wp\/v2\/comments?post=3281"}],"wp:featuredmedia":[{"embeddable":true,"href":"https:\/\/www.pewne.eu\/index.php\/wp-json\/wp\/v2\/media\/3282"}],"wp:attachment":[{"href":"https:\/\/www.pewne.eu\/index.php\/wp-json\/wp\/v2\/media?parent=3281"}],"wp:term":[{"taxonomy":"product_cat","embeddable":true,"href":"https:\/\/www.pewne.eu\/index.php\/wp-json\/wp\/v2\/product_cat?post=3281"},{"taxonomy":"product_tag","embeddable":true,"href":"https:\/\/www.pewne.eu\/index.php\/wp-json\/wp\/v2\/product_tag?post=3281"}],"curies":[{"name":"wp","href":"https:\/\/api.w.org\/{rel}","templated":true}]}}