{"id":3247,"date":"2024-02-18T22:59:38","date_gmt":"2024-02-18T20:59:38","guid":{"rendered":"https:\/\/www.pewne.eu\/?post_type=product&#038;p=3247"},"modified":"2026-04-12T12:53:45","modified_gmt":"2026-04-12T10:53:45","slug":"jerzy-kozarzewski-szukam-cie-nieustannie","status":"publish","type":"product","link":"https:\/\/www.pewne.eu\/index.php\/produkt\/jerzy-kozarzewski-szukam-cie-nieustannie\/","title":{"rendered":"Jerzy Kozarzewski, Szukam ci\u0119 nieustannie"},"content":{"rendered":"<p>Jerzy Kozarzewski (1931-1996). Prawnuk Ksawerego Norwida \u2013 brata Cypriana, wnuk Marii z Norwid\u00f3w \u0141empickiej (tak, \u201eNiedoko\u0144czony m\u0119\u017cczyzna\u201d z portretu Tamary \u0141empickiej to jego wuj). Poeta i \u017co\u0142nierz, m\u0105\u017c i ojciec, spo\u0142ecznik. Walczy\u0142 w kampanii wrze\u015bniowej, uciek\u0142 z sowieckiego transportu je\u0144c\u00f3w, cz\u0142onek Zwi\u0105zku Jaszczurzego. We wrze\u015bniu 1944 r. aresztowany wraz z \u017con\u0105 (\u015blub z Magdalen\u0105, adresatk\u0105 wielu jego wierszy, wzi\u0105\u0142 rok wcze\u015bniej), z obozu w Pruszkowie trafi\u0142 do O\u015bwi\u0119cimia, p\u00f3\u017aniej do Mauthausen, sk\u0105d wyszed\u0142 po oswobodzeniu obozu 5 maja 1945 roku. Emisariusz NSZ, opracowa\u0142 szlak przerzutowy o nazwie \u201eDroga Konrada\u201d. Aresztowany 30 pa\u017adziernika 1945 r., po \u015bledztwie i pokazowym procesie skazany 6 sierpnia 1946 r. (z pi\u0119ciorgiem towarzyszy) na kar\u0119 \u015bmierci. Dzi\u0119ki staraniom \u017cony interwencji u Bieruta podj\u0105\u0142 si\u0119 Julian Tuwim, w wyniku kt\u00f3rej jemu (i pozosta\u0142ym skazanym) zmieniono wyrok \u015bmierci na 10 lat wi\u0119zienia. Wyszed\u0142 na wolno\u015b\u0107 31 pa\u017adziernika 1956 r., z rodzin\u0105 mieszka\u0142 nast\u0119pnie w Nysie. Szerszy opis tej dramatycznej biografii przedstawiony jest we wst\u0119pie do publikacji.<\/p>\n<p>Wiersze pisa\u0142 ju\u017c w latach 30. XX w., debiutowa\u0142 maj\u0105c niemal 80 lat (tom \u201eDar codzienno\u015bci, 1992). W 2000 r. staraniem rodziny wydano ca\u0142o\u015b\u0107 jego poezji (\u201eP\u00f3\u017ane \u017cniwo\u201d).<\/p>\n<p>\u201eSzukam ci\u0119 nieustannie\u201d to zbi\u00f3r wydany pod patronatem i wsp\u00f3lnie z Muzeum Cypriana Norwida w D\u0119binkach. Obszerny wyb\u00f3r wierszy (ponad 60 utwor\u00f3w) prezentuje t\u0119 tw\u00f3rczo\u015b\u0107 w porz\u0105dku chronologicznym.<\/p>\n<p>Ale ksi\u0105\u017cka przynosi znacznie wi\u0119cej: otwiera j\u0105 rzeczowy i \u015bwietnie skomponowany wst\u0119p Magdaleny Wo\u017aniewskiej-Dzia\u0142ak, w kt\u00f3rym opr\u00f3cz rysu biograficznego znajdziemy pr\u00f3b\u0119 usytuowania poezji Kozarzewskiego w polskich tradycjach poetyckich. Publikacja ma ponadto bardzo bogat\u0105 dokumentacj\u0119 fotograficzn\u0105, udost\u0119pnion\u0105 z rodzinnych archiw\u00f3w Kozarzewskich. Zamyka j\u0105 aneks z wyborem korespondencji rodzinnej i dokumentami.<\/p>\n<p>Publikacj\u0119 recenzowa\u0142 prof. Krzysztof Dybciak.<\/p>\n<p>Ksi\u0105\u017cka opracowana przez Magdalen\u0119 Wo\u017aniewsk\u0105-Dzia\u0142ak zosta\u0142a niezwykle pieczo\u0142owicie przygotowana do druku, daj\u0105c nam pierwsz\u0105, naukowo opracowan\u0105, a jednocze\u015bnie przyst\u0119pn\u0105 monografi\u0119 \u017cycia i tw\u00f3rczo\u015bci Jerzego Kozarzewskiego.<\/p>\n<p>Wydawcy:<br \/>\nMuzeum Cypriana Norwida w D\u0119binkach (ISBN 978-83-68035-00-1)<\/p>\n<p>Pewne Wydawnictwo (ISBN 978-83-63518-98-1)<\/p>\n<p>Wsparcie edycji: Fundacja Museion Norwid<\/p>\n<p>Format bloku: 170 x 205 mm<\/p>\n<p>Oprawa twarda, szyta<\/p>\n<p>Stron 192<\/p>\n<p>Opracowanie typograficzne: Adam Cedro<\/p>\n<p>W Muzeum Cypriana Norwida w D\u0119binkach mo\u017cna naby\u0107 wersj\u0119 wzbogacon\u0105 o p\u0142yt\u0119 z zapisem spektaklu poetycko-muzycznego <em>Ocalony przez poezj\u0119 <\/em>w wykonaniu Klaudii i Marcina Kwa\u015bnych oraz Piotra G\u00f3reckiego<\/p>\n<p>&nbsp;<\/p>\n<p>Spis tre\u015bci<\/p>\n<p>&nbsp;<\/p>\n<p>&nbsp;<\/p>\n<p>Magdalena Wo\u017aniewska-Dzia\u0142ak<br \/>\nDobro przynie\u015b\u0107 w s\u0142owie. O \u017cyciu i poezji Jerzego Kozarzewskiego &#8230;. \u00a0\u00a0\u00a0\u00a0\u00a0\u00a0 7<\/p>\n<p>&nbsp;<\/p>\n<p>Wiersze&#8230;&#8230;&#8230;&#8230;&#8230;&#8230;&#8230;&#8230;&#8230;&#8230;&#8230;&#8230;&#8230;&#8230;&#8230;&#8230;&#8230;&#8230;&#8230;&#8230;&#8230;&#8230;&#8230;&#8230;&#8230;&#8230;&#8230;&#8230;&#8230;&#8230;&#8230;&#8230;&#8230;&#8230;&#8230;.. \u00a0\u00a0\u00a0\u00a0 51<\/p>\n<p>1933\u20131938<\/p>\n<p>\u0141abajowe pie\u015bni &#8230;&#8230;&#8230;&#8230;&#8230;&#8230;&#8230;&#8230;&#8230;&#8230;&#8230;&#8230;&#8230;&#8230;&#8230;&#8230;&#8230;&#8230;&#8230;&#8230;&#8230;&#8230;&#8230;&#8230;&#8230;&#8230;&#8230;&#8230;&#8230;&#8230; \u00a0\u00a0\u00a0\u00a0 55<\/p>\n<p>Na wici\u0119dzym szlaku\u00a0 &#8230;&#8230;&#8230;&#8230;&#8230;&#8230;&#8230;&#8230;&#8230;&#8230;&#8230;&#8230;&#8230;&#8230;&#8230;&#8230;&#8230;&#8230;&#8230;&#8230;&#8230;&#8230;&#8230;&#8230;&#8230;&#8230;&#8230; \u00a0\u00a0\u00a0\u00a0 59<\/p>\n<p>Umi\u0142owana ba\u015b\u0144 &#8230;&#8230;&#8230;&#8230;&#8230;&#8230;&#8230;&#8230;&#8230;&#8230;&#8230;&#8230;&#8230;&#8230;&#8230;&#8230;&#8230;&#8230;&#8230;&#8230;&#8230;&#8230;&#8230;&#8230;&#8230;&#8230;&#8230;&#8230;&#8230;.. \u00a0\u00a0\u00a0\u00a0 61<\/p>\n<p>Boguszowa bar\u0107\u00a0 &#8230;&#8230;&#8230;&#8230;&#8230;&#8230;&#8230;&#8230;&#8230;&#8230;&#8230;&#8230;&#8230;&#8230;&#8230;&#8230;&#8230;&#8230;&#8230;&#8230;&#8230;&#8230;&#8230;&#8230;&#8230;&#8230;&#8230;&#8230;&#8230;. \u00a0\u00a0\u00a0\u00a0 62<\/p>\n<p>Ty \u00a0 &#8230;&#8230;&#8230;&#8230;&#8230;&#8230;&#8230;&#8230;&#8230;&#8230;&#8230;&#8230;&#8230;&#8230;&#8230;&#8230;&#8230;&#8230;&#8230;&#8230;&#8230;&#8230;&#8230;&#8230;&#8230;&#8230;&#8230;&#8230;&#8230;&#8230;&#8230;&#8230;&#8230;&#8230;&#8230;&#8230;.. \u00a0\u00a0\u00a0\u00a0 63<\/p>\n<p>Jestem sam &#8230;&#8230;&#8230;&#8230;&#8230;&#8230;&#8230;&#8230;&#8230;&#8230;&#8230;&#8230;&#8230;&#8230;&#8230;&#8230;&#8230;&#8230;&#8230;&#8230;&#8230;&#8230;&#8230;&#8230;&#8230;&#8230;&#8230;&#8230;&#8230;&#8230;&#8230;&#8230;.. \u00a0\u00a0\u00a0\u00a0 64<\/p>\n<p>1939\u20131945<\/p>\n<p>Rapsod wojny\u00a0 &#8230;&#8230;&#8230;&#8230;&#8230;&#8230;&#8230;&#8230;&#8230;&#8230;&#8230;&#8230;&#8230;&#8230;&#8230;&#8230;&#8230;&#8230;&#8230;&#8230;&#8230;&#8230;&#8230;&#8230;&#8230;&#8230;&#8230;&#8230;&#8230;&#8230;.. \u00a0\u00a0\u00a0\u00a0 67<\/p>\n<p>Rapsod zwyci\u0119ski &#8230;&#8230;&#8230;&#8230;&#8230;&#8230;&#8230;&#8230;&#8230;&#8230;&#8230;&#8230;&#8230;&#8230;&#8230;&#8230;&#8230;&#8230;&#8230;&#8230;&#8230;&#8230;&#8230;&#8230;&#8230;&#8230;&#8230;&#8230;&#8230;. \u00a0\u00a0\u00a0\u00a0 71<\/p>\n<p>Ojcze nasz &#8230;&#8230;&#8230;&#8230;&#8230;&#8230;&#8230;&#8230;&#8230;&#8230;&#8230;&#8230;&#8230;&#8230;&#8230;&#8230;&#8230;&#8230;&#8230;&#8230;&#8230;&#8230;&#8230;&#8230;&#8230;&#8230;&#8230;&#8230;&#8230;&#8230;&#8230;&#8230;&#8230; \u00a0\u00a0\u00a0\u00a0 75<\/p>\n<p>R\u00f3\u017caniec &#8230;&#8230;&#8230;&#8230;&#8230;&#8230;&#8230;&#8230;&#8230;&#8230;&#8230;&#8230;&#8230;&#8230;&#8230;&#8230;&#8230;&#8230;&#8230;&#8230;&#8230;&#8230;&#8230;&#8230;&#8230;&#8230;&#8230;&#8230;&#8230;&#8230;&#8230;&#8230;&#8230;&#8230; \u00a0\u00a0\u00a0\u00a0 79<\/p>\n<p>Nad S\u0142owackim &#8230;&#8230;&#8230;&#8230;&#8230;&#8230;&#8230;&#8230;&#8230;&#8230;&#8230;&#8230;&#8230;&#8230;&#8230;&#8230;&#8230;&#8230;&#8230;&#8230;&#8230;&#8230;&#8230;&#8230;&#8230;&#8230;&#8230;&#8230;&#8230;&#8230;. \u00a0\u00a0\u00a0\u00a0 81<\/p>\n<p>Milczenie\u00a0 &#8230;&#8230;&#8230;&#8230;&#8230;&#8230;&#8230;&#8230;&#8230;&#8230;&#8230;&#8230;&#8230;&#8230;&#8230;&#8230;&#8230;&#8230;&#8230;&#8230;&#8230;&#8230;&#8230;&#8230;&#8230;&#8230;&#8230;&#8230;&#8230;&#8230;&#8230;&#8230;&#8230;. \u00a0\u00a0\u00a0\u00a0 84<\/p>\n<p>Niepok\u00f3j (z cyklu <em>Sam pozosta\u0142em<\/em>)&#8230;&#8230;&#8230;&#8230;&#8230;&#8230;&#8230;&#8230;&#8230;&#8230;&#8230;&#8230;&#8230;&#8230;&#8230;&#8230;&#8230;&#8230;&#8230;.. \u00a0\u00a0\u00a0\u00a0 85<\/p>\n<p>Jeste\u015b ze mn\u0105 &#8230;&#8230;&#8230;&#8230;&#8230;&#8230;&#8230;&#8230;&#8230;&#8230;&#8230;&#8230;&#8230;&#8230;&#8230;&#8230;&#8230;&#8230;&#8230;&#8230;&#8230;&#8230;&#8230;&#8230;&#8230;&#8230;&#8230;&#8230;&#8230;&#8230;&#8230;. \u00a0\u00a0\u00a0\u00a0 86<\/p>\n<p>Maria Magdalena &#8230;&#8230;&#8230;&#8230;&#8230;&#8230;&#8230;&#8230;&#8230;&#8230;&#8230;&#8230;&#8230;&#8230;&#8230;&#8230;&#8230;&#8230;&#8230;&#8230;&#8230;&#8230;&#8230;&#8230;&#8230;&#8230;&#8230;&#8230;&#8230; \u00a0\u00a0\u00a0\u00a0 87<\/p>\n<p>Najpi\u0119kniejszy poemat &#8230;&#8230;&#8230;&#8230;&#8230;&#8230;&#8230;&#8230;&#8230;&#8230;&#8230;&#8230;&#8230;&#8230;&#8230;&#8230;&#8230;&#8230;&#8230;&#8230;&#8230;&#8230;&#8230;&#8230;&#8230;&#8230;. \u00a0\u00a0\u00a0\u00a0 88<\/p>\n<p>Moja niedziela &#8230;&#8230;&#8230;&#8230;&#8230;&#8230;&#8230;&#8230;&#8230;&#8230;&#8230;&#8230;&#8230;&#8230;&#8230;&#8230;&#8230;&#8230;&#8230;&#8230;&#8230;&#8230;&#8230;&#8230;&#8230;&#8230;&#8230;&#8230;&#8230;&#8230;.. \u00a0\u00a0\u00a0\u00a0 89<\/p>\n<p>Prosty wiersz &#8230;&#8230;&#8230;&#8230;&#8230;&#8230;&#8230;&#8230;&#8230;&#8230;&#8230;&#8230;&#8230;&#8230;&#8230;&#8230;&#8230;&#8230;&#8230;&#8230;&#8230;&#8230;&#8230;&#8230;&#8230;&#8230;&#8230;&#8230;&#8230;&#8230;&#8230;. \u00a0\u00a0\u00a0\u00a0 90<\/p>\n<p>Powiedz mi cokolwiek\u2026 &#8230;&#8230;&#8230;&#8230;&#8230;&#8230;&#8230;&#8230;&#8230;&#8230;&#8230;&#8230;&#8230;&#8230;&#8230;&#8230;&#8230;&#8230;&#8230;&#8230;&#8230;&#8230;&#8230;&#8230;&#8230;. \u00a0\u00a0\u00a0\u00a0 91<\/p>\n<p>Twoje r\u0119ce &#8230;&#8230;&#8230;&#8230;&#8230;&#8230;&#8230;&#8230;&#8230;&#8230;&#8230;&#8230;&#8230;&#8230;&#8230;&#8230;&#8230;&#8230;&#8230;&#8230;&#8230;&#8230;&#8230;&#8230;&#8230;&#8230;&#8230;&#8230;&#8230;&#8230;&#8230;&#8230;.. \u00a0\u00a0\u00a0\u00a0 92<\/p>\n<p>Jeste\u015bmy razem &#8230;&#8230;&#8230;&#8230;&#8230;&#8230;&#8230;&#8230;&#8230;&#8230;&#8230;&#8230;&#8230;&#8230;&#8230;&#8230;&#8230;&#8230;&#8230;&#8230;&#8230;&#8230;&#8230;&#8230;&#8230;&#8230;&#8230;&#8230;&#8230;&#8230;. \u00a0\u00a0\u00a0\u00a0 94<\/p>\n<p>Egzekucja &#8230;&#8230;&#8230;&#8230;&#8230;&#8230;&#8230;&#8230;&#8230;&#8230;&#8230;&#8230;&#8230;&#8230;&#8230;&#8230;&#8230;&#8230;&#8230;&#8230;&#8230;&#8230;&#8230;&#8230;&#8230;&#8230;&#8230;&#8230;&#8230;&#8230;&#8230;&#8230;&#8230;. \u00a0\u00a0\u00a0\u00a0 95<\/p>\n<p>M\u00f3j wr\u00f3g\u00a0 &#8230;&#8230;&#8230;&#8230;&#8230;&#8230;&#8230;&#8230;&#8230;&#8230;&#8230;&#8230;&#8230;&#8230;&#8230;&#8230;&#8230;&#8230;&#8230;&#8230;&#8230;&#8230;&#8230;&#8230;&#8230;&#8230;&#8230;&#8230;&#8230;&#8230;&#8230;&#8230;&#8230; \u00a0\u00a0\u00a0\u00a0 96<\/p>\n<p>Stary Testament\u00a0 &#8230;&#8230;&#8230;&#8230;&#8230;&#8230;&#8230;&#8230;&#8230;&#8230;&#8230;&#8230;&#8230;&#8230;&#8230;&#8230;&#8230;&#8230;&#8230;&#8230;&#8230;&#8230;&#8230;&#8230;&#8230;&#8230;&#8230;&#8230;&#8230;. \u00a0\u00a0\u00a0\u00a0 98<\/p>\n<p>Przegrana walka\u00a0 &#8230;&#8230;&#8230;&#8230;&#8230;&#8230;&#8230;&#8230;&#8230;&#8230;&#8230;&#8230;&#8230;&#8230;&#8230;&#8230;&#8230;&#8230;&#8230;&#8230;&#8230;&#8230;&#8230;&#8230;&#8230;&#8230;&#8230;&#8230;&#8230;.. \u00a0\u00a0 100<\/p>\n<p>* * * <em>Z dalekiej Polski, gdzie przy bia\u0142ych sto\u0142ach <\/em>&#8230;&#8230;&#8230;&#8230;&#8230;&#8230;&#8230;&#8230;&#8230;&#8230;&#8230;&#8230;.. \u00a0\u00a0 101<\/p>\n<p>Rosn\u0119 m\u00f3j bracie &#8230;&#8230;&#8230;&#8230;&#8230;&#8230;&#8230;&#8230;&#8230;&#8230;&#8230;&#8230;&#8230;&#8230;&#8230;&#8230;&#8230;&#8230;&#8230;&#8230;&#8230;&#8230;&#8230;&#8230;&#8230;&#8230;&#8230;&#8230;&#8230;. \u00a0\u00a0 102<\/p>\n<p>1946\u20131954<\/p>\n<p>O serce pe\u0142ne buntu &#8230;&#8230;&#8230;&#8230;&#8230;&#8230;&#8230;&#8230;&#8230;&#8230;&#8230;&#8230;&#8230;&#8230;&#8230;&#8230;&#8230;&#8230;&#8230;&#8230;&#8230;&#8230;&#8230;&#8230;&#8230;&#8230;&#8230;.. \u00a0\u00a0 105<\/p>\n<p>* * * <em>Nie chc\u0119 trwa\u0107 w Tobie gorzkim p\u0142aczem<\/em> &#8230;&#8230;&#8230;&#8230;&#8230;&#8230;&#8230;&#8230;&#8230;&#8230;&#8230;&#8230;&#8230;&#8230; \u00a0\u00a0 106<\/p>\n<p>Siedem kr\u00f3tkich krok\u00f3w&#8230;&#8230;&#8230;&#8230;&#8230;&#8230;&#8230;&#8230;&#8230;&#8230;&#8230;&#8230;&#8230;&#8230;&#8230;&#8230;&#8230;&#8230;&#8230;&#8230;&#8230;&#8230;&#8230;&#8230;&#8230;.. \u00a0\u00a0 107<\/p>\n<p>Wyj\u015bcie poza cel\u0119 &#8230;&#8230;&#8230;&#8230;&#8230;&#8230;&#8230;&#8230;&#8230;&#8230;&#8230;&#8230;&#8230;&#8230;&#8230;&#8230;&#8230;&#8230;&#8230;&#8230;&#8230;&#8230;&#8230;&#8230;&#8230;&#8230;&#8230;&#8230;&#8230; \u00a0\u00a0 108<\/p>\n<p>* * * <em>Nie mam dzi\u015b \u017cadnej na rano piosenki<\/em>&#8230;&#8230;&#8230;&#8230;&#8230;&#8230;&#8230;&#8230;&#8230;&#8230;&#8230;&#8230;&#8230;&#8230;&#8230;.. \u00a0\u00a0 109<\/p>\n<p>M\u00f3c przyj\u015b\u0107 do Ciebie t\u0105 wiosn\u0105 &#8230;&#8230;&#8230;&#8230;&#8230;&#8230;&#8230;&#8230;&#8230;&#8230;&#8230;&#8230;&#8230;&#8230;&#8230;&#8230;&#8230;&#8230;&#8230;&#8230;.. \u00a0\u00a0 110<\/p>\n<p>1955\u20131994<\/p>\n<p>Wiersz m\u00f3j nie biegnie moj\u0105 \u015bcie\u017ck\u0105\u00a0 &#8230;&#8230;&#8230;&#8230;&#8230;&#8230;&#8230;&#8230;&#8230;&#8230;&#8230;&#8230;&#8230;&#8230;&#8230;&#8230;&#8230;&#8230;. \u00a0\u00a0 115<\/p>\n<p>Odbudowa &#8230;&#8230;&#8230;&#8230;&#8230;&#8230;&#8230;&#8230;&#8230;&#8230;&#8230;&#8230;&#8230;&#8230;&#8230;&#8230;&#8230;&#8230;&#8230;&#8230;&#8230;&#8230;&#8230;&#8230;&#8230;&#8230;&#8230;&#8230;&#8230;&#8230;&#8230;&#8230;.. \u00a0\u00a0 116<\/p>\n<p>Przypomnienie dnia &#8230;&#8230;&#8230;&#8230;&#8230;&#8230;&#8230;&#8230;&#8230;&#8230;&#8230;&#8230;&#8230;&#8230;&#8230;&#8230;&#8230;&#8230;&#8230;&#8230;&#8230;&#8230;&#8230;&#8230;&#8230;&#8230;&#8230;.. \u00a0\u00a0 117<\/p>\n<p>Odnalezienie hymnu\u00a0 &#8230;&#8230;&#8230;&#8230;&#8230;&#8230;&#8230;&#8230;&#8230;&#8230;&#8230;&#8230;&#8230;&#8230;&#8230;&#8230;&#8230;&#8230;&#8230;&#8230;&#8230;&#8230;&#8230;&#8230;&#8230;&#8230;&#8230; \u00a0\u00a0 118<\/p>\n<p>Rocznica \u015blubu &#8230;&#8230;&#8230;&#8230;&#8230;&#8230;&#8230;&#8230;&#8230;&#8230;&#8230;&#8230;&#8230;&#8230;&#8230;&#8230;&#8230;&#8230;&#8230;&#8230;&#8230;&#8230;&#8230;&#8230;&#8230;&#8230;&#8230;&#8230;&#8230;&#8230;.. \u00a0\u00a0 119<\/p>\n<p>Inwokacja do pradziada &#8230;&#8230;&#8230;&#8230;&#8230;&#8230;&#8230;&#8230;&#8230;&#8230;&#8230;&#8230;&#8230;&#8230;&#8230;&#8230;&#8230;&#8230;&#8230;&#8230;&#8230;&#8230;&#8230;&#8230;&#8230;.. \u00a0\u00a0 120<\/p>\n<p><em>M\u00f3c przyj\u015b\u0107 z \u017cyczeniami\u2026<\/em> &#8230;&#8230;&#8230;&#8230;&#8230;&#8230;&#8230;&#8230;&#8230;&#8230;&#8230;&#8230;&#8230;&#8230;&#8230;&#8230;&#8230;&#8230;&#8230;&#8230;&#8230;&#8230;&#8230;&#8230; \u00a0\u00a0 121<\/p>\n<p><em>Ci\u0105g spraw\u2026<\/em> &#8230;&#8230;&#8230;&#8230;&#8230;&#8230;&#8230;&#8230;&#8230;&#8230;&#8230;&#8230;&#8230;&#8230;&#8230;&#8230;&#8230;&#8230;&#8230;&#8230;&#8230;&#8230;&#8230;&#8230;&#8230;&#8230;&#8230;&#8230;&#8230;&#8230;&#8230;.. \u00a0\u00a0 122<\/p>\n<p>Wszystko, co chcia\u0142em dzisiaj powiedzie\u0107 o r\u00f3\u017cy\u2026\u00a0 &#8230;&#8230;&#8230;&#8230;&#8230;&#8230;&#8230;&#8230;&#8230;&#8230;. \u00a0\u00a0 123<\/p>\n<p>* * * <em>Odszed\u0142em z ciebie, Polsko, do kraju zw\u0105tpienia <\/em>&#8230;&#8230;&#8230;&#8230;&#8230;&#8230;&#8230;&#8230;&#8230;&#8230; \u00a0\u00a0 124<\/p>\n<p>* * * <em>Lipiec wci\u0105\u017c w lipach. Lipy wzwy\u017c si\u0119 pi\u0119trz\u0105<\/em>&#8230;&#8230;&#8230;&#8230;&#8230;&#8230;&#8230;&#8230;&#8230;&#8230;&#8230;.. \u00a0\u00a0 125<\/p>\n<p>Kacze\u0144ce\u00a0 &#8230;&#8230;&#8230;&#8230;&#8230;&#8230;&#8230;&#8230;&#8230;&#8230;&#8230;&#8230;&#8230;&#8230;&#8230;&#8230;&#8230;&#8230;&#8230;&#8230;&#8230;&#8230;&#8230;&#8230;&#8230;&#8230;&#8230;&#8230;&#8230;&#8230;&#8230;&#8230;&#8230;. \u00a0\u00a0 126<\/p>\n<p>Le\u015bna droga\u00a0 &#8230;&#8230;&#8230;&#8230;&#8230;&#8230;&#8230;&#8230;&#8230;&#8230;&#8230;&#8230;&#8230;&#8230;&#8230;&#8230;&#8230;&#8230;&#8230;&#8230;&#8230;&#8230;&#8230;&#8230;&#8230;&#8230;&#8230;&#8230;&#8230;&#8230;&#8230;.. \u00a0\u00a0 127<\/p>\n<p>W Karkonoszach &#8230;&#8230;&#8230;&#8230;&#8230;&#8230;&#8230;&#8230;&#8230;&#8230;&#8230;&#8230;&#8230;&#8230;&#8230;&#8230;&#8230;&#8230;&#8230;&#8230;&#8230;&#8230;&#8230;&#8230;&#8230;&#8230;&#8230;&#8230;&#8230;. \u00a0\u00a0 129<\/p>\n<p>Pusta pla\u017ca &#8230;&#8230;&#8230;&#8230;&#8230;&#8230;&#8230;&#8230;&#8230;&#8230;&#8230;&#8230;&#8230;&#8230;&#8230;&#8230;&#8230;&#8230;&#8230;&#8230;&#8230;&#8230;&#8230;&#8230;&#8230;&#8230;&#8230;&#8230;&#8230;&#8230;&#8230;&#8230;.. \u00a0\u00a0 131<\/p>\n<p>Nieczysty bursztyn &#8230;&#8230;&#8230;&#8230;&#8230;&#8230;&#8230;&#8230;&#8230;&#8230;&#8230;&#8230;&#8230;&#8230;&#8230;&#8230;&#8230;&#8230;&#8230;&#8230;&#8230;&#8230;&#8230;&#8230;&#8230;&#8230;&#8230;&#8230;. \u00a0\u00a0 132<\/p>\n<p>Wyschni\u0119te \u017ar\u00f3d\u0142o &#8230;&#8230;&#8230;&#8230;&#8230;&#8230;&#8230;&#8230;&#8230;&#8230;&#8230;&#8230;&#8230;&#8230;&#8230;&#8230;&#8230;&#8230;&#8230;&#8230;&#8230;&#8230;&#8230;&#8230;&#8230;&#8230;&#8230;&#8230;. \u00a0\u00a0 133<\/p>\n<p>Wiosenna ciekawo\u015b\u0107\u00a0 &#8230;&#8230;&#8230;&#8230;&#8230;&#8230;&#8230;&#8230;&#8230;&#8230;&#8230;&#8230;&#8230;&#8230;&#8230;&#8230;&#8230;&#8230;&#8230;&#8230;&#8230;&#8230;&#8230;&#8230;&#8230;&#8230;&#8230; \u00a0\u00a0 134<\/p>\n<p>Powr\u00f3t Beniowskiego &#8230;&#8230;&#8230;&#8230;&#8230;&#8230;&#8230;&#8230;&#8230;&#8230;&#8230;&#8230;&#8230;&#8230;&#8230;&#8230;&#8230;&#8230;&#8230;&#8230;&#8230;&#8230;&#8230;&#8230;&#8230;&#8230;.. \u00a0\u00a0 135<\/p>\n<p>Park jesienny &#8230;&#8230;&#8230;&#8230;&#8230;&#8230;&#8230;&#8230;&#8230;&#8230;&#8230;&#8230;&#8230;&#8230;&#8230;&#8230;&#8230;&#8230;&#8230;&#8230;&#8230;&#8230;&#8230;&#8230;&#8230;&#8230;&#8230;&#8230;&#8230;&#8230;&#8230;.. \u00a0\u00a0 139<\/p>\n<p>Wieczorny rachunek\u00a0 &#8230;&#8230;&#8230;&#8230;&#8230;&#8230;&#8230;&#8230;&#8230;&#8230;&#8230;&#8230;&#8230;&#8230;&#8230;&#8230;&#8230;&#8230;&#8230;&#8230;&#8230;&#8230;&#8230;&#8230;&#8230;&#8230;&#8230; \u00a0\u00a0 140<\/p>\n<p>Sens rymowania\u00a0 &#8230;&#8230;&#8230;&#8230;&#8230;&#8230;&#8230;&#8230;&#8230;&#8230;&#8230;&#8230;&#8230;&#8230;&#8230;&#8230;&#8230;&#8230;&#8230;&#8230;&#8230;&#8230;&#8230;&#8230;&#8230;&#8230;&#8230;&#8230;&#8230;.. \u00a0\u00a0 141<\/p>\n<p>Post scriptum\u00a0 &#8230;&#8230;&#8230;&#8230;&#8230;&#8230;&#8230;&#8230;&#8230;&#8230;&#8230;&#8230;&#8230;&#8230;&#8230;&#8230;&#8230;&#8230;&#8230;&#8230;&#8230;&#8230;&#8230;&#8230;&#8230;&#8230;&#8230;&#8230;&#8230;&#8230;.. \u00a0\u00a0 142<\/p>\n<p>Raj zdobyty\u00a0 &#8230;&#8230;&#8230;&#8230;&#8230;&#8230;&#8230;&#8230;&#8230;&#8230;&#8230;&#8230;&#8230;&#8230;&#8230;&#8230;&#8230;&#8230;&#8230;&#8230;&#8230;&#8230;&#8230;&#8230;&#8230;&#8230;&#8230;&#8230;&#8230;&#8230;&#8230;&#8230; \u00a0\u00a0 143<\/p>\n<p>Plac manifestacji &#8230;&#8230;&#8230;&#8230;&#8230;&#8230;&#8230;&#8230;&#8230;&#8230;&#8230;&#8230;&#8230;&#8230;&#8230;&#8230;&#8230;&#8230;&#8230;&#8230;&#8230;&#8230;&#8230;&#8230;&#8230;&#8230;&#8230;&#8230;&#8230;.. \u00a0\u00a0 144<\/p>\n<p>Spotkanie z Norwidem\u00a0 &#8230;&#8230;&#8230;&#8230;&#8230;&#8230;&#8230;&#8230;&#8230;&#8230;&#8230;&#8230;&#8230;&#8230;&#8230;&#8230;&#8230;&#8230;&#8230;&#8230;&#8230;&#8230;&#8230;&#8230;&#8230;.. \u00a0\u00a0 145<\/p>\n<p>Szukanie cz\u0142owiecze\u0144stwa &#8230;&#8230;&#8230;&#8230;&#8230;&#8230;&#8230;&#8230;&#8230;&#8230;&#8230;&#8230;&#8230;&#8230;&#8230;&#8230;&#8230;&#8230;&#8230;&#8230;&#8230;&#8230;&#8230;&#8230;. \u00a0\u00a0 146<\/p>\n<p>Wtargni\u0119cie w <em>Kwiaty polskie<\/em> &#8230;&#8230;&#8230;&#8230;&#8230;&#8230;&#8230;&#8230;&#8230;&#8230;&#8230;&#8230;&#8230;&#8230;&#8230;&#8230;&#8230;&#8230;&#8230;&#8230;&#8230;&#8230;. \u00a0\u00a0 147<\/p>\n<p>Pytanie o powinno\u015b\u0107\u00a0 &#8230;&#8230;&#8230;&#8230;&#8230;&#8230;&#8230;&#8230;&#8230;&#8230;&#8230;&#8230;&#8230;&#8230;&#8230;&#8230;&#8230;&#8230;&#8230;&#8230;&#8230;&#8230;&#8230;&#8230;&#8230;&#8230;&#8230; \u00a0\u00a0 150<\/p>\n<p>&nbsp;<\/p>\n<p>Listy i dokumenty<\/p>\n<p>Karta ze stemplem 14 wrze\u015bnia 1944 roku&#8230;&#8230;&#8230;&#8230;&#8230;&#8230;&#8230;&#8230;&#8230;&#8230;&#8230;&#8230;&#8230;&#8230;&#8230;&#8230; \u00a0\u00a0 153<\/p>\n<p>List Magdaleny do Jerzego z 24 wrze\u015bnia 1944 roku&#8230;&#8230;&#8230;&#8230;&#8230;&#8230;&#8230;&#8230;&#8230;&#8230;.. \u00a0\u00a0 154<\/p>\n<p>List Magdaleny do Jerzego z 29 wrze\u015bnia 1944 roku&#8230;&#8230;&#8230;&#8230;&#8230;&#8230;&#8230;&#8230;&#8230;&#8230;.. \u00a0\u00a0 156<\/p>\n<p>List Magdaleny do Jerzego z 8 pa\u017adziernika 1944 roku&#8230;&#8230;&#8230;&#8230;&#8230;&#8230;&#8230;&#8230;&#8230; \u00a0\u00a0 157<\/p>\n<p>List Magdaleny do Jerzego z 8\u00a0 listopada 1944 roku&#8230;&#8230;&#8230;&#8230;&#8230;&#8230;&#8230;&#8230;&#8230;&#8230;.. \u00a0\u00a0 159<\/p>\n<p>Niewys\u0142ana karta Magdaleny\u00a0 [z ko\u0144ca listopada 1944 roku]&#8230;&#8230;&#8230;&#8230;&#8230;&#8230; \u00a0\u00a0 160<\/p>\n<p>Karta Magdaleny do Jerzego ze stycznia 1945 roku&#8230;&#8230;&#8230;&#8230;&#8230;&#8230;&#8230;&#8230;&#8230;&#8230;&#8230; \u00a0\u00a0 161<\/p>\n<p>List Magdaleny do Jerzego z 3 kwietnia 1945 roku&#8230;&#8230;&#8230;&#8230;&#8230;&#8230;&#8230;&#8230;&#8230;&#8230;&#8230;.. \u00a0\u00a0 162<\/p>\n<p>List Jerzego do Magdaleny z Mauthausen z 11 maja 1945 roku&#8230;&#8230;&#8230;&#8230;.. \u00a0\u00a0 164<\/p>\n<p>Listy Janiny Kozarzewskiej do syna &#8230;&#8230;&#8230;&#8230;&#8230;&#8230;&#8230;&#8230;&#8230;&#8230;&#8230;&#8230;&#8230;&#8230;&#8230;&#8230;&#8230;&#8230;&#8230;.. \u00a0\u00a0 167<\/p>\n<p>\u2013 z 24 sierpnia 1947 roku&#8230;&#8230;&#8230;&#8230;&#8230;&#8230;&#8230;&#8230;&#8230;&#8230;&#8230;&#8230;&#8230;&#8230;&#8230;&#8230;&#8230;&#8230;&#8230;&#8230;&#8230;&#8230;&#8230;. \u00a0\u00a0 168<\/p>\n<p>\u2013 z 7 wrze\u015bnia 1947 roku&#8230;&#8230;&#8230;&#8230;&#8230;&#8230;&#8230;&#8230;&#8230;&#8230;&#8230;&#8230;&#8230;&#8230;&#8230;&#8230;&#8230;&#8230;&#8230;&#8230;&#8230;&#8230;&#8230;. \u00a0\u00a0 169<\/p>\n<p>\u2013 z 14 wrze\u015bnia 1947 roku&#8230;&#8230;&#8230;&#8230;&#8230;&#8230;&#8230;&#8230;&#8230;&#8230;&#8230;&#8230;&#8230;&#8230;&#8230;&#8230;&#8230;&#8230;&#8230;&#8230;&#8230;&#8230;.. \u00a0\u00a0 170<\/p>\n<p>\u2013 z 15 wrze\u015bnia 1947 roku&#8230;&#8230;&#8230;&#8230;&#8230;&#8230;&#8230;&#8230;&#8230;&#8230;&#8230;&#8230;&#8230;&#8230;&#8230;&#8230;&#8230;&#8230;&#8230;&#8230;&#8230;&#8230;.. \u00a0\u00a0 172<\/p>\n<p>\u2013 z 11 pa\u017adziernika 1947 roku&#8230;&#8230;&#8230;&#8230;&#8230;&#8230;&#8230;&#8230;&#8230;&#8230;&#8230;&#8230;&#8230;&#8230;&#8230;&#8230;&#8230;&#8230;&#8230;&#8230;.. \u00a0\u00a0 173<\/p>\n<p>\u2013 z 6 listopada 1947 roku&#8230;&#8230;&#8230;&#8230;&#8230;&#8230;&#8230;&#8230;&#8230;&#8230;&#8230;&#8230;&#8230;&#8230;&#8230;&#8230;&#8230;&#8230;&#8230;&#8230;&#8230;&#8230;&#8230;. \u00a0\u00a0 174<\/p>\n<p>Wyci\u0105g z aktu oskar\u017cenia\u00a0 &#8230;&#8230;&#8230;&#8230;&#8230;&#8230;&#8230;&#8230;&#8230;&#8230;&#8230;&#8230;&#8230;&#8230;&#8230;&#8230;&#8230;&#8230;&#8230;&#8230;&#8230;&#8230;&#8230;&#8230;. \u00a0\u00a0 176<\/p>\n<p>Jerzy Kozarzewski,<br \/>\nZ my\u015bl\u0105 o dewizie Salus Rei Publicae lex esto &#8230;&#8230;&#8230;&#8230;&#8230;&#8230;&#8230;&#8230;&#8230;&#8230;&#8230;&#8230;. \u00a0\u00a0 180<\/p>\n<p>&nbsp;<\/p>\n<p>&nbsp;<\/p>\n<p>&nbsp;<\/p>\n","protected":false},"excerpt":{"rendered":"<p>Wyb\u00f3r wierszy Jerzego Kozarzewskiego (1931-1996), prawnuka Ksawerego Norwida, brata Cypriana, \u017co\u0142nierza i wi\u0119\u017anie ocalonego od wyroku \u015bmierci dzi\u0119ki interwencji Juliana Tuwima. Wst\u0119p i opracowanie Magdalena Wo\u017aniewska-Dzia\u0142ak.<\/p>\n","protected":false},"featured_media":3248,"comment_status":"open","ping_status":"closed","template":"","meta":[],"product_cat":[84,481,16,20,18,17,60],"product_tag":[487,72,482,488,483,490,489,379,485,151,484,486],"_links":{"self":[{"href":"https:\/\/www.pewne.eu\/index.php\/wp-json\/wp\/v2\/product\/3247"}],"collection":[{"href":"https:\/\/www.pewne.eu\/index.php\/wp-json\/wp\/v2\/product"}],"about":[{"href":"https:\/\/www.pewne.eu\/index.php\/wp-json\/wp\/v2\/types\/product"}],"replies":[{"embeddable":true,"href":"https:\/\/www.pewne.eu\/index.php\/wp-json\/wp\/v2\/comments?post=3247"}],"wp:featuredmedia":[{"embeddable":true,"href":"https:\/\/www.pewne.eu\/index.php\/wp-json\/wp\/v2\/media\/3248"}],"wp:attachment":[{"href":"https:\/\/www.pewne.eu\/index.php\/wp-json\/wp\/v2\/media?parent=3247"}],"wp:term":[{"taxonomy":"product_cat","embeddable":true,"href":"https:\/\/www.pewne.eu\/index.php\/wp-json\/wp\/v2\/product_cat?post=3247"},{"taxonomy":"product_tag","embeddable":true,"href":"https:\/\/www.pewne.eu\/index.php\/wp-json\/wp\/v2\/product_tag?post=3247"}],"curies":[{"name":"wp","href":"https:\/\/api.w.org\/{rel}","templated":true}]}}