{"id":3038,"date":"2023-11-15T20:11:24","date_gmt":"2023-11-15T18:11:24","guid":{"rendered":"https:\/\/www.pewne.eu\/?post_type=product&#038;p=3038"},"modified":"2025-12-24T00:00:50","modified_gmt":"2025-12-23T22:00:50","slug":"bogumil-wojcik-kraj-za-morzem","status":"publish","type":"product","link":"https:\/\/www.pewne.eu\/index.php\/produkt\/bogumil-wojcik-kraj-za-morzem\/","title":{"rendered":"Bogumi\u0142 W\u00f3jcik, Kraj za  morzem"},"content":{"rendered":"<p>Wci\u0105gaj\u0105cy debiut powie\u015bciowy! Kolejny polski pisarz powraca do czas\u00f3w wypraw krzy\u017cowych, tworz\u0105c pe\u0142nokrwist\u0105 powie\u015b\u0107 intrygi, zbroi, z\u0142ota i miecza, opart\u0105 o historyczn\u0105 wiedz\u0119 i pasj\u0119.<\/p>\n<p>Jest rok pa\u0144ski 1147. Trzy lata wcze\u015bniej Turcy Seld\u017cuccy zdobyli Edess\u0119, najstarsze miasto chrze\u015bcija\u0144skie nad Eufratem. Wiadomo\u015b\u0107 ta wstrz\u0105sa Europ\u0105. Na pomoc Ziemi \u015awi\u0119tej ruszaj\u0105 pot\u0119\u017cne armie drugiej krucjaty. W Palestynie i Syrii, kt\u00f3re krzy\u017cowcy zw\u0105 Outremer \u2013 Krajem za morzem \u2013 \u017ale si\u0119 dzieje. W\u0142adcy Antiochii, Trypolisu i Jerozolimy, sk\u0142\u00f3ceni ze sob\u0105, nie potrafi\u0105 zjednoczy\u0107 si\u0119 wobec naporu Islamu. Templariusz Tybald de Rideau i bajlif Roger z Akwitanii prowadz\u0105 po\u015bcig za tureckim czambu\u0142em, pustosz\u0105cym ziemie hrabstwa Trypolisu. Nast\u0119pstwa tej pogoni odmieni\u0105 \u017cycie ka\u017cdego z nich.<br \/>\nW Azji Mniejszej armia kr\u00f3la Niemiec sposobi si\u0119 do walki z niewiernymi. W jej szeregach pod\u0105\u017caj\u0105 por\u00f3\u017cnieni ze sob\u0105 polscy ksi\u0105\u017c\u0119ta W\u0142adys\u0142aw Wygnaniec, Boles\u0142aw Wysoki i Henryk Sandomierski. Przybysze zza morza poznaj\u0105 bezmiar bogactwa Orientu. Do\u015bwiadcz\u0105 przepychu i n\u0119dzy. Ws\u0142uchaj\u0105 si\u0119 w szeptane tajemnice kr\u00f3lewskich szpieg\u00f3w, ujrz\u0105 b\u0142ysk sztylet\u00f3w Asasyn\u00f3w. Wkr\u00f3tce przekonaj\u0105 si\u0119 \u017ce wojny w Europie s\u0105 niczym wobec grozy zmaga\u0144 na Bliskim Wschodzie.<br \/>\nOto Kraj za morzem \u2013 \u015bwiat orientalnej ba\u015bni balansuj\u0105cy na kraw\u0119dzi miecza.<\/p>\n<p>Do ksi\u0105\u017cki do\u0142\u0105czona jest zak\u0142adka.<\/p>\n<p>Format: 140 x 210 mm<\/p>\n<p>Obj\u0119to\u015b\u0107: 362 strony<\/p>\n<p>Redakcja: Julia Diduch-Stachura<\/p>\n<p>Opracowanie graficzne i typograficzne: Adam Cedro<\/p>\n<p>ISBN 978-83-63518-95-0<\/p>\n<p>Dofinansowano ze \u015brodk\u00f3w Ministerstwa Kultury i Dziedzictwa Narodowego w ramach zadania \u201eProgram wsparcia wsp\u00f3\u0142czesnej literatury niekomercyjnej przez Instytut Literatury\u201d<\/p>\n<p><img decoding=\"async\" loading=\"lazy\" class=\"alignnone wp-image-3039\" src=\"https:\/\/www.pewne.eu\/wp-content\/uploads\/2023\/11\/IL_logo_01a_kolor-300x180.png\" alt=\"\" width=\"163\" height=\"92\" \/><img decoding=\"async\" loading=\"lazy\" class=\"alignnone wp-image-3040\" src=\"https:\/\/www.pewne.eu\/wp-content\/uploads\/2023\/11\/05_znak_uproszczony_kolor_biale_tlo_RGB-300x84.png\" alt=\"\" width=\"274\" height=\"70\" \/><\/p>\n<p>&nbsp;<\/p>\n","protected":false},"excerpt":{"rendered":"<p>Wci\u0105gaj\u0105cy debiut powie\u015bciowy!<br \/>\nKolejny polski pisarz powraca do czas\u00f3w wypraw krzy\u017cowych, tworz\u0105c pe\u0142nokrwist\u0105 powie\u015b\u0107 intrygi, zbroi, z\u0142ota i miecza, opart\u0105 o historyczn\u0105 wiedz\u0119 i pasj\u0119. Z udzia\u0142em polskich ksi\u0105\u017c\u0105t!<\/p>\n","protected":false},"featured_media":3041,"comment_status":"open","ping_status":"closed","template":"","meta":[],"product_cat":[419,133,16,60],"product_tag":[455,454,456,459,251,457,458],"_links":{"self":[{"href":"https:\/\/www.pewne.eu\/index.php\/wp-json\/wp\/v2\/product\/3038"}],"collection":[{"href":"https:\/\/www.pewne.eu\/index.php\/wp-json\/wp\/v2\/product"}],"about":[{"href":"https:\/\/www.pewne.eu\/index.php\/wp-json\/wp\/v2\/types\/product"}],"replies":[{"embeddable":true,"href":"https:\/\/www.pewne.eu\/index.php\/wp-json\/wp\/v2\/comments?post=3038"}],"wp:featuredmedia":[{"embeddable":true,"href":"https:\/\/www.pewne.eu\/index.php\/wp-json\/wp\/v2\/media\/3041"}],"wp:attachment":[{"href":"https:\/\/www.pewne.eu\/index.php\/wp-json\/wp\/v2\/media?parent=3038"}],"wp:term":[{"taxonomy":"product_cat","embeddable":true,"href":"https:\/\/www.pewne.eu\/index.php\/wp-json\/wp\/v2\/product_cat?post=3038"},{"taxonomy":"product_tag","embeddable":true,"href":"https:\/\/www.pewne.eu\/index.php\/wp-json\/wp\/v2\/product_tag?post=3038"}],"curies":[{"name":"wp","href":"https:\/\/api.w.org\/{rel}","templated":true}]}}