{"id":3010,"date":"2023-10-26T22:56:31","date_gmt":"2023-10-26T20:56:31","guid":{"rendered":"https:\/\/www.pewne.eu\/?post_type=product&#038;p=3010"},"modified":"2024-09-14T23:32:50","modified_gmt":"2024-09-14T21:32:50","slug":"sabina-mazur-muzyka-swiatla","status":"publish","type":"product","link":"https:\/\/www.pewne.eu\/index.php\/produkt\/sabina-mazur-muzyka-swiatla\/","title":{"rendered":"Sabina Mazur, Muzyka swiat\u0142a"},"content":{"rendered":"<p>15 tomik w poetyckiej serii Pewnego Wydawnictwa to debiut Sabiny Mazur.\u00a0Jak czytamy w notce:<\/p>\n<p>Z wykszta\u0142cenia polonistka, absolwentka Uniwersytetu Jagiello\u0144skiego. Mieszka w Warszawie, pracuje w urz\u0119dzie. Lubi nadmorskie spacery z m\u0119\u017cem i zachody s\u0142o\u0144ca. Szuka okruch\u00f3w pi\u0119kna w malarstwie, literaturze, muzyce \u2013 i czerpie z tego otuch\u0119. Docenia koj\u0105c\u0105 moc kontaktu z natur\u0105 i przyjaci\u00f3\u0142mi.<\/p>\n<p>Zapraszamy do lektury<\/p>\n<p>Spis tre\u015bci<\/p>\n<p>postrzy\u017cyny 5<br \/>\nkolorowe sukienki 6<br \/>\nnad morzem 7<br \/>\nzwinne podej\u015bcie do zarz\u0105dzania albo praca zdalna 8<br \/>\nw Dolinie Ma\u0142ej \u0141\u0105ki 9<br \/>\nbabie lato 10<br \/>\nItaka 11<br \/>\nczu\u0142e mu\u015bni\u0119cie szcz\u0119\u015bcia \u2013 sezon (od zawsze) pierwszy 12<br \/>\nobdarowana 13<br \/>\ndetoks 14<br \/>\ndo Matki 15<br \/>\n\u017cycie jest wielkie 16<br \/>\ndemiurgini 17<br \/>\nstrzepywanie 18<br \/>\nimieniny Zbyszka, mojego m\u0119\u017ca (17 marca 2020) 19<br \/>\nkwarantanna 20<br \/>\nrzeka 21<br \/>\nm\u0105\u017c przywraca harmoni\u0119 \u015bwiata 22<br \/>\nsierpie\u0144 w mie\u015bcie 23<br \/>\nniedziela 24<br \/>\ndar 25<br \/>\ndziwny stycze\u0144 albo modlitwa dobrej my\u015bli 26<br \/>\nw moim domu 27<br \/>\nmiasto 28<br \/>\n* * * 29<br \/>\ncud 30<br \/>\nrzeka 2 31<br \/>\njezioro albo refleks hinduski 32<br \/>\ndanse macabre 33<br \/>\noblubienica 2.0 34<br \/>\nreklama 35<br \/>\nstop-klatka 36<br \/>\nesencja 37<br \/>\nrocznica \u015blubu 38<br \/>\nto co osobiste albo tyle co nic 39<br \/>\nSPA w Ko\u0142obrzegu 40<br \/>\njak rozgry\u017a\u0107 typologi\u0119 swojej osobowo\u015bci 41<br \/>\nogl\u0105daj\u0105c wystawy obraz\u00f3w Tamary \u0141empickiej 42<br \/>\npodr\u00f3\u017ce 43<br \/>\nm\u00f3j jedyny albo wsp\u00f3lny spacer 44<\/p>\n<p>Notka o autorce 45<\/p>\n<p>Dofinansowano ze \u015brodk\u00f3w Ministerstwa Kultury i Dziedzictwa Narodowego w ramach zadania \u201eProgram wsparcia wsp\u00f3\u0142czesnej literatury niekomercyjnej przez Instytut Literatury\u201d<\/p>\n<p>Format: 135 x 205 mm<\/p>\n<p>Obj\u0119to\u015b\u0107: 46 stron<\/p>\n<p>ISBN 978-83-63518-93-6<\/p>\n<p>&nbsp;<\/p>\n","protected":false},"excerpt":{"rendered":"<p>Debiutancki tomik Sabiny Mazur<\/p>\n","protected":false},"featured_media":3011,"comment_status":"open","ping_status":"closed","template":"","meta":[],"product_cat":[16,20],"product_tag":[453,151,315,452],"_links":{"self":[{"href":"https:\/\/www.pewne.eu\/index.php\/wp-json\/wp\/v2\/product\/3010"}],"collection":[{"href":"https:\/\/www.pewne.eu\/index.php\/wp-json\/wp\/v2\/product"}],"about":[{"href":"https:\/\/www.pewne.eu\/index.php\/wp-json\/wp\/v2\/types\/product"}],"replies":[{"embeddable":true,"href":"https:\/\/www.pewne.eu\/index.php\/wp-json\/wp\/v2\/comments?post=3010"}],"wp:featuredmedia":[{"embeddable":true,"href":"https:\/\/www.pewne.eu\/index.php\/wp-json\/wp\/v2\/media\/3011"}],"wp:attachment":[{"href":"https:\/\/www.pewne.eu\/index.php\/wp-json\/wp\/v2\/media?parent=3010"}],"wp:term":[{"taxonomy":"product_cat","embeddable":true,"href":"https:\/\/www.pewne.eu\/index.php\/wp-json\/wp\/v2\/product_cat?post=3010"},{"taxonomy":"product_tag","embeddable":true,"href":"https:\/\/www.pewne.eu\/index.php\/wp-json\/wp\/v2\/product_tag?post=3010"}],"curies":[{"name":"wp","href":"https:\/\/api.w.org\/{rel}","templated":true}]}}