{"id":2930,"date":"2023-10-14T19:00:55","date_gmt":"2023-10-14T17:00:55","guid":{"rendered":"https:\/\/www.pewne.eu\/?post_type=product&#038;p=2930"},"modified":"2026-03-20T12:06:11","modified_gmt":"2026-03-20T10:06:11","slug":"aleksander-fredro-pan-jowialski-wydanie-jubileuszowe","status":"publish","type":"product","link":"https:\/\/www.pewne.eu\/index.php\/produkt\/aleksander-fredro-pan-jowialski-wydanie-jubileuszowe\/","title":{"rendered":"Aleksander Fredro, \u201ePan Jowialski\u201d. Wydanie jubileuszowe"},"content":{"rendered":"<p>Do\u0142\u0105czaj\u0105c do obchod\u00f3w Roku Aleksandra Fredry, Pewne Wydawnictwo opublikowa\u0142o now\u0105, jubileuszow\u0105 edycj\u0119 tego znamienitego dzie\u0142a, w nowym i aktualizuj\u0105cym stan wiedzy o dramacie opracowaniu prof. dr hab. Agnieszki Zio\u0142owicz. Ksi\u0105\u017cka jest czwartym tomem serii Album Romantyczne pod redakcj\u0105 naukow\u0105 dr Magdaleny Wo\u017aniewskiej-Dzia\u0142ak.<\/p>\n<p>Jak pisze w recenzji prof. dr hab. El\u017cbieta Nowicka: \u201ePublikacj\u0119 Pana Jowialskiego, jednej z najwa\u017cniejszych, a przy tym ci\u0105gle zaskakuj\u0105cej czytelnik\u00f3w, widz\u00f3w teatralnych i historyk\u00f3w literatury komedii Fredry uznaj\u0119 za bardzo celne posuni\u0119cie Wydawnictwa, w Roku Aleksandra Fredry. Publikacja znakomicie wpisuje si\u0119 w za\u0142o\u017cenia serii Album Romantyczne, udost\u0119pnia szerszej ni\u017c tylko akademicka publiczno\u015bci utw\u00f3r Fredry, z pe\u0142nym poszanowaniem osi\u0105gni\u0119\u0107 poprzednik\u00f3w \u2013 edytor\u00f3w i badaczy \u2013 i z umiej\u0119tnie zredagowanym aparatem krytycznym.<br \/>\nObszerny Komentarz pi\u00f3ra Agnieszki Zio\u0142owicz sk\u0142ada si\u0119 z kilku cz\u0119\u015bci. Pierwsza po\u015bwi\u0119cona jest obja\u015bnieniu stosunku romantyk\u00f3w i romantyzmu (jako pr\u0105du o okre\u015blonych za\u0142o\u017ceniach estetycznych) do komedii, autorka przypomina znane opinie przeciwnik\u00f3w komediopisarza i mniej dzi\u015b znane s\u0105dy pozytywne, lub co najmniej wywa\u017cone. Efekt tego przegl\u0105du jest bardzo interesuj\u0105cy, wychodzi poza utarty s\u0105d o \u201eniedopasowaniu\u201d Fredry do romantyzmu i wskazuje na znaczenie Fredry i jego krytyk\u00f3w dla zbudowania pluralizmu estetycznego i \u015bwiatopogl\u0105dowego epoki.<br \/>\nAnaliza tytu\u0142owej postaci, w kt\u00f3rej autorka korzysta z ustale\u0144 poprzednik\u00f3w [\u2026] zosta\u0142a pog\u0142\u0119biona i poszerzona o rozwa\u017cania nad humorem i figur\u0105 humorysty w kulturze, nad r\u00f3\u017cnymi formami kultury \u015bmiechu, w kt\u00f3rych znajduje si\u0119 miejsce dla melancholii i g\u0142\u0119bokiej refleksji.<br \/>\nBardzo ciekawie prezentuj\u0105 si\u0119 rozwa\u017cania na temat Pana Jowialskiego jako komedii o artystach [\u2026]. Podobny walor maj\u0105 fragmenty komentarza traktuj\u0105ce o meta-komediowym potencjale utworu. Lektura Pana Jowialskiego prowadzona w tym kierunku uwydatnia kreacjonizm i ironi\u0119 utworu, nale\u017c\u0105ce do kanonu za\u0142o\u017ce\u0144 i technik estetyki romantycznej.\u201d<\/p>\n<p>Ksi\u0105\u017cka przynosi (w stosunku do wydania S. Pigonia) tekst poddany lekkiej modernizacji wynikaj\u0105cej ze zmian w zasadach pisowni, nowe obja\u015bnienia, jest bogato ilustrowana, zamyka j\u0105 komentarz autorstwa prof. Zio\u0142owicz oraz bibliografia. Zach\u0119camy do zajrzenia do galerii zdj\u0119\u0107, co pozwoli na pe\u0142niejsze poznanie jej zawarto\u015bci i charakteru.<\/p>\n<p>Publikacja przygotowana jest z my\u015bl\u0105 o studentach filologii polskiej, polonistach, historykach literatury, teatrologach i wszystkich, kt\u00f3rzy s\u0105 zainteresowani poznaniem tw\u00f3rczo\u015bci Fredry.<\/p>\n<p>Tom recenzowa\u0142a prof. dr hab. El\u017cbieta Nowicka<\/p>\n<p>Korekta: Weronika Rychta<\/p>\n<p>Opracowanie typograficzne: Adam Cedro<\/p>\n<p><strong>Dofinansowano ze \u015brodk\u00f3w Ministra Kultury i Dziedzictwa Narodowego pochodz\u0105cych z Funduszu Promocji Kultury \u2013 pa\u0144stwowego funduszu celowego.<\/strong><\/p>\n<p><img decoding=\"async\" loading=\"lazy\" class=\"alignnone size-medium wp-image-2931\" src=\"https:\/\/www.pewne.eu\/wp-content\/uploads\/2023\/10\/05_znak_uproszczony_kolor_biale_tlo_RGB-300x84.png\" alt=\"\" width=\"300\" height=\"84\" srcset=\"https:\/\/www.pewne.eu\/wp-content\/uploads\/2023\/10\/05_znak_uproszczony_kolor_biale_tlo_RGB-300x84.png 300w, https:\/\/www.pewne.eu\/wp-content\/uploads\/2023\/10\/05_znak_uproszczony_kolor_biale_tlo_RGB-1024x288.png 1024w, https:\/\/www.pewne.eu\/wp-content\/uploads\/2023\/10\/05_znak_uproszczony_kolor_biale_tlo_RGB-768x216.png 768w, https:\/\/www.pewne.eu\/wp-content\/uploads\/2023\/10\/05_znak_uproszczony_kolor_biale_tlo_RGB-1536x432.png 1536w, https:\/\/www.pewne.eu\/wp-content\/uploads\/2023\/10\/05_znak_uproszczony_kolor_biale_tlo_RGB-600x169.png 600w, https:\/\/www.pewne.eu\/wp-content\/uploads\/2023\/10\/05_znak_uproszczony_kolor_biale_tlo_RGB.png 1600w\" sizes=\"(max-width: 300px) 100vw, 300px\" \/><\/p>\n<p>&nbsp;<\/p>\n<div><strong>Spis tre\u015bci<\/strong><\/div>\n<div><\/div>\n<div>\n<div>Tekst \u00a0 \u00a0 7<\/div>\n<div>Aleksander Fredro, Pan Jowialski\u00a0 \u00a0 \u00a09<\/div>\n<div><\/div>\n<div>Komentarz \u00a0 303<\/div>\n<div>Agnieszka Zio\u0142owicz, Osobliwo\u015bci Pana Jowialskiego 305<\/div>\n<div><\/div>\n<div>Bibliografia\u00a0 351<\/div>\n<\/div>\n<p>&nbsp;<\/p>\n<p>Format bloku: 140 x 205 mm<\/p>\n<p>Obj\u0119to\u015b\u0107: 356 stron<\/p>\n<p>Oprawa: twarda, szyta, folia b\u0142ysk<\/p>\n<p>ISBN 978-83-63518-91-2<\/p>\n<p>Pewne Wydawnictwo, Kielce 2023<\/p>\n<p>&nbsp;<\/p>\n","protected":false},"excerpt":{"rendered":"<p>Nowe, jubileuszowe wydanie komedii Fredry w opracowaniu Agnieszki Zio\u0142owicz. Czwarty tom z serii Album Romantyczne<\/p>\n<p><strong>Dofinansowano ze \u015brodk\u00f3w Ministra Kultury i Dziedzictwa Narodowego pochodz\u0105cych z Funduszu Promocji Kultury \u2013 pa\u0144stwowego funduszu celowego.<\/strong><\/p>\n<p><img decoding=\"async\" loading=\"lazy\" class=\"alignnone size-medium wp-image-2931\" src=\"https:\/\/www.pewne.eu\/wp-content\/uploads\/2023\/10\/05_znak_uproszczony_kolor_biale_tlo_RGB-300x84.png\" alt=\"\" width=\"300\" height=\"84\" srcset=\"https:\/\/www.pewne.eu\/wp-content\/uploads\/2023\/10\/05_znak_uproszczony_kolor_biale_tlo_RGB-300x84.png 300w, https:\/\/www.pewne.eu\/wp-content\/uploads\/2023\/10\/05_znak_uproszczony_kolor_biale_tlo_RGB-1024x288.png 1024w, https:\/\/www.pewne.eu\/wp-content\/uploads\/2023\/10\/05_znak_uproszczony_kolor_biale_tlo_RGB-768x216.png 768w, https:\/\/www.pewne.eu\/wp-content\/uploads\/2023\/10\/05_znak_uproszczony_kolor_biale_tlo_RGB-1536x432.png 1536w, https:\/\/www.pewne.eu\/wp-content\/uploads\/2023\/10\/05_znak_uproszczony_kolor_biale_tlo_RGB-600x169.png 600w, https:\/\/www.pewne.eu\/wp-content\/uploads\/2023\/10\/05_znak_uproszczony_kolor_biale_tlo_RGB.png 1600w\" sizes=\"(max-width: 300px) 100vw, 300px\" \/><\/p>\n","protected":false},"featured_media":2932,"comment_status":"open","ping_status":"closed","template":"","meta":[],"product_cat":[548,439,96,481,16,17],"product_tag":[53,370,371,440,391,444,442,443,331,441,328],"_links":{"self":[{"href":"https:\/\/www.pewne.eu\/index.php\/wp-json\/wp\/v2\/product\/2930"}],"collection":[{"href":"https:\/\/www.pewne.eu\/index.php\/wp-json\/wp\/v2\/product"}],"about":[{"href":"https:\/\/www.pewne.eu\/index.php\/wp-json\/wp\/v2\/types\/product"}],"replies":[{"embeddable":true,"href":"https:\/\/www.pewne.eu\/index.php\/wp-json\/wp\/v2\/comments?post=2930"}],"wp:featuredmedia":[{"embeddable":true,"href":"https:\/\/www.pewne.eu\/index.php\/wp-json\/wp\/v2\/media\/2932"}],"wp:attachment":[{"href":"https:\/\/www.pewne.eu\/index.php\/wp-json\/wp\/v2\/media?parent=2930"}],"wp:term":[{"taxonomy":"product_cat","embeddable":true,"href":"https:\/\/www.pewne.eu\/index.php\/wp-json\/wp\/v2\/product_cat?post=2930"},{"taxonomy":"product_tag","embeddable":true,"href":"https:\/\/www.pewne.eu\/index.php\/wp-json\/wp\/v2\/product_tag?post=2930"}],"curies":[{"name":"wp","href":"https:\/\/api.w.org\/{rel}","templated":true}]}}