{"id":2766,"date":"2023-06-02T21:14:16","date_gmt":"2023-06-02T19:14:16","guid":{"rendered":"https:\/\/www.pewne.eu\/?post_type=product&#038;p=2766"},"modified":"2026-03-29T17:14:00","modified_gmt":"2026-03-29T15:14:00","slug":"adam-mickiewicz-reduta-ordona-antologia-interpretacji","status":"publish","type":"product","link":"https:\/\/www.pewne.eu\/index.php\/produkt\/adam-mickiewicz-reduta-ordona-antologia-interpretacji\/","title":{"rendered":"Adam Mickiewicz, \u201eReduta Ordona\u201d. Antologia interpretacji. Mi\u0119kka oprawa"},"content":{"rendered":"<p>Niniejsza antologia zbiera najwa\u017cniejsze teksty po\u015bwi\u0119cone Reducie Ordona Adama Mickiewicza i ods\u0142ania zakres problematyki interesuj\u0105cej badaczy w zwi\u0105zku z tym wierszem. Zbi\u00f3r kilkunastu artyku\u0142\u00f3w, rozpraw i studi\u00f3w, uj\u0119ty w uk\u0142adzie chronologicznym, s\u0142u\u017cy\u00a0sportretowaniu dwudziestowiecznego rozwoju bada\u0144 nad poematem. Idea nadrz\u0119dna, jaka towarzyszy\u0142a publikacji antologii,\u00a0dotyczy\u0142a zilustrowania dziej\u00f3w badawczej recepcji tekstu, jego\u00a0poetyckiego fenomenu oraz frapuj\u0105cej \u017cywotno\u015bci w polskim uniwersum kultury. Jak pisze we wprowadzeniu autorka opracowania, Magdalena Wo\u017aniewska-Dzia\u0142ak, w antologii znalaz\u0142y si\u0119 studia, kt\u00f3re ilustruj\u0105 historycznoliterackie, stricte filologiczne i edytorskie, a tak\u017ce kulturoznawcze badania nad tekstem. Autorzy artyku\u0142\u00f3w \u2013 znawcy tw\u00f3rczo\u015bci Adama Mickiewicza oraz fundamentalnych problem\u00f3w jego epoki \u2013 rekonstruuj\u0105 t\u0142o powstania poematu, interpretuj\u0105 jego poetyck\u0105 zawarto\u015b\u0107, ale mierz\u0105 si\u0119 r\u00f3wnie\u017c z legend\u0105 o reducie i Ordonie. Bibliografia przygotowana na u\u017cytek niniejszej publikacji stanowi uzupe\u0142nienie ods\u0142aniaj\u0105ce szerokie spektrum bada\u0144 sprowokowanych przez dzie\u0142o literackie. My\u015bl\u0105 przewodni\u0105 niniejszej publikacji by\u0142o bowiem zgromadzenie najwa\u017cniejszych om\u00f3wie\u0144 wiersza Adama Mickiewicza. Antologia ilustruje wi\u0119c dzieje jednego utworu, jego s\u0142awy oraz wyj\u0105tkowej recepcji, powi\u0105zanej z poszukiwaniem prawdy historycznej na temat wydarze\u0144 z 1831 r.<\/p>\n<p>O \u201eReducie\u201d pisz\u0105: Magdalena Wo\u017aniewska-Dzia\u0142ak, Kazimierz Cia\u0142owicz, Samuel Sandler, Wac\u0142aw Borowy, Stanis\u0142aw Pigo\u0144, Nils \u00c5ke Nilsson, Kazimierz Wyka, Jerzy Axer, Zofia Stefanowska, Jerzy Fie\u0107ko, Jacek \u0141ukasiewicz, Dorota Siwicka, Marcin Napi\u00f3rkowski, Andrzej Fabianowski, Bogus\u0142aw Dopart.<\/p>\n<p>Ksi\u0105\u017cka jest trzecim tomem serii Album Romantyczne. Zawiera wprowadzenie, tekst &#8222;Reduty&#8221; z obja\u015bnieniami, kolorowe podobizny obu autograf\u00f3w i 13 komentarzy.<\/p>\n<p>Redakcja naukowa serii i tomu: dr Magdalena Wo\u017aniewska-Dzia\u0142ak<\/p>\n<p>Tom recenzowa\u0142 dr hab. Wojciech Kruszewski, prof. KUL<\/p>\n<p>Korekta: Weronika Rychta<\/p>\n<p>Opracowanie typograficzne: Adam Cedro<\/p>\n<p>&nbsp;<\/p>\n<div><strong>Spis tre\u015bci<\/strong><\/div>\n<div><\/div>\n<div>Tekst \u00a0 \u00a0 7<\/div>\n<div>Adam Mickiewicz, Reduta Ordona. Opowiadanie adiutanta\u00a0 \u00a09<\/div>\n<div>R\u0119kopisy, pierwodruk \u00a0 21<\/div>\n<div><\/div>\n<div>Wprowadzenie \u00a0 37<\/div>\n<div>Magdalena Wo\u017aniewska-Dzia\u0142ak, \u201eCzemu\u017c nie przyjecha\u0142 w czasie powstania do kraju?\u201d. O anachronizmie jednego pytania \u00a0 39<\/div>\n<div><\/div>\n<div>Studia \u00a0 61<\/div>\n<div>Kazimierz Cia\u0142owicz, Sp\u00f3r o <em>Redut\u0119 Ordona<\/em> \u00a0 63<\/div>\n<div>Samuel Sandler, \u201eWsp\u00f3lna w\u0142asno\u015b\u0107\u201d \u00a0 79<\/div>\n<div>Wac\u0142aw Borowy, Wiersze patriotyczne \u00a0 125<\/div>\n<div>Stanis\u0142aw Pigo\u0144, Littera, quae nocet. Usterka tekstu w <em>Reducie\u00a0Ordona<\/em> 137<\/div>\n<div>Nils \u00c5ke Nilsson, <em>Reduta Ordona<\/em>. Kilka uwag o stylu\u00a0batalistycznym 143<\/div>\n<div>Kazimierz Wyka, Adam Mickiewicz, <em>Reduta Ordona.\u00a0Opowiadanie adiutanta<\/em> 153<\/div>\n<div>Jerzy Axer, Zofia Stefanowska, Armaty Mickiewicza 177<\/div>\n<div>Jerzy Fie\u0107ko, <em>Reduta Ordona<\/em> wobec III cz\u0119\u015bci <em>Dziad\u00f3w<\/em> 203<\/div>\n<div>Jacek \u0141ukasiewicz, <em>Reduta Ordona. Opowiadanie adiutanta<\/em> 221<\/div>\n<div>Dorota Siwicka, Warszawa. Reduta Ordona 231<\/div>\n<div>Marcin Napi\u00f3rkowski, W obronie Reduty Ordona. Historia i mit 241<\/div>\n<div>Andrzej Fabianowski, <em>Reduta Ordona<\/em>. Rzeczywisto\u015b\u0107 \u2013\u00a0historiozofia \u2013 mit 269<\/div>\n<div>Bogus\u0142aw Dopart, <em>Reduta Ordona. Opowiadanie adiutanta<\/em>.\u00a0Okruchy lektury 311<\/div>\n<div><\/div>\n<div>Bibliografia 331<\/div>\n<p>&nbsp;<\/p>\n<p>Format bloku: 140 x 205 mm<\/p>\n<p>Obj\u0119to\u015b\u0107: 336 stron<\/p>\n<p>Oprawa: mi\u0119kka, klejona, folia b\u0142ysk<\/p>\n<p>ISBN 978-83-63518-86-8<\/p>\n<p>Pewne Wydawnictwo, Kielce 2023<\/p>\n<p>&nbsp;<\/p>\n","protected":false},"excerpt":{"rendered":"<p>Niniejsza antologia zbiera najwa\u017cniejsze teksty po\u015bwi\u0119cone &#8222;Reducie Ordona&#8221; Adama Mickiewicza i ods\u0142ania zakres problematyki interesuj\u0105cej badaczy w zwi\u0105zku z tym wierszem. Zbi\u00f3r kilkunastu artyku\u0142\u00f3w, rozpraw i studi\u00f3w, uj\u0119ty w uk\u0142adzie chronologicznym, s\u0142u\u017cy\u00a0sportretowaniu dwudziestowiecznego rozwoju bada\u0144 nad poematem. Podobizny autograf\u00f3w, tekst z obja\u015bnieniami.<\/p>\n","protected":false},"featured_media":2767,"comment_status":"open","ping_status":"closed","template":"","meta":[],"product_cat":[548,192,481,16,20,17],"product_tag":[415,53,326,371,329,413,409,411,412,403,408,414,76,143,407,402,401,352,406,404,405,300,400,410],"_links":{"self":[{"href":"https:\/\/www.pewne.eu\/index.php\/wp-json\/wp\/v2\/product\/2766"}],"collection":[{"href":"https:\/\/www.pewne.eu\/index.php\/wp-json\/wp\/v2\/product"}],"about":[{"href":"https:\/\/www.pewne.eu\/index.php\/wp-json\/wp\/v2\/types\/product"}],"replies":[{"embeddable":true,"href":"https:\/\/www.pewne.eu\/index.php\/wp-json\/wp\/v2\/comments?post=2766"}],"wp:featuredmedia":[{"embeddable":true,"href":"https:\/\/www.pewne.eu\/index.php\/wp-json\/wp\/v2\/media\/2767"}],"wp:attachment":[{"href":"https:\/\/www.pewne.eu\/index.php\/wp-json\/wp\/v2\/media?parent=2766"}],"wp:term":[{"taxonomy":"product_cat","embeddable":true,"href":"https:\/\/www.pewne.eu\/index.php\/wp-json\/wp\/v2\/product_cat?post=2766"},{"taxonomy":"product_tag","embeddable":true,"href":"https:\/\/www.pewne.eu\/index.php\/wp-json\/wp\/v2\/product_tag?post=2766"}],"curies":[{"name":"wp","href":"https:\/\/api.w.org\/{rel}","templated":true}]}}