{"id":2731,"date":"2023-04-21T20:31:25","date_gmt":"2023-04-21T18:31:25","guid":{"rendered":"https:\/\/www.pewne.eu\/?post_type=product&#038;p=2731"},"modified":"2026-04-10T18:30:35","modified_gmt":"2026-04-10T16:30:35","slug":"studia-norwidiana-zawartosc-tomow-1-40-lata-1983-2022","status":"publish","type":"product","link":"https:\/\/www.pewne.eu\/index.php\/produkt\/studia-norwidiana-zawartosc-tomow-1-40-lata-1983-2022\/","title":{"rendered":"&#8222;Studia Norwidiana&#8221;. Zawarto\u015b\u0107 tom\u00f3w 1\u201340 (lata 1983-2022)"},"content":{"rendered":"<p>\u201eStudia Norwidiana\u201d ukazuj\u0105 si\u0119 ju\u017c 40 lat. Pismo, powo\u0142ane z inicjatywy prof. Stefana Sawickiego (redaktora naczelnego tom\u00f3w 1\u201339), sta\u0142o si\u0119 trwa\u0142ym elementem polskiej humanistyki, gromadz\u0105c najwa\u017cniejsze i reprezentuj\u0105ce r\u00f3\u017cne nurty norwidologii artyku\u0142y, omawiaj\u0105ce tw\u00f3rczo\u015b\u0107, biografi\u0119 i recepcj\u0119 Norwidowego dzie\u0142a. W ci\u0105gu 40 lat w \u201eStudiach Norwidiana\u201d ukaza\u0142o si\u0119 blisko 600 artyku\u0142\u00f3w, studi\u00f3w i szkic\u00f3w, z czego blisko 200 to recenzje publikacji zwi\u0105zanych z autorem Quidama.<br \/>\nNiniejsze zestawienie obejmuje spis zawarto\u015bci rocznik\u00f3w \u201eStudi\u00f3w Norwidiana\u201d za lata 1983\u20132022 (tomy 1\u201340). Informacje bibliograficzne uporz\u0105dkowano alfabetycznie, zgodnie z dzia\u0142ami pisma (Artyku\u0142y i szkice, Interpretacje, Inedita, Materia\u0142y i\u00a0notatki, Recenzje i przegl\u0105dy, Polemiki, Kronika, Bibliografia). W ramach dzia\u0142u teksty jednego autora u\u0142o\u017cono w porz\u0105dku chronologicznym.<br \/>\nTomy 34: 2016\u201338: 2020 ukaza\u0142y si\u0119 r\u00f3wnie\u017c w wersji angielskoj\u0119zycznej, w zestawieniu wyr\u00f3\u017cniono je skr\u00f3tem ANG.<br \/>\nW Roku Norwidowskim ukaza\u0142 si\u0119 tak\u017ce dodatkowy numer specjalny, kt\u00f3ry oznaczono liter\u0105 S (39S: 2021).<br \/>\nZestawienie opatrzono indeksem nazwisk, kt\u00f3ry \u2013 opr\u00f3cz autor\u00f3w artyku\u0142\u00f3w \u2013 uwzgl\u0119dnia tak\u017ce wsp\u00f3\u0142autor\u00f3w, osoby przywo\u0142ane w tytu\u0142ach artyku\u0142\u00f3w, t\u0142umaczy oraz autor\u00f3w recenzowanych publikacji.<\/p>\n<p>Ksi\u0105\u017ceczka jest 6. tomem serii Pewne Norwidiana.<\/p>\n<p>Opracowanie: Adam Cedro<\/p>\n<p>Spis tre\u015bci<\/p>\n<p>Nota 7<\/p>\n<p>Spis zawarto\u015bci<br \/>\nArtyku\u0142y i szkice 9<br \/>\nInterpretacje 18<br \/>\nInedita 20<br \/>\nMateria\u0142y i notatki 22<br \/>\nRecenzje i przegl\u0105dy 28<br \/>\nPolemiki 42<br \/>\nKronika 43<br \/>\nBibliografia 47<br \/>\nVaria 48<\/p>\n<p>Indeks nazwisk 49<\/p>\n<p>Format: 125 x 190 mm<\/p>\n<p>Obj\u0119to\u015b\u0107: 54 strony<\/p>\n<p>ISBN 978-83-63518-85-1<\/p>\n<p>Oprawa mi\u0119kka, karton barwiony w masie<\/p>\n<p>Redakcja, projekt serii i opracowanie graficzne:\u00a0Adam Cedro<\/p>\n<p>Kielce 2023<\/p>\n","protected":false},"excerpt":{"rendered":"<p>Spis zawarto\u015bci 40 tom\u00f3w rocznika &#8222;Studia Norwidiana&#8221;. W porz\u0105dku alfabetycznym z indeksem nazwisk. Obejmuje ok. 600 artyku\u0142\u00f3w i 200 recenzji.<\/p>\n","protected":false},"featured_media":2732,"comment_status":"open","ping_status":"closed","template":"","meta":[],"product_cat":[16,18],"product_tag":[53,399,205,289,397,396,395,398],"_links":{"self":[{"href":"https:\/\/www.pewne.eu\/index.php\/wp-json\/wp\/v2\/product\/2731"}],"collection":[{"href":"https:\/\/www.pewne.eu\/index.php\/wp-json\/wp\/v2\/product"}],"about":[{"href":"https:\/\/www.pewne.eu\/index.php\/wp-json\/wp\/v2\/types\/product"}],"replies":[{"embeddable":true,"href":"https:\/\/www.pewne.eu\/index.php\/wp-json\/wp\/v2\/comments?post=2731"}],"wp:featuredmedia":[{"embeddable":true,"href":"https:\/\/www.pewne.eu\/index.php\/wp-json\/wp\/v2\/media\/2732"}],"wp:attachment":[{"href":"https:\/\/www.pewne.eu\/index.php\/wp-json\/wp\/v2\/media?parent=2731"}],"wp:term":[{"taxonomy":"product_cat","embeddable":true,"href":"https:\/\/www.pewne.eu\/index.php\/wp-json\/wp\/v2\/product_cat?post=2731"},{"taxonomy":"product_tag","embeddable":true,"href":"https:\/\/www.pewne.eu\/index.php\/wp-json\/wp\/v2\/product_tag?post=2731"}],"curies":[{"name":"wp","href":"https:\/\/api.w.org\/{rel}","templated":true}]}}