{"id":2593,"date":"2022-12-31T22:23:14","date_gmt":"2022-12-31T20:23:14","guid":{"rendered":"https:\/\/www.pewne.eu\/?post_type=product&#038;p=2593"},"modified":"2026-02-24T20:53:42","modified_gmt":"2026-02-24T18:53:42","slug":"aleksandra-danczyszyn-tiszert-z-bangladeszu","status":"publish","type":"product","link":"https:\/\/www.pewne.eu\/index.php\/produkt\/aleksandra-danczyszyn-tiszert-z-bangladeszu\/","title":{"rendered":"Aleksandra Da\u0144czyszyn, tiszert z Bangladeszu"},"content":{"rendered":"<p>Aleksandra Da\u0144czyszyn &#8211; ur. 1991, absolwentka polonistyki UW, laureatka konkurs\u00f3w poetyckich. W 2015 r. reprezentowa\u0142a Polsk\u0119 na Mi\u0119dzynarodowym Festiwalu Poetyckim Transpo\u00e9sie w Brukseli. Jej wiersze by\u0142y t\u0142umaczone na j\u0119zyk francuski, flamandzki i angielski.<\/p>\n<p>Debiutowa\u0142a tomem <em>Kochanie <\/em>(Krak\u00f3w 2020).<\/p>\n<p><em>tiszert z Bangladeszu<\/em> (Kielce 2023) to jej drugi tom poetycki, ewokuj\u0105cy w skromnej formie i pow\u015bci\u0105gliwych, kr\u00f3tkich relacjach dramatyczny obraz \u015bwiata, w kt\u00f3rym \u017cyjemy, i na kt\u00f3ry Autorka za \u017cadne s\u0142owo nie chce si\u0119 zgodzi\u0107. I \u015bwiat drugi: intymny i liryczny.<\/p>\n<p>To pierwszy tomik poetycki w Polsce w roku 2023:\u00a0premiera 1 stycznia!<\/p>\n<p>&nbsp;<\/p>\n<p>Format 135 x 205 mm<\/p>\n<p>Obj\u0119to\u015b\u0107: 48 stron<\/p>\n<p>Oprawa mi\u0119kka, klejona.<\/p>\n<p>ISBN 978-83-63518-73-8<\/p>\n<p>Cena: 22 z\u0142<\/p>\n<p>Spis tre\u015bci<\/p>\n<p>Emigracja 5<br \/>\nJeszcze 6<br \/>\nDlaczego 7<br \/>\nPiorun 8<br \/>\nPo\u017cegnania 9<br \/>\n\u015amier\u0107 Ich nie roz\u0142\u0105czy 10<br \/>\nCzucie fantomowe 11<br \/>\nNasza Hiacyntka z jarzyniarni 12<br \/>\nChwila moment 13<br \/>\nNa nitk\u0119 14<br \/>\nDoros\u0142o\u015b\u0107 15<br \/>\nSztuka kochania 16<br \/>\nPrzeznaczenie 17<br \/>\nGuziki 18<br \/>\nNa pchlim targu 19<br \/>\nDawid, Szymon, Sara i Noemi 20<br \/>\nPod \u015acian\u0105 P\u0142aczu 21<br \/>\nB\u0119dziemy m\u00f3wi\u0107 22<br \/>\nJezus 23<br \/>\n\u0141azarz 24<br \/>\nb\u00f3ghonorojczyzna 25<br \/>\nPuste miejsce przy stole 26<br \/>\nBY 27<br \/>\nUchod\u017aca 28<br \/>\nPrzed autokarem jad\u0105cym za granic\u0119 29<br \/>\nIssa Jerjos 30<br \/>\nJe\u015bli 31<br \/>\n\u015aroda Popielcowa 2022 32<br \/>\nUkrainie 33<br \/>\nLuksus 34<br \/>\nBieda 35<br \/>\nKoszula Dejaniry 36<br \/>\nAwokado 37<br \/>\nList 38<br \/>\nNie pytaj 39<br \/>\nJej wolno 40<br \/>\nJemu wolno 41<br \/>\nUrodziny 42<br \/>\nPrzenikanie 43<br \/>\nJedna wiara 44<br \/>\nAkceptacja 45<\/p>\n<p>&nbsp;<\/p>\n","protected":false},"excerpt":{"rendered":"<p>Aleksandra Da\u0144czyszyn &#8211; ur. 1991, absolwentka polonistyki UW, laureatka konkurs\u00f3w poetyckich. W 2015 r. reprezentowa\u0142a Polsk\u0119 na Mi\u0119dzynarodowym Festiwalu Poetyckim Transpo\u00e9sie w Brukseli. Jej wiersze by\u0142y t\u0142umaczone na j\u0119zyk francuski, flamandzki i angielski.<\/p>\n<p>Debiutowa\u0142a tomem <em>Kochanie <\/em>(Krak\u00f3w 2020).<\/p>\n<p><em>tiszert z Bangladeszu<\/em> (Kielce 2023) to jej drugi tom poetycki, ewokuj\u0105cy w skromnej formie i pow\u015bci\u0105gliwych, kr\u00f3tkich relacjach dramatyczny obraz \u015bwiata, w kt\u00f3rym \u017cyjemy, i na kt\u00f3ry Autorka za \u017cadne s\u0142owo nie chce si\u0119 zgodzi\u0107. I \u015bwiat drugi: intymny i liryczny.<\/p>\n<p>To pierwszy tomik poetycki w Polsce w roku 2023:\u00a0premiera 1 stycznia!<\/p>\n","protected":false},"featured_media":2594,"comment_status":"open","ping_status":"closed","template":"","meta":[],"product_cat":[16,20,60],"product_tag":[372,373,374,358,151,315,359,375,376,150],"_links":{"self":[{"href":"https:\/\/www.pewne.eu\/index.php\/wp-json\/wp\/v2\/product\/2593"}],"collection":[{"href":"https:\/\/www.pewne.eu\/index.php\/wp-json\/wp\/v2\/product"}],"about":[{"href":"https:\/\/www.pewne.eu\/index.php\/wp-json\/wp\/v2\/types\/product"}],"replies":[{"embeddable":true,"href":"https:\/\/www.pewne.eu\/index.php\/wp-json\/wp\/v2\/comments?post=2593"}],"wp:featuredmedia":[{"embeddable":true,"href":"https:\/\/www.pewne.eu\/index.php\/wp-json\/wp\/v2\/media\/2594"}],"wp:attachment":[{"href":"https:\/\/www.pewne.eu\/index.php\/wp-json\/wp\/v2\/media?parent=2593"}],"wp:term":[{"taxonomy":"product_cat","embeddable":true,"href":"https:\/\/www.pewne.eu\/index.php\/wp-json\/wp\/v2\/product_cat?post=2593"},{"taxonomy":"product_tag","embeddable":true,"href":"https:\/\/www.pewne.eu\/index.php\/wp-json\/wp\/v2\/product_tag?post=2593"}],"curies":[{"name":"wp","href":"https:\/\/api.w.org\/{rel}","templated":true}]}}