{"id":2441,"date":"2022-11-26T00:25:03","date_gmt":"2022-11-25T22:25:03","guid":{"rendered":"https:\/\/www.pewne.eu\/?post_type=product&#038;p=2441"},"modified":"2025-04-08T19:01:00","modified_gmt":"2025-04-08T17:01:00","slug":"c-norwid-pamietnik-artysty-2-szt","status":"publish","type":"product","link":"https:\/\/www.pewne.eu\/index.php\/produkt\/c-norwid-pamietnik-artysty-2-szt\/","title":{"rendered":"C. Norwid, Pami\u0119tnik artysty (2 szt.)"},"content":{"rendered":"<p><strong>Uwaga: inna oferta w ksi\u0119garni obejmuje 1 egzemplarz notesu w cenie 30 z\u0142!<\/strong><\/p>\n<p>\u201ePami\u0119tnik artysty\u201d to notes japo\u0144ski inkrustowany cytatami i drobnymi rysunkami Norwida. Starali\u015bmy si\u0119 pokaza\u0107 w nich Norwida nieoczywistego: \u017cartobliwego, zadziornego, autoironicznego, mniej powa\u017cnego,\u00a0 zdj\u0119tego z koturnu, rysuj\u0105cego zupe\u0142nie wsp\u00f3\u0142czesne portrety i niepowa\u017cne rysunki. Ale znalaz\u0142o si\u0119 tak\u017ce miejsce dla wyboru fraz i strof z jego wspania\u0142ej poezji \u2013 tak\u017ce w wi\u0119kszo\u015bci mniej znanych, a pokazuj\u0105cych pi\u0119kno i g\u0142\u0119bi\u0119 jego poezji.<\/p>\n<p>Notes jest formatu A5, ma 192 strony z obj\u0119to\u015bciowego papieru, dzi\u0119ki czemu jest bardzo lekki. Zdj\u0119cia pokazuj\u0105 jego konstrukcj\u0119: jest szyty i klejony, co gwarantuje trwa\u0142o\u015b\u0107, a szorstka tekturowa ok\u0142adka wystarczaj\u0105co zabezpiecza zawarto\u015b\u0107. Co najwa\u017cniejsze: dzi\u0119ki takiej oprawie da si\u0119 roz\u0142o\u017cy\u0107 zupe\u0142nie na p\u0142ask, co u\u0142atwia szkicowanie czy pisanie.<\/p>\n<p>Autorem koncepcji i ca\u0142o\u015bci opracowania jest Adam Cedro, mi\u0142o\u015bnik Norwida, w porywach norwidolog, w\u0142a\u015bciciel Pewnego Wydawnictwa.<\/p>\n<p>Chcieli\u015bmy, by mogli Pa\u0144stwo zapisywa\u0107 swoje my\u015bli w inspiruj\u0105cym i najlepszym towarzystwie.<\/p>\n<p>Albo mogli podarowa\u0107 tak oryginaln\u0105 rzecz komu\u015b, kto doceni jej praktyczno\u015b\u0107 i urod\u0119.<\/p>\n<p>Zach\u0119camy do przejrzenia oferty Pewnego Wydawnictwa &#8211; przesy\u0142ka dodatkowej ksi\u0105\u017cki nie b\u0119dzie ju\u017c nic kosztowa\u0107 \ud83d\ude42<\/p>\n<p>&nbsp;<\/p>\n<p>Dofinansowano ze \u015brodk\u00f3w Ministra Kultury i Dziedzictwa Narodowego pochodz\u0105cych<br \/>\nz Funduszu Promocji Kultury \u2013 pa\u0144stwowego funduszu celowego<\/p>\n<p><img decoding=\"async\" loading=\"lazy\" class=\"alignnone size-medium wp-image-2127\" src=\"https:\/\/www.pewne.eu\/wp-content\/uploads\/2022\/08\/MKiDN_kolor-300x124.jpg\" alt=\"\" width=\"300\" height=\"124\" srcset=\"https:\/\/www.pewne.eu\/wp-content\/uploads\/2022\/08\/MKiDN_kolor-300x124.jpg 300w, https:\/\/www.pewne.eu\/wp-content\/uploads\/2022\/08\/MKiDN_kolor-600x249.jpg 600w, https:\/\/www.pewne.eu\/wp-content\/uploads\/2022\/08\/MKiDN_kolor-768x318.jpg 768w, https:\/\/www.pewne.eu\/wp-content\/uploads\/2022\/08\/MKiDN_kolor-1024x424.jpg 1024w, https:\/\/www.pewne.eu\/wp-content\/uploads\/2022\/08\/MKiDN_kolor.jpg 1200w\" sizes=\"(max-width: 300px) 100vw, 300px\" \/><\/p>\n<p>Format: A5 (140 x 205 mm)<\/p>\n<p>Stron 192<\/p>\n<p>ISBN 978-83-63518-75-2<\/p>\n","protected":false},"excerpt":{"rendered":"<p>Notes japo\u0144ski inkrustowany cytatami i drobnymi rysunkami Norwida. Szczeg\u00f3\u0142y w pe\u0142nym opisie i na zdj\u0119ciach. Cena obejmuje 2 egzemplarze!<\/p>\n","protected":false},"featured_media":2442,"comment_status":"open","ping_status":"closed","template":"","meta":[],"product_cat":[18,60],"product_tag":[366,205,362,363,365,361,151,364],"_links":{"self":[{"href":"https:\/\/www.pewne.eu\/index.php\/wp-json\/wp\/v2\/product\/2441"}],"collection":[{"href":"https:\/\/www.pewne.eu\/index.php\/wp-json\/wp\/v2\/product"}],"about":[{"href":"https:\/\/www.pewne.eu\/index.php\/wp-json\/wp\/v2\/types\/product"}],"replies":[{"embeddable":true,"href":"https:\/\/www.pewne.eu\/index.php\/wp-json\/wp\/v2\/comments?post=2441"}],"wp:featuredmedia":[{"embeddable":true,"href":"https:\/\/www.pewne.eu\/index.php\/wp-json\/wp\/v2\/media\/2442"}],"wp:attachment":[{"href":"https:\/\/www.pewne.eu\/index.php\/wp-json\/wp\/v2\/media?parent=2441"}],"wp:term":[{"taxonomy":"product_cat","embeddable":true,"href":"https:\/\/www.pewne.eu\/index.php\/wp-json\/wp\/v2\/product_cat?post=2441"},{"taxonomy":"product_tag","embeddable":true,"href":"https:\/\/www.pewne.eu\/index.php\/wp-json\/wp\/v2\/product_tag?post=2441"}],"curies":[{"name":"wp","href":"https:\/\/api.w.org\/{rel}","templated":true}]}}