{"id":2320,"date":"2022-10-24T18:06:41","date_gmt":"2022-10-24T16:06:41","guid":{"rendered":"https:\/\/www.pewne.eu\/?post_type=product&#038;p=2320"},"modified":"2026-01-01T18:32:45","modified_gmt":"2026-01-01T16:32:45","slug":"robert-kowalski-od-adama-do-zygmunta-romantyczne-biografie","status":"publish","type":"product","link":"https:\/\/www.pewne.eu\/index.php\/produkt\/robert-kowalski-od-adama-do-zygmunta-romantyczne-biografie\/","title":{"rendered":"Robert Kowalski, Od Adama do Zygmunta. Romantyczne biografie"},"content":{"rendered":"<p>Jak napisa\u0142 na swojej stronie autor, znany promotor romantyzmu i jego bohater\u00f3w, gospodarz strony Paryskie salony romantyk\u00f3w, ksi\u0105\u017cka:<br \/>\n&#8222;zawiera \u017cyciorysy 180 postaci z epoki romantyzmu \u2013 artyst\u00f3w i artystek, ale r\u00f3wnie\u017c ich przyjaci\u00f3\u0142, cz\u0142onk\u00f3w rodziny czy os\u00f3b, kt\u00f3re mia\u0142y szczeg\u00f3lny wp\u0142yw na ich tw\u00f3rczo\u015b\u0107. Znajduj\u0105 si\u0119 w niej r\u00f3wnie\u017c najnowsze odkrycia na temat romantyk\u00f3w, dokonane dzi\u0119ki post\u0119puj\u0105cej digitalizacji wcze\u015bniej niedost\u0119pnych \u017ar\u00f3de\u0142 (np. ksi\u0105g metrykalnych czy prasy). W ksi\u0105\u017cce zosta\u0142 przedstawiony zar\u00f3wno romantyczny panteon, jak i arty\u015bci mniej znani i zapomniani (Seweryna Duchi\u0144ska, August Antoni Jakubowski, Gustaw Ehrenberg, Narcyza \u017bmichowska). Dodatkow\u0105 atrakcj\u0105 b\u0119d\u0105 portrety i drzewa genealogiczne opisywanych os\u00f3b. W sam raz na Rok Romantyzmu Polskiego&#8221;.<\/p>\n<p>Format: 165 x 235 mm<\/p>\n<p>Oprawa mi\u0119kka, klejona, folia b\u0142ysk<\/p>\n<p>224 strony<\/p>\n<p>Spis tre\u015bci:<\/p>\n<p>Biografie 5<\/p>\n<p>Drzewa genologiczne 207<br \/>\nRodzina lorda Byrona 208<br \/>\nRodzina Fryderyka Chopina 209<br \/>\nRodzina Cypriana Norwida 212<br \/>\nRodzina George Sand 213<br \/>\nRodzina Percy\u2019ego Shelleya 214<br \/>\nRodzina S\u0142owackiego 215<br \/>\nRodzina Szymanowskich 216<br \/>\nRodzina Narcyzy \u017bmichowskiej 217<br \/>\nBibliografia 218<br \/>\nPodzi\u0119kowania 221<\/p>\n<p>Premiera: 24.10.2022<\/p>\n<p>Patronat medialny: Paryskie salony romantyk\u00f3w, baba od polskiego, babka od histy<\/p>\n<p>&nbsp;<\/p>\n<p>&nbsp;<\/p>\n<p>&nbsp;<\/p>\n","protected":false},"excerpt":{"rendered":"<p>Autorski leksykon Roberta Kowalskiego obejmuj\u0105cy 180 sylwetek polskiego i europejskiego romantyzmu. Biogramy, podobizny bohater\u00f3w. Kompendium wiedzy o biografiach romantyk\u00f3w i ich bliskich.<\/p>\n","protected":false},"featured_media":2321,"comment_status":"open","ping_status":"closed","template":"","meta":[],"product_cat":[16,17,60],"product_tag":[350,351,353,354,143,346,349,348,352,347,274],"_links":{"self":[{"href":"https:\/\/www.pewne.eu\/index.php\/wp-json\/wp\/v2\/product\/2320"}],"collection":[{"href":"https:\/\/www.pewne.eu\/index.php\/wp-json\/wp\/v2\/product"}],"about":[{"href":"https:\/\/www.pewne.eu\/index.php\/wp-json\/wp\/v2\/types\/product"}],"replies":[{"embeddable":true,"href":"https:\/\/www.pewne.eu\/index.php\/wp-json\/wp\/v2\/comments?post=2320"}],"wp:featuredmedia":[{"embeddable":true,"href":"https:\/\/www.pewne.eu\/index.php\/wp-json\/wp\/v2\/media\/2321"}],"wp:attachment":[{"href":"https:\/\/www.pewne.eu\/index.php\/wp-json\/wp\/v2\/media?parent=2320"}],"wp:term":[{"taxonomy":"product_cat","embeddable":true,"href":"https:\/\/www.pewne.eu\/index.php\/wp-json\/wp\/v2\/product_cat?post=2320"},{"taxonomy":"product_tag","embeddable":true,"href":"https:\/\/www.pewne.eu\/index.php\/wp-json\/wp\/v2\/product_tag?post=2320"}],"curies":[{"name":"wp","href":"https:\/\/api.w.org\/{rel}","templated":true}]}}