{"id":215,"date":"2017-12-05T21:07:32","date_gmt":"2017-12-05T19:07:32","guid":{"rendered":"http:\/\/www.pewne.eu\/?post_type=product&#038;p=215"},"modified":"2026-01-01T18:30:33","modified_gmt":"2026-01-01T16:30:33","slug":"ewa-rozycka-balutki","status":"publish","type":"product","link":"https:\/\/www.pewne.eu\/index.php\/produkt\/ewa-rozycka-balutki\/","title":{"rendered":"Ewa R\u00f3\u017cycka, Ba\u0142utki"},"content":{"rendered":"<p><img decoding=\"async\" loading=\"lazy\" class=\"alignleft wp-image-196\" src=\"http:\/\/www.pewne.eu\/wp-content\/uploads\/2017\/11\/balut_okladka.jpg\" alt=\"\" width=\"381\" height=\"880\" \/><\/p>\n<p>Debiut prozatorski Ewy R\u00f3\u017cyckiej \u00a0jest zbiorem miniaturowych lirycznych opowie\u015bci o ludzkich \u015bwiatach i losach.\u00a0Ewa R\u00f3\u017cycka w rzadki spos\u00f3b potrafi \u0142\u0105czy\u0107 rzeczywisto\u015b\u0107 jawy i snu, tera\u017aniejszo\u015bci i wspomnienia, pokazywa\u0107 ukryty sens zdarze\u0144 i ich wielowymiarowo\u015b\u0107. Pisze o t\u0119sknotach, mi\u0142o\u015bci, rozstaniach, poszukiwaniach i\u00a0 spotkaniach. O ludziach niezwyk\u0142ych i prostych, bogaczach i biedakach. O \u015bmierci i \u017cyciu. Wzrusza i dociera do ludzkich tajemnic, kilkoma s\u0142owami, fragmentem dialogu czy opisem jednego gestu pokazuj\u0105c dramat ca\u0142ego \u017cycia bohatera, nad kt\u00f3rym zawsze z czu\u0142o\u015bci\u0105 si\u0119 pochyla.<\/p>\n<p>To najcichsza premiera roku 2017.<\/p>\n<p>&nbsp;<\/p>\n<p>&nbsp;<\/p>\n<p>ISBN 978-83-63518-10-3<\/p>\n<p>&nbsp;<\/p>\n<p>&nbsp;<\/p>\n<p>&nbsp;<\/p>\n<p>&nbsp;<\/p>\n<p>&nbsp;<\/p>\n<p>Ewa R\u00f3\u017cycka, Ba\u0142utki. Kroniki z ziemi obiecanej<\/p>\n<p>Pewne Wydawnictwo, Kielce 2017<\/p>\n<p>Redakcja, projekt ok\u0142adki i opracowanie typograficzne: Adam Cedro<\/p>\n<p>Kielce 2017<\/p>\n<p>Patronat medialny: Radio \u0141\u00f3d\u017a<\/p>\n<p>&nbsp;<\/p>\n<p>____________________________________<\/p>\n<p>Pierwsze recenzje:<\/p>\n<p>Wojciech Stanis\u0142awski (11.12.2017):<\/p>\n<p><a href=\"https:\/\/wpolityce.pl\/kultura\/371500-ktorzy-sie-smuca-co-sie-zdarza-zdarza-sie-dla-spotkan\" target=\"_blank\" rel=\"noopener\">https:\/\/wpolityce.pl\/kultura\/371500-ktorzy-sie-smuca-co-sie-zdarza-zdarza-sie-dla-spotkan<\/a><\/p>\n<p>Kurzojady:<\/p>\n<div id=\"fb-root\"><\/div>\n<p><script async=\"1\" defer=\"1\" crossorigin=\"anonymous\" src=\"https:\/\/connect.facebook.net\/fr_FR\/sdk.js#xfbml=1&amp;version=v5.0\"><\/script><\/p>\n<div class=\"fb-video\" data-href=\"https:\/\/www.facebook.com\/Kurzojady\/videos\/1128974787237238\/\" data-width=\"640\">\n<blockquote cite=\"https:\/\/www.facebook.com\/Kurzojady\/videos\/1128974787237238\/\" class=\"fb-xfbml-parse-ignore\"><p><a href=\"https:\/\/www.facebook.com\/Kurzojady\/videos\/1128974787237238\/\">Suszarnia,odc. 8<\/a><\/p>\n<p>Zapraszamy do \u00f3smej ods\u0142ony &quot;Suszarni&quot;. Jeste\u015bmy przed\u015bwi\u0105teczni i m\u00f3wimy o &quot;Grzybach&quot; z Naszej Ksi\u0119garni, ksi\u0105\u017cce Themerson\u00f3w &quot;Pan Tom buduje dom&quot;, &quot;Nikt mnie nie ma&quot; Asy Linderg ale i debiutanckich &quot;Ba\u0142utkach&quot; Ewy R\u00f3\u017cyckiej i wielu innych (tak, pami\u0119tamy &#8211; #notesdlaludzi). Zapraszamy!<\/p>\n<p>Publi\u00e9e par <a href=\"https:\/\/www.facebook.com\/Kurzojady\/\">Kurzojady<\/a> sur Mardi 19 d\u00e9cembre 2017<\/p><\/blockquote>\n<\/div>\n<p><a href=\"http:\/\/blog.wirtualnemedia.pl\/ks-artur-stopka\/post\/wrazliwosc-czyli-sila-przekazu\" target=\"_blank\" rel=\"noopener\">http:\/\/blog.wirtualnemedia.pl\/ks-artur-stopka\/post\/wrazliwosc-czyli-sila-przekazu<\/a><\/p>\n<p>&nbsp;<\/p>\n<p><span class=\"mbs fwn fcg\" data-ft=\"{&quot;tn&quot;:&quot;C&quot;}\"><span class=\"fwb\" data-ft=\"{&quot;tn&quot;:&quot;;&quot;}\"><a href=\"https:\/\/www.facebook.com\/profile.php?id=100011358232437&amp;hc_ref=ARRIdB5g8IAoWZhccxK8RqAhviyUx9eEfBKKGEeB5TyS5K8v4Pxr5yy70kq6CPf0t1Y&amp;fref=nf\" data-hovercard=\"\/ajax\/hovercard\/user.php?id=100011358232437&amp;extragetparams=%7B%22hc_ref%22%3A%22ARRIdB5g8IAoWZhccxK8RqAhviyUx9eEfBKKGEeB5TyS5K8v4Pxr5yy70kq6CPf0t1Y%22%2C%22fref%22%3A%22nf%22%7D\" data-hovercard-prefer-more-content-show=\"1\" data-hovercard-referer=\"ARRIdB5g8IAoWZhccxK8RqAhviyUx9eEfBKKGEeB5TyS5K8v4Pxr5yy70kq6CPf0t1Y\">J\u00f3zef Fert<\/a><\/span><\/span><\/p>\n<div id=\"feed_subtitle_665570963831505:4:0\" class=\"_5pcp _5lel _232_\"><span style=\"line-height: inherit;\">Sko\u0144czy\u0142em (w ci\u0105gu pi\u0119ciu godzin) lektur\u0119 wspanialej ksi\u0105\u017cki Ewy R\u00f3\u017cyckiej &#8222;Ba\u0142utki&#8221; (opowie\u015bci w kr\u0119gu \u0142\u00f3dzkich Ba\u0142ut i nie tylko), kt\u00f3r\u0105 wyda\u0142 Adam Cedro w s<\/span><span class=\"text_exposed_show\" style=\"line-height: inherit;\">woim Pewnym Wydawnictwie. Na jesienno-zimowe mroki ten prawdziwy promie\u0144 s\u0142o\u0144ca, cho\u0107 nie bajeczka dla grzecznych dzieci, b\u0119dzie najlepszym upominkiem gwiazdkowym. Mam ju\u017c recenzj\u0119 i rozgl\u0105dam si\u0119, gdzie j\u0105 opublikowa\u0107.<\/span><\/div>\n<div>(J\u00f3zef Fert, wpis na FB)<\/div>\n","protected":false},"excerpt":{"rendered":"<p>Najcichsza premiera roku 2017!<\/p>\n<p>Debiut prozatorski Ewy R\u00f3\u017cyckiej \u00a0i pierwsza ksi\u0105\u017cka Pewnego Wydawnictwa.<\/p>\n<p>Ewa R\u00f3\u017cycka w rzadki spos\u00f3b potrafi \u0142\u0105czy\u0107 rzeczywisto\u015b\u0107 jawy i snu, tera\u017aniejszo\u015bci i wspomnienia, pokazywa\u0107 ukryty sens zdarze\u0144 i ich wielowymiarowo\u015b\u0107. Wzrusza i dociera do ludzkich tajemnic, kilkoma s\u0142owami, fragmentem dialogu czy opisem jednego gestu pokazuj\u0105c dramat ca\u0142ego \u017cycia bohatera, nad kt\u00f3rym zawsze z czu\u0142o\u015bci\u0105 si\u0119 pochyla.<\/p>\n","protected":false},"featured_media":328,"comment_status":"open","ping_status":"closed","template":"","meta":[],"product_cat":[16],"product_tag":[43,42,45,44],"_links":{"self":[{"href":"https:\/\/www.pewne.eu\/index.php\/wp-json\/wp\/v2\/product\/215"}],"collection":[{"href":"https:\/\/www.pewne.eu\/index.php\/wp-json\/wp\/v2\/product"}],"about":[{"href":"https:\/\/www.pewne.eu\/index.php\/wp-json\/wp\/v2\/types\/product"}],"replies":[{"embeddable":true,"href":"https:\/\/www.pewne.eu\/index.php\/wp-json\/wp\/v2\/comments?post=215"}],"wp:featuredmedia":[{"embeddable":true,"href":"https:\/\/www.pewne.eu\/index.php\/wp-json\/wp\/v2\/media\/328"}],"wp:attachment":[{"href":"https:\/\/www.pewne.eu\/index.php\/wp-json\/wp\/v2\/media?parent=215"}],"wp:term":[{"taxonomy":"product_cat","embeddable":true,"href":"https:\/\/www.pewne.eu\/index.php\/wp-json\/wp\/v2\/product_cat?post=215"},{"taxonomy":"product_tag","embeddable":true,"href":"https:\/\/www.pewne.eu\/index.php\/wp-json\/wp\/v2\/product_tag?post=215"}],"curies":[{"name":"wp","href":"https:\/\/api.w.org\/{rel}","templated":true}]}}