{"id":1880,"date":"2022-04-13T23:27:53","date_gmt":"2022-04-13T21:27:53","guid":{"rendered":"http:\/\/www.pewne.eu\/?post_type=product&#038;p=1880"},"modified":"2026-01-01T18:29:58","modified_gmt":"2026-01-01T16:29:58","slug":"magda-brzezinska-potem-juz-tylko-dzien","status":"publish","type":"product","link":"https:\/\/www.pewne.eu\/index.php\/produkt\/magda-brzezinska-potem-juz-tylko-dzien\/","title":{"rendered":"Magda Brzezi\u0144ska, Potem ju\u017c tylko dzie\u0144"},"content":{"rendered":"<p>Magda Brzezi\u0144ska \u2013 poetka, dziennikarka, redaktorka, polonistka. Finalistka Nagrody im. Barbary \u0141opie\u0144skiej\u00a0za najlepszy wywiad prasowy.<br \/>\nAutorka tomiku \u201ePilnowali\u015bmy szczeg\u00f3\u0142\u00f3w\u201d (Pewne Wydawnictwo 2019).<br \/>\nDrugi tom wierszy. R\u00f3wnie dobrych.<\/p>\n<p>Grafika: Zofia Brzezi\u0144ska<br \/>\nOpracowanie typograficzne: Adam Cedro<br \/>\nFormat: 135 x 205 mm<br \/>\nObj\u0119to\u015b\u0107: 90 stron<\/p>\n<p>Spis wierszy<\/p>\n<p>Wej\u015b\u0107\u20029<br \/>\nWr\u00f3\u017cbita\u200211<br \/>\nZast\u0119pstwo\u200213<br \/>\nChodzi\u0142o\u2002o\u2002tych\u200215<br \/>\nS\u0142yszysz\u2002mnie?\u200217<br \/>\n3haiku\u200219<br \/>\nPokowidowe\u200221<br \/>\nKoan\u2002bis\u200225<br \/>\nPrzeciw\u2002goryczy\u2002(kilka\u2002\u0107wicze\u0144\u2002do\u2002wykonania\u2002w\u2002grupie\u2002lub\u2002samodzielnie\u2002\u2013\u2002rano,\u2002wieczorem\u2002i\u2002tu\u017c\u2002przed\u2002\u015bmierci\u0105)\u200227<br \/>\nPotem\u2002ju\u017c\u2002tylko\u2002dzie\u0144\u200229<br \/>\nPrognoza\u2002pogody\u200231<br \/>\nMedytacja\u2002na\u2002czas\u2002oczekiwania\u2002na\u2002tych,<br \/>\nkt\u00f3rzy\u2002si\u0119\u2002sp\u00f3\u017aniaj\u0105\u200233<br \/>\nW\u2002dzie\u0144\u2002odlotu\u200237<br \/>\n*\u2002*\u2002*\u200239<br \/>\nWrzosy\u200241<br \/>\nGesty\u200243<br \/>\nObmywam\u200245<br \/>\nMdli\u200249<br \/>\nGniazdo\u200251<br \/>\nTrzy\u2002sekundy\u200253<br \/>\nMarszczy\u2002si\u0119\u200255<\/p>\n<p>Basso\u2002ostinato\u200257<br \/>\nJak\u2002gdyby\u2002nigdy\u2002nic\u200259<br \/>\nMiewam\u200261<br \/>\nKarlica\u200265<br \/>\nPora\u2002niczyja\u200267<br \/>\nNa\u2002koniec\u200269<br \/>\nBrak\u200271<br \/>\n*\u2002*\u2002*\u200273<br \/>\nKrucho\u015b\u0107\u200275<br \/>\nGwi\u017cd\u017ce\u200277<br \/>\nWsz\u0119dzie\u200281<br \/>\nLustra\u200283<br \/>\nChc\u0119\u2002przez\u2002to\u2002powiedzie\u0107\u200285<br \/>\nW\u2002drodze\u2002na\u2002Orelec\u200287<\/p>\n<p>&nbsp;<\/p>\n","protected":false},"excerpt":{"rendered":"<p>Magda Brzezi\u0144ska \u2013 poetka, dziennikarka, redaktorka, polonistka. Finalistka Nagrody im. Barbary \u0141opie\u0144skiej\u00a0za najlepszy wywiad prasowy. Autorka tomiku \u201ePilnowali\u015bmy szczeg\u00f3\u0142\u00f3w\u201d (Pewne Wydawnictwo 2019). Drugi tom wierszy. R\u00f3wnie dobrych. Grafika: Zofia Brzezi\u0144ska Opracowanie typograficzne: Adam Cedro Format: 135 x 205 mm Obj\u0119to\u015b\u0107: 90 stron Spis wierszy Wej\u015b\u0107\u20029 Wr\u00f3\u017cbita\u200211 Zast\u0119pstwo\u200213 Chodzi\u0142o\u2002o\u2002tych\u200215 S\u0142yszysz\u2002mnie?\u200217 3haiku\u200219 Pokowidowe\u200221 Koan\u2002bis\u200225 Przeciw\u2002goryczy\u2002(kilka\u2002\u0107wicze\u0144\u2002do\u2002wykonania\u2002w\u2002grupie\u2002lub\u2002samodzielnie\u2002\u2013\u2002rano,\u2002wieczorem\u2002i\u2002tu\u017c\u2002przed\u2002\u015bmierci\u0105)\u200227 Potem\u2002ju\u017c\u2002tylko\u2002dzie\u0144\u200229 Prognoza\u2002pogody\u200231 [&hellip;]<\/p>\n","protected":false},"featured_media":1881,"comment_status":"open","ping_status":"closed","template":"","meta":[],"product_cat":[16,20,60],"product_tag":[313,315,314,150,316],"_links":{"self":[{"href":"https:\/\/www.pewne.eu\/index.php\/wp-json\/wp\/v2\/product\/1880"}],"collection":[{"href":"https:\/\/www.pewne.eu\/index.php\/wp-json\/wp\/v2\/product"}],"about":[{"href":"https:\/\/www.pewne.eu\/index.php\/wp-json\/wp\/v2\/types\/product"}],"replies":[{"embeddable":true,"href":"https:\/\/www.pewne.eu\/index.php\/wp-json\/wp\/v2\/comments?post=1880"}],"wp:featuredmedia":[{"embeddable":true,"href":"https:\/\/www.pewne.eu\/index.php\/wp-json\/wp\/v2\/media\/1881"}],"wp:attachment":[{"href":"https:\/\/www.pewne.eu\/index.php\/wp-json\/wp\/v2\/media?parent=1880"}],"wp:term":[{"taxonomy":"product_cat","embeddable":true,"href":"https:\/\/www.pewne.eu\/index.php\/wp-json\/wp\/v2\/product_cat?post=1880"},{"taxonomy":"product_tag","embeddable":true,"href":"https:\/\/www.pewne.eu\/index.php\/wp-json\/wp\/v2\/product_tag?post=1880"}],"curies":[{"name":"wp","href":"https:\/\/api.w.org\/{rel}","templated":true}]}}