{"id":1869,"date":"2022-04-11T18:14:31","date_gmt":"2022-04-11T16:14:31","guid":{"rendered":"http:\/\/www.pewne.eu\/?post_type=product&#038;p=1869"},"modified":"2025-09-11T17:17:26","modified_gmt":"2025-09-11T15:17:26","slug":"jolanta-elkan-wykurz-happaro-czas-marny-tom-drugi-trylogii","status":"publish","type":"product","link":"https:\/\/www.pewne.eu\/index.php\/produkt\/jolanta-elkan-wykurz-happaro-czas-marny-tom-drugi-trylogii\/","title":{"rendered":"Jolanta Elkan-Wykurz, Happaro. Czas marny. (Tom drugi trylogii)"},"content":{"rendered":"<p>Rohappo, \u015bwiat otoczony Murem Happaro prze\u017cywa kilkuletni kryzys. Co stanie si\u0119 z Czterema Ludami zamieszkuj\u0105cymi ten \u015bwiat? Jakim w\u0142adc\u0105 oka\u017ce si\u0119 Hatamasil? Jak poradz\u0105 sobie Sil, Harr i ich nowi przyjaciele? Jakie trudno\u015bci stan\u0105 przed Miastem i Zau\u0142kiem?<br \/>\nDrugi Tom Happaro obfituje w niespodzianki, odkrywa niekt\u00f3re tajemnice, wprowadza inne, ukazuje si\u0142\u0119 przyja\u017ani i wiernej mi\u0142o\u015bci. Ka\u017cdy znajdzie co\u015b dla siebie.<\/p>\n<p>Fantasy.<\/p>\n<p>Opowie\u015b\u0107 mog\u0105 czyta\u0107 zar\u00f3wno dzieci, jak doro\u015bli. Ka\u017cdy znajdzie co\u015b dla siebie.<\/p>\n<p>Uwaga: z okazji premiery obni\u017camy cen\u0119 pierwszego tomu! Ilo\u015b\u0107 egzemplarzy ograniczona!<\/p>\n<p>&nbsp;<\/p>\n<p>Obj\u0119to\u015b\u0107: 392 strony<\/p>\n<p>Ok\u0142adka mi\u0119kka, foliowana<\/p>\n<p>ISBN 978-83-63518-64-6<\/p>\n<p>Ilustracje ok\u0142adkowe i w ksi\u0105\u017cce wykona\u0142a\u00a0Jolanta Elkan-Wykurz<\/p>\n<p>Redakcja, projekt ok\u0142adki i opracowanie typograficzne: Adam Cedro<\/p>\n<p>Spis tre\u015bci<\/p>\n<p>Preludium 7<br \/>\n1. \u015awi\u0119towanie Mal 9<br \/>\n2. Trzecia Noc Mal 14<\/p>\n<p>Czas marny 19<br \/>\n1. Noc Hatamasila 21<br \/>\n2. Kr\u00f3l i uchod\u017acy 29<br \/>\n3. Pacjenci szpitalika: Horatano 38<br \/>\n4. Pacjenci szpitalika: Sil 50<br \/>\n5. Pacjenci szpitalika: Harr 56<br \/>\n6. Przemytnik 63<br \/>\n7. Przyjaciele 73<br \/>\n8. Hatamasil zaczyna kr\u00f3lowanie 82<br \/>\n9. Przes\u0142uchanie 89<br \/>\n10. Szefowa 94<br \/>\n11. Rozmowa prywatna 105<br \/>\n12. Opowie\u015b\u0107 Najstarszej 117<br \/>\n13. Za\u015blubiny 128<br \/>\n14. Kr\u00f3l, Artysta i Rzemie\u015blnik 140<br \/>\n15. Pi\u0119\u0107 dni w Zau\u0142ku 152<br \/>\n16. Lecznicze Ziele 156<br \/>\n17. B\u00f3jka w Zau\u0142ku 160<br \/>\n18. Opowie\u015b\u0107 Szefowej. Cz\u0119\u015b\u0107 pierwsza 168<br \/>\n19. Opowie\u015b\u0107 Szefowej. Cz\u0119\u015b\u0107 druga 174<br \/>\n20. Zimowy Go\u015b\u0107 186<br \/>\n21. Nowinki z Miasta 193<br \/>\n22. Medyk i Ari 202<br \/>\n23. Nocna Rozmowa 209<br \/>\n24. Szpitalne przedpo\u0142udnie 217<br \/>\n25. Spotkanie po latach 225<br \/>\n26. Ostra zima 231<br \/>\n27. Wi\u0119\u017aniarka 237<br \/>\n28. Pani Rial i mieszka\u0144cy jej posiad\u0142o\u015bci 246<br \/>\n29. Przedwio\u015bnie 258<br \/>\n30. I zn\u00f3w razem 264<br \/>\n31. \u015awi\u0105tynia 271<br \/>\n32. Babcia 281<br \/>\n33. Po\u0142udniowy k\u0105t 290<br \/>\n34. Ozdrowieniec 302<br \/>\n35. Prezentacja 307<br \/>\n36. Przebudzenie Czarodzieja 313<br \/>\n37. Opowie\u015b\u0107 Czarodzieja. Cz\u0119\u015b\u0107 pierwsza 322<br \/>\n38. Opowie\u015b\u0107 Czarodzieja. Cz\u0119\u015b\u0107 druga 329<br \/>\n39. Informator 337<br \/>\n40. Nominacja 345<br \/>\n41. Czarodziej poznaje Zau\u0142ek 354<br \/>\n42. Ojciec, c\u00f3rka i ten trzeci 361<br \/>\n43. Niezwyk\u0142y dzie\u0144 w Zau\u0142ku 370<\/p>\n<p>EPILOG 381<\/p>\n","protected":false},"excerpt":{"rendered":"<p>Powie\u015b\u0107 typu etno-fantasy, z kunsztown\u0105 kompozycj\u0105, bogatym rysunkiem osobowo\u015bci i bohater\u00f3w, sztafa\u017cem niezb\u0119dnych cudowno\u015bci, wyzwa\u0144 i pr\u00f3b. Emanuje ogromnym ciep\u0142em do ludzi, a zw\u0142aszcza dzieci. Lektura dla ka\u017cdej grupy wiekowej.<\/p>\n<p>Opowie\u015b\u0107 testowana na w\u0142a\u015bciwych odbiorcach \ud83d\ude09<\/p>\n<p>http:\/\/www.pewne.eu\/index.php\/2017\/12\/30\/agnieszka-piskozub-piwosz-recenzuje-happaro\/<\/p>\n","protected":false},"featured_media":1870,"comment_status":"open","ping_status":"closed","template":"","meta":[],"product_cat":[134,16],"product_tag":[53,312,51,50,44],"_links":{"self":[{"href":"https:\/\/www.pewne.eu\/index.php\/wp-json\/wp\/v2\/product\/1869"}],"collection":[{"href":"https:\/\/www.pewne.eu\/index.php\/wp-json\/wp\/v2\/product"}],"about":[{"href":"https:\/\/www.pewne.eu\/index.php\/wp-json\/wp\/v2\/types\/product"}],"replies":[{"embeddable":true,"href":"https:\/\/www.pewne.eu\/index.php\/wp-json\/wp\/v2\/comments?post=1869"}],"wp:featuredmedia":[{"embeddable":true,"href":"https:\/\/www.pewne.eu\/index.php\/wp-json\/wp\/v2\/media\/1870"}],"wp:attachment":[{"href":"https:\/\/www.pewne.eu\/index.php\/wp-json\/wp\/v2\/media?parent=1869"}],"wp:term":[{"taxonomy":"product_cat","embeddable":true,"href":"https:\/\/www.pewne.eu\/index.php\/wp-json\/wp\/v2\/product_cat?post=1869"},{"taxonomy":"product_tag","embeddable":true,"href":"https:\/\/www.pewne.eu\/index.php\/wp-json\/wp\/v2\/product_tag?post=1869"}],"curies":[{"name":"wp","href":"https:\/\/api.w.org\/{rel}","templated":true}]}}