{"id":1842,"date":"2022-04-04T20:07:14","date_gmt":"2022-04-04T18:07:14","guid":{"rendered":"http:\/\/www.pewne.eu\/?post_type=product&#038;p=1842"},"modified":"2024-02-11T11:04:52","modified_gmt":"2024-02-11T09:04:52","slug":"juliusz-galkowski-miniatury-rzymskie-krotkie-opowiesci-o-rzymskim-micie","status":"publish","type":"product","link":"https:\/\/www.pewne.eu\/index.php\/produkt\/juliusz-galkowski-miniatury-rzymskie-krotkie-opowiesci-o-rzymskim-micie\/","title":{"rendered":"Juliusz Ga\u0142kowski, Miniatury rzymskie. Kr\u00f3tkie opowie\u015bci o rzymskim micie"},"content":{"rendered":"<p>\u201eJuliusz Ga\u0142kowski nie zajmuje si\u0119 zawodowo kultur\u0105 staro\u017cytn\u0105. Jest po\u00a0prostu kulturalnym, dobrze wykszta\u0142conym cz\u0142owiekiem, kt\u00f3ry dzieli si\u0119\u00a0z innymi kulturalnymi lud\u017ami swoimi\u00a0 impresjami na temat antycznego\u00a0Rzymu. I dlatego ten zbi\u00f3r kr\u00f3tkich, dobrze napisanych tekst\u00f3w niesie\u00a0niekiedy zaskakuj\u0105co \u015bwie\u017ce skojarzenia z naszymi czasami. To ksi\u0105\u017cka nie tylko przyjemna w czytaniu, ale po\u017cyteczna. Jest szans\u0105 dla kolejnego pokolenia na nawi\u0105zanie albo wzmocnienie wi\u0119z\u00f3w z antyczn\u0105 kultur\u0105, kultur\u0105\u00a0\u0142aci\u0144sk\u0105. Chcia\u0142oby si\u0119 widzie\u0107 wi\u0119cej takich ksi\u0105\u017cek na\u00a0 polskim rynku\u201d.<br \/>\ndr Alfred Twardecki (z noty na ok\u0142adce)<\/p>\n<p>Redakcja i korekta: Janusz Muzyczyszyn<\/p>\n<p>Projekt ok\u0142adki i opracowanie typograficzne:<br \/>\nAdam Cedro<\/p>\n<p>Zrealizowano w ramach stypendium Ministra Kultury, Dziedzictwa\u00a0Narodowego i Sportu<\/p>\n<p><img decoding=\"async\" loading=\"lazy\" class=\"alignnone wp-image-1843\" src=\"http:\/\/www.pewne.eu\/wp-content\/uploads\/2022\/04\/MKDNiS_logo_Czarne-300x212.jpg\" alt=\"\" width=\"119\" height=\"69\" \/><\/p>\n<p>Patonat medialny:<\/p>\n<p><img decoding=\"async\" loading=\"lazy\" class=\"alignnone wp-image-1844\" src=\"http:\/\/www.pewne.eu\/wp-content\/uploads\/2022\/04\/LOGOTYP_TP_OFFICIAL-300x151.jpg\" alt=\"\" width=\"116\" height=\"53\" \/><\/p>\n<p>ISBN 978-83-63518-63-9<\/p>\n<p>Format: 140 x 205 mm<\/p>\n<p>Obj\u0119to\u015b\u0107: 286 s. (w tym 10 s. kolorowa wk\u0142adka z ilustracjami)<\/p>\n<p>ISBN 978-83-63518-59-2<br \/>\nKielce 2022<\/p>\n<p>Spis tre\u015bci<br \/>\nRzym jest mitem (i mitem pozostanie) 11<br \/>\nNie od razu Rzym zbudowano. Ale kiedy si\u0119 owa budowa\u00a0zacz\u0119\u0142a? 15<br \/>\nEneasz \u2013 pierwszy rzymianin 18<br \/>\nAnchizes 22<br \/>\nBoski Romulus \u2013 o geniuszu PR 25<br \/>\nRemus \u2013 zawsze sp\u00f3\u017aniony 28<br \/>\nSabinowie, czyli tryumf te\u015bci\u00f3w 31<br \/>\nOktawian \u2013 tw\u00f3rca Rzymu 33<br \/>\nRoma alta 37<br \/>\nVae victis \u2013 Brennus, g\u0119si i Kamillus 43<br \/>\nOmne duum optimum 46<br \/>\nZa\u015b \u017co\u0142\u0105dek rozdziela\u2026 49<br \/>\nMoment konstytu(tywny)cyjny 52<br \/>\n\u2026odt\u0105d nie stanie si\u0119 w Republice nic\u2026 55<br \/>\nJak d\u0142ugo? 58<br \/>\nInwektywa 61<br \/>\nLud poprzysi\u0105g\u0142 65<br \/>\nSyryjskie ko\u0142o na piasku 68<br \/>\nMit Cyncynata (od Sulli do Dyzmy) 71<br \/>\nRze\u017anik koryncki i szlachetna sztuka rze\u017abiarska 74<br \/>\nWalec i kula 80<br \/>\nROMA\u2026 sp\u00f3\u0142ka z ograniczon\u0105 odpowiedzialno\u015bci\u0105 83<br \/>\nDwie uczty i czere\u015bnia 87<br \/>\nCzytaj\u0105c nagrobki z Katylin\u0105 90<br \/>\nBrutus i Brutus, czyli za\u0142o\u017cyciel i obro\u0144ca Republiki 93<br \/>\nFuriusz i Kapitolinus, czyli biada pokonanym 95<br \/>\nKoriolan 102<br \/>\nScewola, ma\u0144kut o s\u0142abym pomy\u015blunku 105<br \/>\nMecenas 108<br \/>\nKatullus \u2013 poeta \u017cycia 111<br \/>\nOwidiusz wygnany z w\u0142asnej winy 114<br \/>\nSzekspir antyczny i pocz\u0105tki prawa autorskiego 118<br \/>\nPlaut \u2013 antypasikonik 121<br \/>\nWahren Vertreter des r\u00f6mischen Proletariat 124<br \/>\nDionizos i Apollon (nie licz\u0105c Neptuna) 127<br \/>\nBogiem jeste\u015b czy bogini\u0105\u2026 133<br \/>\nNunc me vivum uri opportet qui illos edidici 136<br \/>\nDynastia przegranych 140<br \/>\nTabula Romae \u2013 Lapis Niger 143<br \/>\nTabula Romae \u2013 Lacus Curtius 146<br \/>\nTabula Romae \u2013 Saxum Tarpeium 149<br \/>\nTabula Romae \u2013 pomerium 152<br \/>\nTabula Romae \u2013 fanum 155<br \/>\nTabula Romae \u2013 Roma Quadrata 158<br \/>\nTabula Romae \u2013 \u015bwi\u0105tynie Janusa i Bellony, czyli o bramie\u00a0i kolumnie 161<br \/>\nTabula Romae. Palatyn, czyli serce i \u017co\u0142\u0105dek 164<br \/>\nTabula Romae \u2013 Awentyn 166<br \/>\nTabula Romae \u2013 Kapitol, czyli g\u0142owa 169<br \/>\nRoma aeterna \u2013 lex aeterna (Boomer i dwana\u015bcie tablic) 172<br \/>\nTerror w s\u0142abo\u015bci (pa\u0144stwa) si\u0119 doskonali 175<br \/>\nEmancypacja 178<br \/>\nSynob\u00f3jstwo \u2013 cnota czy okrucie\u0144stwo nie do przyj\u0119cia? 181<br \/>\nParricidium 184<br \/>\nBoni mores 188<br \/>\nTeologia zwyci\u0119stwa 191<br \/>\nKr\u00f3l lasu 194<br \/>\nRzymska prostota 197<br \/>\nRzymska pobo\u017cno\u015b\u0107 201<br \/>\nKwiryci z Alei Jerozolimskich 204<br \/>\nKolumna 208<br \/>\nRzymska Paideia 212<br \/>\nAkwedukt \u2013 forma rzymska 215<br \/>\nDrang nach S\u00fcden 220<br \/>\nRzym Kraszewskiego i Sienkiewicza 223<br \/>\nRzym Siemiradzkiego 227<br \/>\nWygnanie Agrypiny 231<br \/>\nNeron w Baje\u2026 238<br \/>\nBabel czyli Koloseum 241<br \/>\nHubert od Ruin 247<br \/>\nCzarna dziura \u2013 rzymskie obrazy Turnera 252<br \/>\nJedno z najszlachetniejszych dzie\u0142 sztuki, jakie kiedykolwiek\u00a0powsta\u0142o 258<br \/>\nMythopoeia \u2013 Rzymskie historie (zamiast zako\u0144czenia) 271<\/p>\n<p>Nota bibliograficzna 278<\/p>\n","protected":false},"excerpt":{"rendered":"<p>Zbi\u00f3r kr\u00f3tkich szkic\u00f3w aktualizuj\u0105cych dziedzictwo staro\u017cytnego Rzymu i odnosz\u0105cych je do wsp\u00f3\u0142czesno\u015bci.<\/p>\n","protected":false},"featured_media":1845,"comment_status":"open","ping_status":"closed","template":"","meta":[],"product_cat":[96,60],"product_tag":[53,307,310,301,305,309,302,308,304,303,306,311],"_links":{"self":[{"href":"https:\/\/www.pewne.eu\/index.php\/wp-json\/wp\/v2\/product\/1842"}],"collection":[{"href":"https:\/\/www.pewne.eu\/index.php\/wp-json\/wp\/v2\/product"}],"about":[{"href":"https:\/\/www.pewne.eu\/index.php\/wp-json\/wp\/v2\/types\/product"}],"replies":[{"embeddable":true,"href":"https:\/\/www.pewne.eu\/index.php\/wp-json\/wp\/v2\/comments?post=1842"}],"wp:featuredmedia":[{"embeddable":true,"href":"https:\/\/www.pewne.eu\/index.php\/wp-json\/wp\/v2\/media\/1845"}],"wp:attachment":[{"href":"https:\/\/www.pewne.eu\/index.php\/wp-json\/wp\/v2\/media?parent=1842"}],"wp:term":[{"taxonomy":"product_cat","embeddable":true,"href":"https:\/\/www.pewne.eu\/index.php\/wp-json\/wp\/v2\/product_cat?post=1842"},{"taxonomy":"product_tag","embeddable":true,"href":"https:\/\/www.pewne.eu\/index.php\/wp-json\/wp\/v2\/product_tag?post=1842"}],"curies":[{"name":"wp","href":"https:\/\/api.w.org\/{rel}","templated":true}]}}