{"id":1698,"date":"2022-02-14T22:42:48","date_gmt":"2022-02-14T20:42:48","guid":{"rendered":"http:\/\/www.pewne.eu\/?post_type=product&#038;p=1698"},"modified":"2024-11-22T14:07:59","modified_gmt":"2024-11-22T12:07:59","slug":"lukasz-kucharczyk-granty-i-smoki","status":"publish","type":"product","link":"https:\/\/www.pewne.eu\/index.php\/produkt\/lukasz-kucharczyk-granty-i-smoki\/","title":{"rendered":"\u0141ukasz Kucharczyk, Granty i smoki"},"content":{"rendered":"<p>Tytu\u0142 opowie\u015bci nawi\u0105zuje do kultowej gry fabularnej &#8222;Dungeons &amp; Dragons&#8221; (&#8222;Lochy i smoki&#8221;). G\u0142\u00f3wnym bohaterem opowiada\u0144 jest Cilgeran \u2013 doktorant metodologii nauk barbarzy\u0144skich na Uniwersytecie Wielkobohaterowskim imienia Kelta Niezwyci\u0119\u017conego, przygotowuj\u0105cy rozpraw\u0119 na Wydziale Nauk Barbarzy\u0144skich w Katedrze Literatury Hybryjskiej. Podczas swoich przyg\u00f3d m\u0142ody teoretyk bohaterstwa b\u0119dzie musia\u0142 si\u0119 zmierzy\u0107 z takimi wyzwaniami, jak walka o&#8230; za\u015bwiadczenie do stypendium doktoranckiego, organizacja konferencji naukowej czy nocleg w akademiku.<\/p>\n<p>Zbi\u00f3r przyg\u00f3d Cilgerana to zabawna satyra na \u015brodowisko akademickie, b\u0119d\u0105ca trawestacj\u0105 znanych legend, poda\u0144 i ba\u015bni. Powinien si\u0119 on spodoba\u0107 zw\u0142aszcza fanom tw\u00f3rczo\u015bci Terry&#8217;ego Pratchetta, Douglasa Adamsa i Anny Szumacher.<\/p>\n<p>Premierze towarzyszy promocyjna cena, bez koszt\u00f3w wysy\u0142ki (poczt\u0105 zwyk\u0142\u0105) !<\/p>\n<p>Ilustracje ok\u0142adkowe: Joanna \u201eVivi Ekhart\u201d Glenszczyk<\/p>\n<p>Projekt ok\u0142adki: Jan Giemza<\/p>\n<p>Redakcja: Dawid Wiktorski<\/p>\n<p>Korekta: Weronika Rychta<\/p>\n<p>Opracowanie typograficzne:<br \/>\nAdam Cedro<\/p>\n<p>Format: 140 x 205 mm<\/p>\n<p>Obj\u0119to\u015b\u0107: 194 s.<\/p>\n<p>ISBN 978-83-63518-59-2<br \/>\nKielce 2022<\/p>\n<p>Publikacja powsta\u0142a dzi\u0119ki wsparciu finansowemu Instytutu Literatury\u00a0w ramach Tarczy dla Literat\u00f3w<\/p>\n","protected":false},"excerpt":{"rendered":"<p><strong>Przy zam\u00f3wieniu przesy\u0142ki InPostem prosz\u0119 koniecznie podawa\u0107 numer telefonu!<\/strong><\/p>\n<p>Fantasy z przymru\u017ceniem oka, antyheroiczna, intertekstualna. Daje si\u0119 czyta\u0107 bez szukania nawi\u0105za\u0144, \u015bwiadomych pastiszy i gier kulturowych, zdecydowanie jednak smakuje lepiej, kiedy si\u0119 je zauwa\u017cy. Lubi\u0119 to! (Romuald Pawlak)<\/p>\n","protected":false},"featured_media":1699,"comment_status":"open","ping_status":"closed","template":"","meta":[],"product_cat":[133,134,60],"product_tag":[53,296,299,292,293,295,290,298,297,291,294,300],"_links":{"self":[{"href":"https:\/\/www.pewne.eu\/index.php\/wp-json\/wp\/v2\/product\/1698"}],"collection":[{"href":"https:\/\/www.pewne.eu\/index.php\/wp-json\/wp\/v2\/product"}],"about":[{"href":"https:\/\/www.pewne.eu\/index.php\/wp-json\/wp\/v2\/types\/product"}],"replies":[{"embeddable":true,"href":"https:\/\/www.pewne.eu\/index.php\/wp-json\/wp\/v2\/comments?post=1698"}],"wp:featuredmedia":[{"embeddable":true,"href":"https:\/\/www.pewne.eu\/index.php\/wp-json\/wp\/v2\/media\/1699"}],"wp:attachment":[{"href":"https:\/\/www.pewne.eu\/index.php\/wp-json\/wp\/v2\/media?parent=1698"}],"wp:term":[{"taxonomy":"product_cat","embeddable":true,"href":"https:\/\/www.pewne.eu\/index.php\/wp-json\/wp\/v2\/product_cat?post=1698"},{"taxonomy":"product_tag","embeddable":true,"href":"https:\/\/www.pewne.eu\/index.php\/wp-json\/wp\/v2\/product_tag?post=1698"}],"curies":[{"name":"wp","href":"https:\/\/api.w.org\/{rel}","templated":true}]}}