{"id":1669,"date":"2022-02-01T20:51:52","date_gmt":"2022-02-01T18:51:52","guid":{"rendered":"http:\/\/www.pewne.eu\/?post_type=product&#038;p=1669"},"modified":"2026-01-01T18:29:24","modified_gmt":"2026-01-01T16:29:24","slug":"krzysztof-sawicki-don-kichot-a-wojna-wiersze","status":"publish","type":"product","link":"https:\/\/www.pewne.eu\/index.php\/produkt\/krzysztof-sawicki-don-kichot-a-wojna-wiersze\/","title":{"rendered":"Krzysztof Sawicki, Don Kichot a wojna, wiersze"},"content":{"rendered":"<p>Krzysztof Sawicki urodzi\u0142 si\u0119 17 stycznia 1955 roku w Warszawie. Z wykszta\u0142cenia filolog polski, dziennikarz, redaktor literatury i prasy podziemnej, etatowy pracownik \u201epierwszej\u201d i \u201edrugiej\u201d \u201eSolidarno\u015bci\u201d, od 1990 roku pracownik Ministerstwa Spraw Zagranicznych.\u00a0Publikowa\u0142 m.in. w \u201eWi\u0119zi\u201d, \u201eTygodniku Powszechnym\u201d i w wielu bezdebitowych wydawnictwach. Zajmowa\u0142 si\u0119 m.in. problematyk\u0105 wschodni\u0105, g\u0142\u00f3wnie relacjami pomi\u0119dzy Polakami, Litwinami, Bia\u0142orusinami i Ukrai\u0144cami.\u00a0W latach 1990\u20132020 pracowa\u0142 w Ministerstwie Spraw Zagranicznych \u2013 m.in. w ambasadach polskich w Moskwie i A\u0142maty, w konsulatach we Lwowie, Mi\u0144sku, Kaliningradzie i w \u0141ucku.<\/p>\n<p>Na pocz\u0105tku XXI wieku na Ukrainie Krzysztof Sawicki otrzyma\u0142 dwie presti\u017cowe nagrody w dziedzinie literatury i promowania literatury, a tak\u017ce wk\u0142adu w zbli\u017canie narod\u00f3w \u2013 Nagrod\u0119 Pantelejmona Kulisza i Nagrod\u0119 Gogola. W roku 2015 zaprzyja\u017anieni polscy i ukrai\u0144scy pisarze zrobili mu niespodziewany prezent z okazji 60. urodzin \u2013 wydali mu tomik \u201eOkolice \u015bwiata\u201d (tytu\u0142 nawi\u0105zuj\u0105cy do wielkiej jego fascynacji fenomenem pogranicza) z wierszami, kt\u00f3re przypadkowo za\u0142\u0105cza\u0142 do licznej korespondencji do r\u00f3\u017cnych os\u00f3b. Na j\u0119zyk ukrai\u0144ski wiersze przet\u0142umaczy\u0142 jeden z najwybitniejszych wsp\u00f3\u0142czesnych pisarzy ukrai\u0144skich \u015bredniego pokolenia \u2013 Wasyl S\u0142apczuk.<\/p>\n<p>Krzysztof Sawicki wiersze zacz\u0105\u0142 pisa\u0107 stosunkowo p\u00f3\u017ano, bo w po\u0142owie lat 80. ubieg\u0142ego wieku; niewiele ich publikowa\u0142, ale i niekoniecznie o to zabiega\u0142. Zawsze bowiem uwa\u017ca\u0142, i\u017c na \u015bwiecie \u017cyj\u0105 i pisz\u0105 miliony poet\u00f3w, a podzia\u0142 na tych \u201euznanych\u201d i \u201enieuznanych\u201d jest dosy\u0107 wzgl\u0119dny i zale\u017cy czasem od wielkiego przypadku.<\/p>\n<p>Format: 135 x 205 mm<\/p>\n<p>Obj\u0119to\u015b\u0107: 90 s.<\/p>\n<p>ISBN 978-83-63518-60-8<\/p>\n<p>Cena: 25 z\u0142<\/p>\n<p>Spis tre\u015bci<\/p>\n<p>Wiersze stare i inne 5<br \/>\nbajka 7<br \/>\nwarunek 8<br \/>\npiosenka korneta z blockhousu 9<br \/>\npiosenka dojrza\u0142ego m\u0119\u017cczyzny 10<br \/>\nPiosenka kr\u00f3lowej \u015bniegu 11<br \/>\npiosenka o starej wariatce 13<br \/>\npiosenka nocna 14<br \/>\npiosenka nocna druga 15<br \/>\npiosenka berli\u0144ska 16<br \/>\npiosenka bezdomna 17<br \/>\npiosenka najkr\u00f3tsza 18<br \/>\n* * * [Kiedy Niemcy rozstrzelali mojego dziadka&#8230;] 19<br \/>\nmotyl 20<br \/>\npiosenka okularnika 21<br \/>\npiosenka o wolno\u015bci 22<br \/>\npiosenka w zasadzie o tylko jednym mie\u015bcie z wa\u017cnym<br \/>\npostscriptum 23<br \/>\npiosenka o bezdzietnej terrorystce 24<br \/>\npiosenka z wycieczki 25<br \/>\ndwie dedykacje 26<br \/>\nczyli kr\u00f3tki poemat gramatyczny 26<br \/>\n* * * [zawsze jest&#8230;] 27<br \/>\ndo zobaczenia 28<br \/>\npiosenka dyrektora skansenu 29<br \/>\nnotatki z podr\u00f3\u017cy 30<br \/>\nPiosenka by\u0142ego doradcy znanego polityka, doradcy,<br \/>\nkt\u00f3ry osiedliwszy si\u0119 w Okolicy, z wielkim wysi\u0142kiem<br \/>\npisze listy do swego by\u0142ego pryncypa\u0142a w przerwach<br \/>\nzg\u0142\u0119biania tajemnic tego \u015bwiata. 31<br \/>\nmarzenie urz\u0119dnika 32<br \/>\ntraktat geograficzny z elementami teorii komunikacji 33<br \/>\nmodlitwa sp\u00f3\u017aniona na dzie\u0144 kobiet 34<br \/>\n* * * [tak trwali milczeli&#8230;] 35<br \/>\npiosenka o zmar\u0142ych 36<br \/>\npiosenka dla Marka 37<br \/>\nz rynny pod deszcz czyli kolejny traktat przyrodniczy 38<br \/>\nmodlitwa do Anio\u0142a Str\u00f3\u017ca 39<br \/>\npuste miejsce 40<br \/>\nmenu sn\u00f3w 41<br \/>\nmodlitwa boomera 42<br \/>\n\u015bciana 44<br \/>\nsiostry samotno\u015bci 46<\/p>\n<p>Don Kichot a wojna 47<br \/>\npiosenka Ahaswera 49<br \/>\nuwertura na dwa wiatraki jednego rycerza i rowery 51<br \/>\n* * * [w Okolicy kiepsko dzia\u0142aj\u0105 telefony] 52<br \/>\npiosenka Don Kichota 53<br \/>\no kwestiach zasadniczych wojny i Okolicy 54<br \/>\nmodlitwa \u017co\u0142nierza 55<br \/>\nmodlitwa \u017co\u0142nierza alternatywna ryzykownie rymowana 56<br \/>\npiosenka berli\u0144ska \u017co\u0142nierza ukrai\u0144skiego 58<br \/>\nmatki wsz\u0119dzie p\u0142acz\u0105 tak samo 59<br \/>\npiosenka o zmar\u0142ych II 60<br \/>\no bol\u0105czkach Don Kichota Okolicy Dzikich i wodach<br \/>\ntermalnych 61<br \/>\nnotatka s\u0142u\u017cbowa o zwi\u0105zku przyczynowo-skutkowym<br \/>\nchoroby Don Kichota w kontek\u015bcie zarazy w Okolicy 63<br \/>\nmodlitwa w Okolicy 65<br \/>\npiosenka o zmar\u0142ych III 66<br \/>\n* * * [cichutko strzela\u0107 b\u0119d\u0105&#8230;] 67<br \/>\n* * * [mi\u0142y jest stan ucieczki&#8230;] 68<br \/>\ndoktryna czystej wojny 69<br \/>\ntymczasem 70<br \/>\nrachunek 71<br \/>\nstatystyka osierocenia 72<br \/>\n* * * [nigdy nie by\u0142 w teatrze&#8230;] 73<br \/>\nz poufnej notatki Don Kichota 74<br \/>\nkoncert na dwa wiatraki i poet\u0119 75<br \/>\npiosenka aktora drugiego planu 77<\/p>\n<p>Trzy wiersze z obrazkami 79<br \/>\npiosenka o obrazku z zupe\u0142nie innej \u015bciany 81<br \/>\ndrzewo 83<br \/>\n[\u2013 Witaj, przybyszu&#8230;] 85<\/p>\n<p>S\u0142\u00f3w kilka o autorze 88<\/p>\n","protected":false},"excerpt":{"rendered":"<p>Tom wierszy Krzysztofa Sawickiego<\/p>\n<p>Cena 25 z\u0142 bez koszt\u00f3w wysy\u0142ki przy przesy\u0142ce listem zwyk\u0142ym.<\/p>\n","protected":false},"featured_media":1670,"comment_status":"open","ping_status":"closed","template":"","meta":[],"product_cat":[16,20],"product_tag":[285,284,283,286,140,150],"_links":{"self":[{"href":"https:\/\/www.pewne.eu\/index.php\/wp-json\/wp\/v2\/product\/1669"}],"collection":[{"href":"https:\/\/www.pewne.eu\/index.php\/wp-json\/wp\/v2\/product"}],"about":[{"href":"https:\/\/www.pewne.eu\/index.php\/wp-json\/wp\/v2\/types\/product"}],"replies":[{"embeddable":true,"href":"https:\/\/www.pewne.eu\/index.php\/wp-json\/wp\/v2\/comments?post=1669"}],"wp:featuredmedia":[{"embeddable":true,"href":"https:\/\/www.pewne.eu\/index.php\/wp-json\/wp\/v2\/media\/1670"}],"wp:attachment":[{"href":"https:\/\/www.pewne.eu\/index.php\/wp-json\/wp\/v2\/media?parent=1669"}],"wp:term":[{"taxonomy":"product_cat","embeddable":true,"href":"https:\/\/www.pewne.eu\/index.php\/wp-json\/wp\/v2\/product_cat?post=1669"},{"taxonomy":"product_tag","embeddable":true,"href":"https:\/\/www.pewne.eu\/index.php\/wp-json\/wp\/v2\/product_tag?post=1669"}],"curies":[{"name":"wp","href":"https:\/\/api.w.org\/{rel}","templated":true}]}}