{"id":1651,"date":"2022-01-25T20:59:53","date_gmt":"2022-01-25T18:59:53","guid":{"rendered":"http:\/\/www.pewne.eu\/?post_type=product&#038;p=1651"},"modified":"2026-03-23T00:42:01","modified_gmt":"2026-03-22T22:42:01","slug":"wlodzimierz-torun-mapa-podrozy-i-wyobrazni-studia-o-juliuszu-slowackim-kopia","status":"publish","type":"product","link":"https:\/\/www.pewne.eu\/index.php\/produkt\/wlodzimierz-torun-mapa-podrozy-i-wyobrazni-studia-o-juliuszu-slowackim-kopia\/","title":{"rendered":"W\u0142odzimierz Toru\u0144, Mapa podr\u00f3\u017cy i wyobra\u017ani. Studia o Juliuszu S\u0142owackim"},"content":{"rendered":"<p>&#8222;Studia uk\u0142adaj\u0105 si\u0119 w trzy kr\u0119gi tematyczne. Pierwszy z nich, z\u0142o\u017cony z czterech rozdzia\u0142\u00f3w, wi\u0105\u017ce si\u0119 z do\u015bwiadczeniem przestrzeni prze\u017cytej i wyobra\u017conej przez S\u0142owackiego (Wo\u0142y\u0144, Podole, Wile\u0144szczyzna, droga do Europy Zachodniej, obraz Syberii), przy czym uprzywilejowan\u0105 perspektyw\u0105 geopoetyki Torunia jest wychylenie ku Wschodowi i\u00a0 P\u00f3\u0142nocy. Drugi, najobszerniejszy dzia\u0142 \u2013 obejmuj\u0105cy sze\u015b\u0107 kolejnych studi\u00f3w \u2013 zosta\u0142 po\u015bwi\u0119cony relacjom osobowym S\u0142owackiego z jego wsp\u00f3\u0142czesnymi: z Fryderykiem Chopinem, Zygmuntem Krasi\u0144skim, Cyprianem Norwidem, J\u00f3zefem Bohdanem Zaleskim, Zygmuntem Szcz\u0119snym Feli\u0144skim, Kornelem Ujejskim i kap\u0142anami (od katechet\u00f3w z czas\u00f3w dzieci\u0144stwa i m\u0142odo\u015bci po zmartwychwsta\u0144c\u00f3w). Badacza interesuj\u0105 tutaj zar\u00f3wno biograficzne fakty, jak i paralele, kt\u00f3re mo\u017cna odnale\u017a\u0107 w biografiach polskich romantyk\u00f3w. W obydwu wymienionych cz\u0119\u015bciach opracowania podstawow\u0105 baz\u0119 materia\u0142ow\u0105 stanowi\u0105: korespondencja i memuarystyka, traktowane bardzo wnikliwie, ale prezentowane przy oszcz\u0119dnej interpretacji autorskiej. Stanowi\u0105 one punkt wyj\u015bcia do analizy utwor\u00f3w poetyckich. Ta perspektywa zmienia si\u0119 w trzeciej cz\u0119\u015bci (obejmuj\u0105cej trzy ostatnie rozdzia\u0142y), w kt\u00f3rej autor stara si\u0119 uchwyci\u0107 g\u0142\u00f3wne linie duchowo\u015bci poety i jego my\u015blenia politycznego (tak\u017ce: metapolitycznego) i zrekonstruowa\u0107 wa\u017cne aspekty refleksji o Polsce (rozdzia\u0142y: <em>Wobec Boga<\/em>, <em>W kwestii polskiej, \u201eJak si\u0119 pismo niejasne wyk\u0142ada\u201d. Z problem\u00f3w lektury \u201eKr\u00f3la-Ducha\u201d<\/em>). Tutaj autor zwi\u0119\u017ale rekonstruuje g\u0142\u00f3wne linie religijnej i historiozoficznej refleksji S\u0142owackiego. Do tego zadania przygotowa\u0142 pole za spraw\u0105 bada\u0144 \u017ar\u00f3d\u0142owych zawartych w poprzedzaj\u0105cych t\u0119 cz\u0119\u015b\u0107 fragmentach swojego opracowania. Ca\u0142o\u015b\u0107 puentuje szkic po\u015bwi\u0119cony problemom interpretacji <em>Kr\u00f3la \u2013Ducha<\/em>, uj\u0119tym w porz\u0105dku diachronicznym i unaoczniaj\u0105cym w ten spos\u00f3b k\u0142opoty z dopasowaniem interpretacyjnych kluczy do p\u00f3\u017anej tw\u00f3rczo\u015bci S\u0142owackiego.&#8221;<\/p>\n<p>Z recenzji wydawniczej prof. dr hab. G. Halkiewicz-Sojak<\/p>\n<p>Spis tre\u015bci<\/p>\n<p>Ukraina S\u0142owackiego. Inspiracje, obrazy, idee 7<br \/>\n\u201eWyszed\u0142em by\u0142 na szeroki go\u015bciniec\u2026\u201d. S\u0142owackiego droga\u00a0do Europy 21<br \/>\nSyberia S\u0142owackiego. Pr\u00f3ba tematologicznej syntezy 35<br \/>\nZ ducha (nie)podobni: S\u0142owacki \u2013 Chopin 55<br \/>\nWidzie\u0107 przyjaciela. S\u0142owacki o Krasi\u0144skim 69<br \/>\nCyprian Norwid wobec Juliusza S\u0142owackiego 93<br \/>\nArtysta urz\u0119dnikiem. S\u0142owacki i Norwid 113<br \/>\nW\u015br\u00f3d kresowian 123<br \/>\nKap\u0142ani w pami\u0119ci S\u0142owackiego 147<br \/>\nWobec Boga 167<br \/>\nW kwestii polskiej 183<br \/>\n\u201eNowe pi\u0119kno\u015bci uczucie\u201d. Wok\u00f3\u0142 my\u015bli estetycznej S\u0142owackiego 207<br \/>\nZ problem\u00f3w lektury \u201eKr\u00f3la-Ducha\u201d 223<br \/>\nPos\u0142owie 235<br \/>\nNota bibliograficzna 236<br \/>\nIndeks nazwisk 238<\/p>\n<p>&nbsp;<\/p>\n<p>Format: 165 x 235 mm<\/p>\n<p>Oprawa mi\u0119kka, klejona<\/p>\n<p>Obj\u0119to\u015b\u0107: 244 strony<\/p>\n<p>ISBN\u00a0978-83-63518-<span class=\"bold\">57<\/span>-8<\/p>\n<p>Rok wydania: 2021<\/p>\n<p>&nbsp;<\/p>\n<p>Wysy\u0142ka listem zwyk\u0142ym bez dodatkowych koszt\u00f3w<\/p>\n<p>&nbsp;<\/p>\n","protected":false},"excerpt":{"rendered":"<p>Studia o motywach i osobach najistotniejszych dla poznania S\u0142owackiego.<\/p>\n","protected":false},"featured_media":1591,"comment_status":"open","ping_status":"closed","template":"","meta":[],"product_cat":[192,481,16,17],"product_tag":[273,272,205,274,270,271],"_links":{"self":[{"href":"https:\/\/www.pewne.eu\/index.php\/wp-json\/wp\/v2\/product\/1651"}],"collection":[{"href":"https:\/\/www.pewne.eu\/index.php\/wp-json\/wp\/v2\/product"}],"about":[{"href":"https:\/\/www.pewne.eu\/index.php\/wp-json\/wp\/v2\/types\/product"}],"replies":[{"embeddable":true,"href":"https:\/\/www.pewne.eu\/index.php\/wp-json\/wp\/v2\/comments?post=1651"}],"wp:featuredmedia":[{"embeddable":true,"href":"https:\/\/www.pewne.eu\/index.php\/wp-json\/wp\/v2\/media\/1591"}],"wp:attachment":[{"href":"https:\/\/www.pewne.eu\/index.php\/wp-json\/wp\/v2\/media?parent=1651"}],"wp:term":[{"taxonomy":"product_cat","embeddable":true,"href":"https:\/\/www.pewne.eu\/index.php\/wp-json\/wp\/v2\/product_cat?post=1651"},{"taxonomy":"product_tag","embeddable":true,"href":"https:\/\/www.pewne.eu\/index.php\/wp-json\/wp\/v2\/product_tag?post=1651"}],"curies":[{"name":"wp","href":"https:\/\/api.w.org\/{rel}","templated":true}]}}